{"id":9079,"date":"2025-02-05T13:06:34","date_gmt":"2025-02-05T05:06:34","guid":{"rendered":"https:\/\/www.cars-in-china.com\/?post_type=product&#038;p=9079"},"modified":"2025-02-08T17:12:16","modified_gmt":"2025-02-08T09:12:16","slug":"2021-chang-an-eado-ev460-2","status":"publish","type":"product","link":"https:\/\/www.cars-in-china.com\/vi\/2021-chang-an-eado-ev460-2\/","title":{"rendered":"2021 Tr\u01b0\u1eddng An Eado EV460"},"content":{"rendered":"<p><span style=\"vertical-align: inherit;\"><span style=\"vertical-align: inherit;\"><span style=\"vertical-align: inherit;\"><span style=\"vertical-align: inherit;\">Changan Eado EV460 2021 l\u00e0 m\u1ed9t chi\u1ebfc xe sedan \u0111\u01b0\u1ee3c b\u00e1n b\u1edfi DUDU NEV (\u0111\u1ea1i l\u00fd \u1ee7y quy\u1ec1n ch\u00ednh th\u1ee9c c\u1ee7a Changan), m\u1ed9t nh\u00e0 xu\u1ea5t kh\u1ea9u xe \u0111i\u1ec7n Trung Qu\u1ed1c. Chi\u1ebfc xe \u1edf trong t\u00ecnh tr\u1ea1ng t\u1ed1t v\u1edbi qu\u00e3ng \u0111\u01b0\u1eddng \u0111i \u0111\u01b0\u1ee3c r\u1ea5t th\u1ea5p, kho\u1ea3ng 60.000-100.000 km. Kh\u00f4ng c\u00f3 tai n\u1ea1n, c\u00f3 b\u00e1o c\u00e1o ki\u1ec3m tra. C\u00f3 400 chi\u1ebfc trong kho v\u00e0 c\u00f3 th\u1ec3 \u0111\u01b0\u1ee3c giao trong v\u00f2ng 3 ng\u00e0y. Chi\u1ebfc xe \u0111\u01b0\u1ee3c trang b\u1ecb c\u1eeda s\u1ed5 tr\u1eddi \u0111i\u1ec7n c\u00f3 th\u1ec3 m\u1edf. N\u00f3 \u0111ang b\u00e1n ch\u1ea1y tr\u00ean to\u00e0n th\u1ebf gi\u1edbi.<\/span><\/span><\/span><\/span><\/p>\n<p>&nbsp;<\/p>","protected":false},"excerpt":{"rendered":"<p>Changan Eado EV460 2021 l\u00e0 m\u1eabu sedan \u0111\u01b0\u1ee3c ph\u00e2n ph\u1ed1i b\u1edfi DUDU NEV (\u0111\u1ea1i l\u00fd \u1ee7y quy\u1ec1n ch\u00ednh th\u1ee9c c\u1ee7a Changan), m\u1ed9t nh\u00e0 xu\u1ea5t kh\u1ea9u xe \u0111i\u1ec7n Trung Qu\u1ed1c. Xe \u0111ang trong t\u00ecnh tr\u1ea1ng t\u1ed1t, s\u1ed1 km \u0111\u00e3 \u0111i r\u1ea5t \u00edt, kho\u1ea3ng 60.000-100.000 km. Kh\u00f4ng tai n\u1ea1n, c\u00f3 bi\u00ean b\u1ea3n ki\u1ec3m tra. Hi\u1ec7n c\u00f3 400 xe trong kho v\u00e0 c\u00f3 th\u1ec3 giao h\u00e0ng trong v\u00f2ng 3 ng\u00e0y. [\u2026]<\/p>","protected":false},"featured_media":9080,"comment_status":"closed","ping_status":"closed","template":"","meta":{"_acf_changed":false},"product_brand":[],"product_cat":[21,47],"product_tag":[],"class_list":{"0":"post-9079","1":"product","2":"type-product","3":"status-publish","4":"has-post-thumbnail","6":"product_cat-used-car","7":"product_cat-used-changan","9":"first","10":"instock","11":"shipping-taxable","12":"purchasable","13":"product-type-simple"},"acf":[],"_links":{"self":[{"href":"https:\/\/www.cars-in-china.com\/vi\/wp-json\/wp\/v2\/product\/9079","targetHints":{"allow":["GET"]}}],"collection":[{"href":"https:\/\/www.cars-in-china.com\/vi\/wp-json\/wp\/v2\/product"}],"about":[{"href":"https:\/\/www.cars-in-china.com\/vi\/wp-json\/wp\/v2\/types\/product"}],"replies":[{"embeddable":true,"href":"https:\/\/www.cars-in-china.com\/vi\/wp-json\/wp\/v2\/comments?post=9079"}],"wp:featuredmedia":[{"embeddable":true,"href":"https:\/\/www.cars-in-china.com\/vi\/wp-json\/wp\/v2\/media\/9080"}],"wp:attachment":[{"href":"https:\/\/www.cars-in-china.com\/vi\/wp-json\/wp\/v2\/media?parent=9079"}],"wp:term":[{"taxonomy":"product_brand","embeddable":true,"href":"https:\/\/www.cars-in-china.com\/vi\/wp-json\/wp\/v2\/product_brand?post=9079"},{"taxonomy":"product_cat","embeddable":true,"href":"https:\/\/www.cars-in-china.com\/vi\/wp-json\/wp\/v2\/product_cat?post=9079"},{"taxonomy":"product_tag","embeddable":true,"href":"https:\/\/www.cars-in-china.com\/vi\/wp-json\/wp\/v2\/product_tag?post=9079"}],"curies":[{"name":"wp","href":"https:\/\/api.w.org\/{rel}","templated":true}]}}