{"id":7721,"date":"2024-08-07T09:10:40","date_gmt":"2024-08-07T09:10:40","guid":{"rendered":"https:\/\/www.cars-in-china.com\/?post_type=product&#038;p=7721"},"modified":"2024-08-08T07:09:02","modified_gmt":"2024-08-08T07:09:02","slug":"2023-mercedes-benz-eqe-suv","status":"publish","type":"product","link":"https:\/\/www.cars-in-china.com\/vi\/2023-mercedes-benz-eqe-suv\/","title":{"rendered":"Xe SUV Mercedes-Benz EQE 2023"},"content":{"rendered":"<p>Xe SUV Mercedes-Benz EQE 2023 l\u00e0 xe SUV \u0111\u01b0\u1ee3c b\u00e1n b\u1edfi nh\u00e0 xu\u1ea5t kh\u1ea9u xe \u0111i\u1ec7n Trung Qu\u1ed1c DUDU NEV (\u0111\u1ea1i l\u00fd \u1ee7y quy\u1ec1n ch\u00ednh th\u1ee9c c\u1ee7a Mercedes-Benz). DUDU NEV c\u00f3 \u0111\u1ee7 \u0111i\u1ec1u ki\u1ec7n xu\u1ea5t kh\u1ea9u chuy\u00ean nghi\u1ec7p, \u0111\u1ee7 \u0111i\u1ec1u ki\u1ec7n ho\u00e0n ch\u1ec9nh v\u00e0 th\u1ee7 t\u1ee5c xu\u1ea5t kh\u1ea9u thu\u1eadn ti\u1ec7n v\u00e0 l\u00e0 \u0111\u01a1n v\u1ecb th\u00ed \u0111i\u1ec3m xu\u1ea5t kh\u1ea9u \u00f4 t\u00f4 \u0111\u01b0\u1ee3c B\u1ed9 Th\u01b0\u01a1ng m\u1ea1i ph\u00ea duy\u1ec7t. Xe trong t\u00ecnh tr\u1ea1ng t\u1ed1t v\u1edbi s\u1ed1 km r\u1ea5t th\u1ea5p kho\u1ea3ng 10.000-60.000 km. Xe kh\u00f4ng b\u1ecb tai n\u1ea1n v\u00e0 c\u00f3 b\u00e1o c\u00e1o ki\u1ec3m tra. Hi\u1ec7n c\u00f3 kho\u1ea3ng 100 xe trong kho c\u00f3 th\u1ec3 giao h\u00e0ng trong 3 ng\u00e0y. Xe \u0111ang \u0111\u01b0\u1ee3c b\u00e1n ch\u1ea1y tr\u00ean to\u00e0n th\u1ebf gi\u1edbi.<\/p>","protected":false},"excerpt":{"rendered":"<p>Xe SUV Mercedes-Benz EQE 2023 l\u00e0 xe SUV \u0111\u01b0\u1ee3c b\u00e1n b\u1edfi nh\u00e0 xu\u1ea5t kh\u1ea9u xe \u0111i\u1ec7n Trung Qu\u1ed1c DUDU NEV (\u0111\u1ea1i l\u00fd \u1ee7y quy\u1ec1n ch\u00ednh th\u1ee9c c\u1ee7a Mercedes-Benz). DUDU NEV c\u00f3 \u0111\u1ee7 \u0111i\u1ec1u ki\u1ec7n xu\u1ea5t kh\u1ea9u chuy\u00ean nghi\u1ec7p, \u0111\u1ea7y \u0111\u1ee7 gi\u1ea5y t\u1edd v\u00e0 th\u1ee7 t\u1ee5c xu\u1ea5t kh\u1ea9u thu\u1eadn ti\u1ec7n, \u0111\u1ed3ng th\u1eddi l\u00e0 \u0111\u01a1n v\u1ecb th\u00ed \u0111i\u1ec3m xu\u1ea5t kh\u1ea9u \u00f4 t\u00f4 \u0111\u01b0\u1ee3c B\u1ed9 Th\u01b0\u01a1ng m\u1ea1i ph\u00ea duy\u1ec7t. Xe \u0111ang trong t\u00ecnh tr\u1ea1ng t\u1ed1t v\u1edbi s\u1ed1 km r\u1ea5t th\u1ea5p, kho\u1ea3ng 10.000-60.000 km. N\u00f3 [\u2026]<\/p>","protected":false},"featured_media":6807,"comment_status":"open","ping_status":"closed","template":"","meta":{"_acf_changed":false},"product_brand":[],"product_cat":[21,72],"product_tag":[],"class_list":{"0":"post-7721","1":"product","2":"type-product","3":"status-publish","4":"has-post-thumbnail","6":"product_cat-used-car","7":"product_cat-used-mercedes-benz","9":"first","10":"instock","11":"shipping-taxable","12":"purchasable","13":"product-type-simple"},"acf":[],"_links":{"self":[{"href":"https:\/\/www.cars-in-china.com\/vi\/wp-json\/wp\/v2\/product\/7721","targetHints":{"allow":["GET"]}}],"collection":[{"href":"https:\/\/www.cars-in-china.com\/vi\/wp-json\/wp\/v2\/product"}],"about":[{"href":"https:\/\/www.cars-in-china.com\/vi\/wp-json\/wp\/v2\/types\/product"}],"replies":[{"embeddable":true,"href":"https:\/\/www.cars-in-china.com\/vi\/wp-json\/wp\/v2\/comments?post=7721"}],"wp:featuredmedia":[{"embeddable":true,"href":"https:\/\/www.cars-in-china.com\/vi\/wp-json\/wp\/v2\/media\/6807"}],"wp:attachment":[{"href":"https:\/\/www.cars-in-china.com\/vi\/wp-json\/wp\/v2\/media?parent=7721"}],"wp:term":[{"taxonomy":"product_brand","embeddable":true,"href":"https:\/\/www.cars-in-china.com\/vi\/wp-json\/wp\/v2\/product_brand?post=7721"},{"taxonomy":"product_cat","embeddable":true,"href":"https:\/\/www.cars-in-china.com\/vi\/wp-json\/wp\/v2\/product_cat?post=7721"},{"taxonomy":"product_tag","embeddable":true,"href":"https:\/\/www.cars-in-china.com\/vi\/wp-json\/wp\/v2\/product_tag?post=7721"}],"curies":[{"name":"wp","href":"https:\/\/api.w.org\/{rel}","templated":true}]}}