{"id":6260,"date":"2024-07-19T06:49:58","date_gmt":"2024-07-19T06:49:58","guid":{"rendered":"https:\/\/www.cars-in-china.com\/?post_type=product&#038;p=6260"},"modified":"2024-09-06T06:49:31","modified_gmt":"2024-09-06T06:49:31","slug":"2024-changan-em60","status":"publish","type":"product","link":"https:\/\/www.cars-in-china.com\/vi\/2024-changan-em60\/","title":{"rendered":"2024 TR\u01af\u1edcNG AN EM60"},"content":{"rendered":"<p>2024 CHANGAN EM60 l\u00e0 xe th\u01b0\u01a1ng m\u1ea1i \u0111\u01b0\u1ee3c b\u00e1n b\u1edfi nh\u00e0 xu\u1ea5t kh\u1ea9u \u00f4 t\u00f4 \u0111i\u1ec7n Trung Qu\u1ed1c DUDU NEV (\u0111\u1ea1i l\u00fd \u1ee7y quy\u1ec1n ch\u00ednh th\u1ee9c c\u1ee7a CHANGAN). DUDU NEV c\u00f3 \u0111\u1ee7 \u0111i\u1ec1u ki\u1ec7n xu\u1ea5t kh\u1ea9u chuy\u00ean nghi\u1ec7p, \u0111\u1ee7 \u0111i\u1ec1u ki\u1ec7n ho\u00e0n ch\u1ec9nh v\u00e0 th\u1ee7 t\u1ee5c xu\u1ea5t kh\u1ea9u thu\u1eadn ti\u1ec7n v\u00e0 l\u00e0 \u0111\u01a1n v\u1ecb th\u00ed \u0111i\u1ec3m xu\u1ea5t kh\u1ea9u \u00f4 t\u00f4 \u0111\u01b0\u1ee3c B\u1ed9 Th\u01b0\u01a1ng m\u1ea1i ph\u00ea duy\u1ec7t. Hi\u1ec7n c\u00f3 30 xe trong kho c\u00f3 s\u1eb5n \u0111\u1ec3 giao h\u00e0ng trong 3 ng\u00e0y v\u00e0 t\u1ed1c \u0111\u1ed9 giao h\u00e0ng nhanh. Chi\u1ebfc xe n\u00e0y \u0111ang \u0111\u01b0\u1ee3c b\u00e1n ch\u1ea1y tr\u00ean to\u00e0n th\u1ebf gi\u1edbi.<\/p>","protected":false},"excerpt":{"rendered":"<p>Xe th\u01b0\u01a1ng m\u1ea1i CHANGAN EM60 2024 \u0111\u01b0\u1ee3c ph\u00e2n ph\u1ed1i b\u1edfi nh\u00e0 xu\u1ea5t kh\u1ea9u xe \u0111i\u1ec7n Trung Qu\u1ed1c DUDU NEV (\u0111\u1ea1i l\u00fd \u1ee7y quy\u1ec1n ch\u00ednh th\u1ee9c c\u1ee7a CHANGAN). DUDU NEV c\u00f3 \u0111\u1ee7 \u0111i\u1ec1u ki\u1ec7n xu\u1ea5t kh\u1ea9u chuy\u00ean nghi\u1ec7p, \u0111\u1ea7y \u0111\u1ee7 gi\u1ea5y t\u1edd v\u00e0 th\u1ee7 t\u1ee5c xu\u1ea5t kh\u1ea9u thu\u1eadn ti\u1ec7n, \u0111\u1ed3ng th\u1eddi l\u00e0 \u0111\u01a1n v\u1ecb th\u00ed \u0111i\u1ec3m xu\u1ea5t kh\u1ea9u \u00f4 t\u00f4 \u0111\u01b0\u1ee3c B\u1ed9 Th\u01b0\u01a1ng m\u1ea1i ph\u00ea duy\u1ec7t. Hi\u1ec7n c\u00f3 kho\u1ea3ng 30 xe trong kho \u0111\u1ec3 [\u2026]<\/p>","protected":false},"featured_media":6224,"comment_status":"open","ping_status":"closed","template":"","meta":{"_acf_changed":false},"product_brand":[],"product_cat":[20,23],"product_tag":[],"class_list":{"0":"post-6260","1":"product","2":"type-product","3":"status-publish","4":"has-post-thumbnail","6":"product_cat-new-car","7":"product_cat-changan","9":"first","10":"instock","11":"shipping-taxable","12":"purchasable","13":"product-type-simple"},"acf":[],"_links":{"self":[{"href":"https:\/\/www.cars-in-china.com\/vi\/wp-json\/wp\/v2\/product\/6260","targetHints":{"allow":["GET"]}}],"collection":[{"href":"https:\/\/www.cars-in-china.com\/vi\/wp-json\/wp\/v2\/product"}],"about":[{"href":"https:\/\/www.cars-in-china.com\/vi\/wp-json\/wp\/v2\/types\/product"}],"replies":[{"embeddable":true,"href":"https:\/\/www.cars-in-china.com\/vi\/wp-json\/wp\/v2\/comments?post=6260"}],"wp:featuredmedia":[{"embeddable":true,"href":"https:\/\/www.cars-in-china.com\/vi\/wp-json\/wp\/v2\/media\/6224"}],"wp:attachment":[{"href":"https:\/\/www.cars-in-china.com\/vi\/wp-json\/wp\/v2\/media?parent=6260"}],"wp:term":[{"taxonomy":"product_brand","embeddable":true,"href":"https:\/\/www.cars-in-china.com\/vi\/wp-json\/wp\/v2\/product_brand?post=6260"},{"taxonomy":"product_cat","embeddable":true,"href":"https:\/\/www.cars-in-china.com\/vi\/wp-json\/wp\/v2\/product_cat?post=6260"},{"taxonomy":"product_tag","embeddable":true,"href":"https:\/\/www.cars-in-china.com\/vi\/wp-json\/wp\/v2\/product_tag?post=6260"}],"curies":[{"name":"wp","href":"https:\/\/api.w.org\/{rel}","templated":true}]}}