{"id":4776,"date":"2024-07-08T03:06:40","date_gmt":"2024-07-08T03:06:40","guid":{"rendered":"https:\/\/www.cars-in-china.com\/?post_type=product&#038;p=4776"},"modified":"2024-09-10T08:00:49","modified_gmt":"2024-09-10T08:00:49","slug":"2024-leapmotor-c01-ev","status":"publish","type":"product","link":"https:\/\/www.cars-in-china.com\/vi\/2024-leapmotor-c01-ev\/","title":{"rendered":"Xe \u0111i\u1ec7n Leapmotor C01 2024"},"content":{"rendered":"<p>Leapmotor C01 EV 2024 l\u00e0 m\u1eabu xe mini \u0111\u01b0\u1ee3c b\u00e1n b\u1edfi nh\u00e0 xu\u1ea5t kh\u1ea9u xe \u0111i\u1ec7n Trung Qu\u1ed1c DUDU NEV (\u0111\u1ea1i l\u00fd \u1ee7y quy\u1ec1n ch\u00ednh th\u1ee9c c\u1ee7a Leapmotor). DUDU NEV c\u00f3 \u0111\u1ee7 \u0111i\u1ec1u ki\u1ec7n xu\u1ea5t kh\u1ea9u chuy\u00ean nghi\u1ec7p, \u0111\u1ee7 \u0111i\u1ec1u ki\u1ec7n ho\u00e0n ch\u1ec9nh v\u00e0 th\u1ee7 t\u1ee5c xu\u1ea5t kh\u1ea9u thu\u1eadn ti\u1ec7n, \u0111\u1ed3ng th\u1eddi l\u00e0 \u0111\u01a1n v\u1ecb th\u00ed \u0111i\u1ec3m xu\u1ea5t kh\u1ea9u \u00f4 t\u00f4 \u0111\u01b0\u1ee3c B\u1ed9 Th\u01b0\u01a1ng m\u1ea1i ph\u00ea duy\u1ec7t. Hi\u1ec7n t\u1ea1i c\u00f3 kho\u1ea3ng 300 xe trong kho c\u00f3 th\u1ec3 giao h\u00e0ng trong 3 ng\u00e0y v\u00e0 t\u1ed1c \u0111\u1ed9 giao h\u00e0ng nhanh. Chi\u1ebfc xe n\u00e0y \u0111ang \u0111\u01b0\u1ee3c b\u00e1n ch\u1ea1y tr\u00ean to\u00e0n th\u1ebf gi\u1edbi.<\/p>","protected":false},"excerpt":{"rendered":"<p>Leapmotor C01 EV 2024 l\u00e0 m\u1eabu xe mini \u0111\u01b0\u1ee3c b\u00e1n b\u1edfi nh\u00e0 xu\u1ea5t kh\u1ea9u xe \u0111i\u1ec7n Trung Qu\u1ed1c DUDU NEV (\u0111\u1ea1i l\u00fd \u1ee7y quy\u1ec1n ch\u00ednh th\u1ee9c c\u1ee7a Leapmotor). DUDU NEV c\u00f3 \u0111\u1ee7 \u0111i\u1ec1u ki\u1ec7n xu\u1ea5t kh\u1ea9u chuy\u00ean nghi\u1ec7p, \u0111\u1ee7 \u0111i\u1ec1u ki\u1ec7n ho\u00e0n ch\u1ec9nh v\u00e0 th\u1ee7 t\u1ee5c xu\u1ea5t kh\u1ea9u thu\u1eadn ti\u1ec7n, \u0111\u1ed3ng th\u1eddi l\u00e0 \u0111\u01a1n v\u1ecb th\u00ed \u0111i\u1ec3m xu\u1ea5t kh\u1ea9u \u00f4 t\u00f4 \u0111\u01b0\u1ee3c B\u1ed9 Th\u01b0\u01a1ng m\u1ea1i ph\u00ea duy\u1ec7t. Hi\u1ec7n t\u1ea1i c\u00f3 kho\u1ea3ng 300 xe trong kho, c\u00f3 th\u1ec3 giao h\u00e0ng trong 3 ng\u00e0y v\u00e0 [\u2026]<\/p>","protected":false},"featured_media":4385,"comment_status":"open","ping_status":"closed","template":"","meta":{"_acf_changed":false},"product_brand":[],"product_cat":[20,35],"product_tag":[],"class_list":{"0":"post-4776","1":"product","2":"type-product","3":"status-publish","4":"has-post-thumbnail","6":"product_cat-new-car","7":"product_cat-leapmotor","9":"first","10":"instock","11":"shipping-taxable","12":"purchasable","13":"product-type-simple"},"acf":[],"_links":{"self":[{"href":"https:\/\/www.cars-in-china.com\/vi\/wp-json\/wp\/v2\/product\/4776","targetHints":{"allow":["GET"]}}],"collection":[{"href":"https:\/\/www.cars-in-china.com\/vi\/wp-json\/wp\/v2\/product"}],"about":[{"href":"https:\/\/www.cars-in-china.com\/vi\/wp-json\/wp\/v2\/types\/product"}],"replies":[{"embeddable":true,"href":"https:\/\/www.cars-in-china.com\/vi\/wp-json\/wp\/v2\/comments?post=4776"}],"wp:featuredmedia":[{"embeddable":true,"href":"https:\/\/www.cars-in-china.com\/vi\/wp-json\/wp\/v2\/media\/4385"}],"wp:attachment":[{"href":"https:\/\/www.cars-in-china.com\/vi\/wp-json\/wp\/v2\/media?parent=4776"}],"wp:term":[{"taxonomy":"product_brand","embeddable":true,"href":"https:\/\/www.cars-in-china.com\/vi\/wp-json\/wp\/v2\/product_brand?post=4776"},{"taxonomy":"product_cat","embeddable":true,"href":"https:\/\/www.cars-in-china.com\/vi\/wp-json\/wp\/v2\/product_cat?post=4776"},{"taxonomy":"product_tag","embeddable":true,"href":"https:\/\/www.cars-in-china.com\/vi\/wp-json\/wp\/v2\/product_tag?post=4776"}],"curies":[{"name":"wp","href":"https:\/\/api.w.org\/{rel}","templated":true}]}}