{"id":3438,"date":"2024-06-24T10:04:39","date_gmt":"2024-06-24T10:04:39","guid":{"rendered":"https:\/\/www.cars-in-china.com\/?post_type=product&#038;p=3438"},"modified":"2024-08-14T06:02:50","modified_gmt":"2024-08-14T06:02:50","slug":"2023-avitar-11","status":"publish","type":"product","link":"https:\/\/www.cars-in-china.com\/vi\/2023-avitar-11\/","title":{"rendered":"2023 AVITAR11"},"content":{"rendered":"<p>2023 AVITAR 11 l\u00e0 m\u1ed9t chi\u1ebfc SUV \u0111\u01b0\u1ee3c b\u00e1n b\u1edfi nh\u00e0 xu\u1ea5t kh\u1ea9u xe \u0111i\u1ec7n Trung Qu\u1ed1c DUDU NEV (\u0111\u1ea1i l\u00fd \u1ee7y quy\u1ec1n ch\u00ednh th\u1ee9c c\u1ee7a AVITAR). DUDU NEV c\u00f3 tr\u00ecnh \u0111\u1ed9 xu\u1ea5t kh\u1ea9u chuy\u00ean nghi\u1ec7p, tr\u00ecnh \u0111\u1ed9 \u0111\u1ea7y \u0111\u1ee7 v\u00e0 th\u1ee7 t\u1ee5c xu\u1ea5t kh\u1ea9u thu\u1eadn ti\u1ec7n. \u0110\u00e2y l\u00e0 \u0111\u01a1n v\u1ecb th\u00ed \u0111i\u1ec3m xu\u1ea5t kh\u1ea9u \u00f4 t\u00f4 \u0111\u01b0\u1ee3c B\u1ed9 Th\u01b0\u01a1ng m\u1ea1i ph\u00ea duy\u1ec7t. Hi\u1ec7n c\u00f3 400 chi\u1ebfc trong kho v\u1ec1 chi\u1ebfc xe c\u00f3 th\u1ec3 giao h\u00e0ng trong 3 ng\u00e0y v\u00e0 t\u1ed1c \u0111\u1ed9 giao h\u00e0ng nhanh. Chi\u1ebfc xe \u0111ang \u0111\u01b0\u1ee3c b\u00e1n ch\u1ea1y tr\u00ean to\u00e0n th\u1ebf gi\u1edbi.<\/p>\n<p>&nbsp;<\/p>","protected":false},"excerpt":{"rendered":"<p>AVITAR 11 2023 l\u00e0 m\u1eabu SUV \u0111\u01b0\u1ee3c b\u00e1n b\u1edfi nh\u00e0 xu\u1ea5t kh\u1ea9u xe \u0111i\u1ec7n Trung Qu\u1ed1c DUDU NEV (\u0111\u1ea1i l\u00fd \u1ee7y quy\u1ec1n ch\u00ednh th\u1ee9c c\u1ee7a AVITAR). DUDU NEV c\u00f3 \u0111\u1ea7y \u0111\u1ee7 t\u01b0 c\u00e1ch xu\u1ea5t kh\u1ea9u chuy\u00ean nghi\u1ec7p, gi\u1ea5y ph\u00e9p \u0111\u1ea7y \u0111\u1ee7 v\u00e0 th\u1ee7 t\u1ee5c xu\u1ea5t kh\u1ea9u thu\u1eadn ti\u1ec7n. \u0110\u00e2y l\u00e0 \u0111\u01a1n v\u1ecb th\u00ed \u0111i\u1ec3m xu\u1ea5t kh\u1ea9u \u00f4 t\u00f4 \u0111\u01b0\u1ee3c B\u1ed9 Th\u01b0\u01a1ng m\u1ea1i ph\u00ea duy\u1ec7t. Hi\u1ec7n c\u00f3 kho\u1ea3ng 400 chi\u1ebfc xe trong kho, c\u00f3 th\u1ec3 giao h\u00e0ng trong v\u00f2ng 3 ng\u00e0y [\u2026]<\/p>","protected":false},"featured_media":2217,"comment_status":"open","ping_status":"closed","template":"","meta":{"_acf_changed":false},"product_brand":[],"product_cat":[21,58],"product_tag":[],"class_list":{"0":"post-3438","1":"product","2":"type-product","3":"status-publish","4":"has-post-thumbnail","6":"product_cat-used-car","7":"product_cat-used-avatr","9":"first","10":"instock","11":"shipping-taxable","12":"purchasable","13":"product-type-simple"},"acf":[],"_links":{"self":[{"href":"https:\/\/www.cars-in-china.com\/vi\/wp-json\/wp\/v2\/product\/3438","targetHints":{"allow":["GET"]}}],"collection":[{"href":"https:\/\/www.cars-in-china.com\/vi\/wp-json\/wp\/v2\/product"}],"about":[{"href":"https:\/\/www.cars-in-china.com\/vi\/wp-json\/wp\/v2\/types\/product"}],"replies":[{"embeddable":true,"href":"https:\/\/www.cars-in-china.com\/vi\/wp-json\/wp\/v2\/comments?post=3438"}],"wp:featuredmedia":[{"embeddable":true,"href":"https:\/\/www.cars-in-china.com\/vi\/wp-json\/wp\/v2\/media\/2217"}],"wp:attachment":[{"href":"https:\/\/www.cars-in-china.com\/vi\/wp-json\/wp\/v2\/media?parent=3438"}],"wp:term":[{"taxonomy":"product_brand","embeddable":true,"href":"https:\/\/www.cars-in-china.com\/vi\/wp-json\/wp\/v2\/product_brand?post=3438"},{"taxonomy":"product_cat","embeddable":true,"href":"https:\/\/www.cars-in-china.com\/vi\/wp-json\/wp\/v2\/product_cat?post=3438"},{"taxonomy":"product_tag","embeddable":true,"href":"https:\/\/www.cars-in-china.com\/vi\/wp-json\/wp\/v2\/product_tag?post=3438"}],"curies":[{"name":"wp","href":"https:\/\/api.w.org\/{rel}","templated":true}]}}