{"id":3251,"date":"2024-06-21T07:52:34","date_gmt":"2024-06-21T07:52:34","guid":{"rendered":"https:\/\/www.cars-in-china.com\/?post_type=product&#038;p=3251"},"modified":"2024-09-05T09:00:24","modified_gmt":"2024-09-05T09:00:24","slug":"2024-aion-s","status":"publish","type":"product","link":"https:\/\/www.cars-in-china.com\/vi\/2024-aion-s\/","title":{"rendered":"2024 AION S"},"content":{"rendered":"<p>2024 AION S l\u00e0 xe sedan do nh\u00e0 xu\u1ea5t kh\u1ea9u xe \u0111i\u1ec7n Trung Qu\u1ed1c DUDU NEV (\u0111\u1ea1i l\u00fd \u1ee7y quy\u1ec1n ch\u00ednh th\u1ee9c c\u1ee7a AION) b\u00e1n ra. DUDU NEV c\u00f3 tr\u00ecnh \u0111\u1ed9 xu\u1ea5t kh\u1ea9u chuy\u00ean nghi\u1ec7p, tr\u00ecnh \u0111\u1ed9 \u0111\u1ea7y \u0111\u1ee7 v\u00e0 th\u1ee7 t\u1ee5c xu\u1ea5t kh\u1ea9u thu\u1eadn ti\u1ec7n. \u0110\u00e2y l\u00e0 \u0111\u01a1n v\u1ecb th\u00ed \u0111i\u1ec3m xu\u1ea5t kh\u1ea9u \u00f4 t\u00f4 \u0111\u01b0\u1ee3c B\u1ed9 Th\u01b0\u01a1ng m\u1ea1i ph\u00ea duy\u1ec7t. Hi\u1ec7n c\u00f3 300 xe trong kho v\u1ec1 xe c\u00f3 th\u1ec3 giao h\u00e0ng trong 3 ng\u00e0y v\u00e0 t\u1ed1c \u0111\u1ed9 giao h\u00e0ng nhanh. Xe \u0111ang b\u00e1n ch\u1ea1y tr\u00ean to\u00e0n th\u1ebf gi\u1edbi.<\/p>\n<p>&nbsp;<\/p>","protected":false},"excerpt":{"rendered":"<p>AION S 2024 l\u00e0 m\u1eabu sedan \u0111\u01b0\u1ee3c b\u00e1n b\u1edfi nh\u00e0 xu\u1ea5t kh\u1ea9u xe \u0111i\u1ec7n Trung Qu\u1ed1c DUDU NEV (\u0111\u1ea1i l\u00fd \u1ee7y quy\u1ec1n ch\u00ednh th\u1ee9c c\u1ee7a AION). DUDU NEV c\u00f3 \u0111\u1ea7y \u0111\u1ee7 t\u01b0 c\u00e1ch xu\u1ea5t kh\u1ea9u chuy\u00ean nghi\u1ec7p, gi\u1ea5y ph\u00e9p \u0111\u1ea7y \u0111\u1ee7 v\u00e0 th\u1ee7 t\u1ee5c xu\u1ea5t kh\u1ea9u thu\u1eadn ti\u1ec7n. \u0110\u00e2y l\u00e0 \u0111\u01a1n v\u1ecb th\u00ed \u0111i\u1ec3m xu\u1ea5t kh\u1ea9u \u00f4 t\u00f4 \u0111\u01b0\u1ee3c B\u1ed9 Th\u01b0\u01a1ng m\u1ea1i ph\u00ea duy\u1ec7t. Hi\u1ec7n c\u00f3 kho\u1ea3ng 300 chi\u1ebfc xe trong kho s\u1eb5n s\u00e0ng \u0111\u1ec3 v\u1eadn chuy\u1ec3n trong 3 ng\u00e0y [\u2026]<\/p>","protected":false},"featured_media":3066,"comment_status":"open","ping_status":"closed","template":"","meta":{"_acf_changed":false},"product_brand":[],"product_cat":[20,36],"product_tag":[],"class_list":{"0":"post-3251","1":"product","2":"type-product","3":"status-publish","4":"has-post-thumbnail","6":"product_cat-new-car","7":"product_cat-aion","9":"first","10":"instock","11":"shipping-taxable","12":"purchasable","13":"product-type-simple"},"acf":[],"_links":{"self":[{"href":"https:\/\/www.cars-in-china.com\/vi\/wp-json\/wp\/v2\/product\/3251","targetHints":{"allow":["GET"]}}],"collection":[{"href":"https:\/\/www.cars-in-china.com\/vi\/wp-json\/wp\/v2\/product"}],"about":[{"href":"https:\/\/www.cars-in-china.com\/vi\/wp-json\/wp\/v2\/types\/product"}],"replies":[{"embeddable":true,"href":"https:\/\/www.cars-in-china.com\/vi\/wp-json\/wp\/v2\/comments?post=3251"}],"wp:featuredmedia":[{"embeddable":true,"href":"https:\/\/www.cars-in-china.com\/vi\/wp-json\/wp\/v2\/media\/3066"}],"wp:attachment":[{"href":"https:\/\/www.cars-in-china.com\/vi\/wp-json\/wp\/v2\/media?parent=3251"}],"wp:term":[{"taxonomy":"product_brand","embeddable":true,"href":"https:\/\/www.cars-in-china.com\/vi\/wp-json\/wp\/v2\/product_brand?post=3251"},{"taxonomy":"product_cat","embeddable":true,"href":"https:\/\/www.cars-in-china.com\/vi\/wp-json\/wp\/v2\/product_cat?post=3251"},{"taxonomy":"product_tag","embeddable":true,"href":"https:\/\/www.cars-in-china.com\/vi\/wp-json\/wp\/v2\/product_tag?post=3251"}],"curies":[{"name":"wp","href":"https:\/\/api.w.org\/{rel}","templated":true}]}}