{"id":2940,"date":"2024-06-19T07:00:58","date_gmt":"2024-06-19T07:00:58","guid":{"rendered":"https:\/\/www.cars-in-china.com\/?post_type=product&#038;p=2940"},"modified":"2024-09-02T06:39:37","modified_gmt":"2024-09-02T06:39:37","slug":"2022-id-6-pro","status":"publish","type":"product","link":"https:\/\/www.cars-in-china.com\/vi\/2022-id-6-pro\/","title":{"rendered":"2022 ID.6 PRO"},"content":{"rendered":"<p>2022 ID.6 PRO l\u00e0 m\u1ed9t chi\u1ebfc SUV \u0111\u01b0\u1ee3c b\u00e1n b\u1edfi nh\u00e0 xu\u1ea5t kh\u1ea9u xe \u0111i\u1ec7n Trung Qu\u1ed1c DUDU NEV (\u0111\u1ea1i l\u00fd \u1ee7y quy\u1ec1n ch\u00ednh th\u1ee9c c\u1ee7a Volkswagen). Chi\u1ebfc xe \u1edf trong t\u00ecnh tr\u1ea1ng t\u1ed1t v\u1edbi qu\u00e3ng \u0111\u01b0\u1eddng \u0111i \u0111\u01b0\u1ee3c r\u1ea5t th\u1ea5p kho\u1ea3ng 10.000-60.000 km. Kh\u00f4ng ph\u1ea3i l\u00e0 tai n\u1ea1n v\u00e0 c\u00f3 b\u00e1o c\u00e1o ki\u1ec3m tra. Hi\u1ec7n c\u00f3 400 chi\u1ebfc trong kho v\u1ec1 chi\u1ebfc xe c\u00f3 th\u1ec3 giao h\u00e0ng trong 3 ng\u00e0y. Chi\u1ebfc xe \u0111\u01b0\u1ee3c trang b\u1ecb h\u00ecnh \u1ea3nh to\u00e0n c\u1ea3nh 360 \u0111\u1ed9. N\u00f3 \u0111ang b\u00e1n ch\u1ea1y tr\u00ean to\u00e0n th\u1ebf gi\u1edbi.<\/p>","protected":false},"excerpt":{"rendered":"<p>ID.6 PRO 2022 l\u00e0 m\u1eabu SUV \u0111\u01b0\u1ee3c b\u00e1n b\u1edfi nh\u00e0 xu\u1ea5t kh\u1ea9u xe \u0111i\u1ec7n Trung Qu\u1ed1c DUDU NEV (\u0111\u1ea1i l\u00fd \u1ee7y quy\u1ec1n ch\u00ednh th\u1ee9c c\u1ee7a Volkswagen). Xe \u1edf t\u00ecnh tr\u1ea1ng t\u1ed1t v\u1edbi s\u1ed1 km \u0111\u00e3 \u0111i r\u1ea5t th\u1ea5p, kho\u1ea3ng 10.000-60.000 km. Xe kh\u00f4ng b\u1ecb tai n\u1ea1n v\u00e0 c\u00f3 b\u00e1o c\u00e1o ki\u1ec3m \u0111\u1ecbnh. Hi\u1ec7n c\u00f3 kho\u1ea3ng 400 chi\u1ebfc trong kho, s\u1eb5n s\u00e0ng giao h\u00e0ng trong 3 ng\u00e0y. Xe [\u2026]<\/p>","protected":false},"featured_media":2820,"comment_status":"open","ping_status":"closed","template":"","meta":{"_acf_changed":false},"product_brand":[],"product_cat":[21,44],"product_tag":[],"class_list":{"0":"post-2940","1":"product","2":"type-product","3":"status-publish","4":"has-post-thumbnail","6":"product_cat-used-car","7":"product_cat-used-volkswagen","9":"first","10":"instock","11":"shipping-taxable","12":"purchasable","13":"product-type-simple"},"acf":[],"_links":{"self":[{"href":"https:\/\/www.cars-in-china.com\/vi\/wp-json\/wp\/v2\/product\/2940","targetHints":{"allow":["GET"]}}],"collection":[{"href":"https:\/\/www.cars-in-china.com\/vi\/wp-json\/wp\/v2\/product"}],"about":[{"href":"https:\/\/www.cars-in-china.com\/vi\/wp-json\/wp\/v2\/types\/product"}],"replies":[{"embeddable":true,"href":"https:\/\/www.cars-in-china.com\/vi\/wp-json\/wp\/v2\/comments?post=2940"}],"wp:featuredmedia":[{"embeddable":true,"href":"https:\/\/www.cars-in-china.com\/vi\/wp-json\/wp\/v2\/media\/2820"}],"wp:attachment":[{"href":"https:\/\/www.cars-in-china.com\/vi\/wp-json\/wp\/v2\/media?parent=2940"}],"wp:term":[{"taxonomy":"product_brand","embeddable":true,"href":"https:\/\/www.cars-in-china.com\/vi\/wp-json\/wp\/v2\/product_brand?post=2940"},{"taxonomy":"product_cat","embeddable":true,"href":"https:\/\/www.cars-in-china.com\/vi\/wp-json\/wp\/v2\/product_cat?post=2940"},{"taxonomy":"product_tag","embeddable":true,"href":"https:\/\/www.cars-in-china.com\/vi\/wp-json\/wp\/v2\/product_tag?post=2940"}],"curies":[{"name":"wp","href":"https:\/\/api.w.org\/{rel}","templated":true}]}}