{"id":1540,"date":"2024-05-24T03:51:56","date_gmt":"2024-05-24T03:51:56","guid":{"rendered":"https:\/\/www.cars-in-china.com\/?post_type=product&#038;p=1540"},"modified":"2024-08-22T03:01:36","modified_gmt":"2024-08-22T03:01:36","slug":"2021-1-2t-toyota-corolla","status":"publish","type":"product","link":"https:\/\/www.cars-in-china.com\/vi\/2021-1-2t-toyota-corolla\/","title":{"rendered":"Toyota Corolla 2021 1.2T"},"content":{"rendered":"<p>Toyota Corolla 1.2T 2021 l\u00e0 m\u1ed9t chi\u1ebfc xe nh\u1ecf g\u1ecdn \u0111\u01b0\u1ee3c b\u00e1n b\u1edfi \u0111\u1ea1i l\u00fd xe \u0111i\u1ec7n Trung Qu\u1ed1c DUDU NEV (\u0111\u1ea1i l\u00fd \u1ee7y quy\u1ec1n ch\u00ednh th\u1ee9c c\u1ee7a Toyota). Chi\u1ebfc xe n\u00e0y \u1edf trong t\u00ecnh tr\u1ea1ng t\u1ed1t v\u1edbi s\u1ed1 km r\u1ea5t th\u1ea5p kho\u1ea3ng 30.000-100.000 km. Kh\u00f4ng ph\u1ea3i tai n\u1ea1n v\u00e0 c\u00f3 b\u00e1o c\u00e1o ki\u1ec3m tra. Hi\u1ec7n c\u00f3 200 chi\u1ebfc trong kho v\u1ec1 chi\u1ebfc xe c\u00f3 th\u1ec3 giao h\u00e0ng trong 3 ng\u00e0y. Chi\u1ebfc xe \u0111\u01b0\u1ee3c trang b\u1ecb c\u1eeda s\u1ed5 tr\u1eddi c\u00f3 th\u1ec3 m\u1edf. N\u00f3 \u0111ang b\u00e1n ch\u1ea1y tr\u00ean to\u00e0n th\u1ebf gi\u1edbi.<\/p>","protected":false},"excerpt":{"rendered":"<p>Toyota Corolla 1.2T 2021 l\u00e0 m\u1ed9t chi\u1ebfc xe nh\u1ecf g\u1ecdn \u0111\u01b0\u1ee3c ph\u00e2n ph\u1ed1i b\u1edfi \u0111\u1ea1i l\u00fd xe \u0111i\u1ec7n Trung Qu\u1ed1c DUDU NEV (\u0111\u1ea1i l\u00fd \u1ee7y quy\u1ec1n ch\u00ednh th\u1ee9c c\u1ee7a Toyota). Chi\u1ebfc xe n\u00e0y \u0111ang trong t\u00ecnh tr\u1ea1ng t\u1ed1t v\u1edbi s\u1ed1 km r\u1ea5t th\u1ea5p, kho\u1ea3ng 30.000-100.000 km. Xe kh\u00f4ng b\u1ecb tai n\u1ea1n v\u00e0 c\u00f3 bi\u00ean b\u1ea3n ki\u1ec3m \u0111\u1ecbnh. Hi\u1ec7n c\u00f3 kho\u1ea3ng 200 chi\u1ebfc xe trong kho, s\u1eb5n s\u00e0ng giao h\u00e0ng trong 3 [\u2026]<\/p>","protected":false},"featured_media":1560,"comment_status":"open","ping_status":"closed","template":"","meta":{"_acf_changed":false},"product_brand":[],"product_cat":[21,45],"product_tag":[],"class_list":{"0":"post-1540","1":"product","2":"type-product","3":"status-publish","4":"has-post-thumbnail","6":"product_cat-used-car","7":"product_cat-used-toyota","9":"first","10":"instock","11":"shipping-taxable","12":"purchasable","13":"product-type-simple"},"acf":[],"_links":{"self":[{"href":"https:\/\/www.cars-in-china.com\/vi\/wp-json\/wp\/v2\/product\/1540","targetHints":{"allow":["GET"]}}],"collection":[{"href":"https:\/\/www.cars-in-china.com\/vi\/wp-json\/wp\/v2\/product"}],"about":[{"href":"https:\/\/www.cars-in-china.com\/vi\/wp-json\/wp\/v2\/types\/product"}],"replies":[{"embeddable":true,"href":"https:\/\/www.cars-in-china.com\/vi\/wp-json\/wp\/v2\/comments?post=1540"}],"wp:featuredmedia":[{"embeddable":true,"href":"https:\/\/www.cars-in-china.com\/vi\/wp-json\/wp\/v2\/media\/1560"}],"wp:attachment":[{"href":"https:\/\/www.cars-in-china.com\/vi\/wp-json\/wp\/v2\/media?parent=1540"}],"wp:term":[{"taxonomy":"product_brand","embeddable":true,"href":"https:\/\/www.cars-in-china.com\/vi\/wp-json\/wp\/v2\/product_brand?post=1540"},{"taxonomy":"product_cat","embeddable":true,"href":"https:\/\/www.cars-in-china.com\/vi\/wp-json\/wp\/v2\/product_cat?post=1540"},{"taxonomy":"product_tag","embeddable":true,"href":"https:\/\/www.cars-in-china.com\/vi\/wp-json\/wp\/v2\/product_tag?post=1540"}],"curies":[{"name":"wp","href":"https:\/\/api.w.org\/{rel}","templated":true}]}}