{"id":13025,"date":"2025-04-16T15:06:29","date_gmt":"2025-04-16T07:06:29","guid":{"rendered":"https:\/\/www.cars-in-china.com\/?post_type=product&#038;p=13025"},"modified":"2025-04-16T15:11:38","modified_gmt":"2025-04-16T07:11:38","slug":"2025-vw-t-roc-tango","status":"publish","type":"product","link":"https:\/\/www.cars-in-china.com\/vi\/2025-vw-t-roc-tango\/","title":{"rendered":"Xe VW T-ROC Tango 2025"},"content":{"rendered":"<p>VW T-ROC Tango 2025 l\u00e0 xe SUV do nh\u00e0 xu\u1ea5t kh\u1ea9u xe \u0111i\u1ec7n Trung Qu\u1ed1c DUDU NEV (\u0111\u1ea1i l\u00fd \u1ee7y quy\u1ec1n ch\u00ednh th\u1ee9c c\u1ee7a VW) b\u00e1n ra. DUDU NEV c\u00f3 \u0111\u1ee7 \u0111i\u1ec1u ki\u1ec7n xu\u1ea5t kh\u1ea9u chuy\u00ean nghi\u1ec7p, \u0111\u1ee7 \u0111i\u1ec1u ki\u1ec7n ho\u00e0n ch\u1ec9nh v\u00e0 th\u1ee7 t\u1ee5c xu\u1ea5t kh\u1ea9u thu\u1eadn ti\u1ec7n, l\u00e0 \u0111\u01a1n v\u1ecb th\u00ed \u0111i\u1ec3m xu\u1ea5t kh\u1ea9u \u00f4 t\u00f4 \u0111\u01b0\u1ee3c B\u1ed9 Th\u01b0\u01a1ng m\u1ea1i ph\u00ea duy\u1ec7t. Hi\u1ec7n c\u00f3 300 xe trong kho v\u1ec1 xe c\u00f3 th\u1ec3 giao h\u00e0ng trong 3 ng\u00e0y v\u00e0 t\u1ed1c \u0111\u1ed9 giao h\u00e0ng nhanh. Xe \u0111ang b\u00e1n ch\u1ea1y tr\u00ean to\u00e0n th\u1ebf gi\u1edbi.<\/p>","protected":false},"excerpt":{"rendered":"<p>&nbsp;<\/p>\n<p>&nbsp;<\/p>\n<p>&nbsp;<\/p>\n<p>&nbsp;<\/p>","protected":false},"featured_media":12070,"comment_status":"closed","ping_status":"closed","template":"","meta":{"_acf_changed":false},"product_brand":[],"product_cat":[20,29],"product_tag":[],"class_list":{"0":"post-13025","1":"product","2":"type-product","3":"status-publish","4":"has-post-thumbnail","6":"product_cat-new-car","7":"product_cat-volkswagen","9":"first","10":"instock","11":"shipping-taxable","12":"purchasable","13":"product-type-simple"},"acf":[],"_links":{"self":[{"href":"https:\/\/www.cars-in-china.com\/vi\/wp-json\/wp\/v2\/product\/13025","targetHints":{"allow":["GET"]}}],"collection":[{"href":"https:\/\/www.cars-in-china.com\/vi\/wp-json\/wp\/v2\/product"}],"about":[{"href":"https:\/\/www.cars-in-china.com\/vi\/wp-json\/wp\/v2\/types\/product"}],"replies":[{"embeddable":true,"href":"https:\/\/www.cars-in-china.com\/vi\/wp-json\/wp\/v2\/comments?post=13025"}],"wp:featuredmedia":[{"embeddable":true,"href":"https:\/\/www.cars-in-china.com\/vi\/wp-json\/wp\/v2\/media\/12070"}],"wp:attachment":[{"href":"https:\/\/www.cars-in-china.com\/vi\/wp-json\/wp\/v2\/media?parent=13025"}],"wp:term":[{"taxonomy":"product_brand","embeddable":true,"href":"https:\/\/www.cars-in-china.com\/vi\/wp-json\/wp\/v2\/product_brand?post=13025"},{"taxonomy":"product_cat","embeddable":true,"href":"https:\/\/www.cars-in-china.com\/vi\/wp-json\/wp\/v2\/product_cat?post=13025"},{"taxonomy":"product_tag","embeddable":true,"href":"https:\/\/www.cars-in-china.com\/vi\/wp-json\/wp\/v2\/product_tag?post=13025"}],"curies":[{"name":"wp","href":"https:\/\/api.w.org\/{rel}","templated":true}]}}