{"id":86,"date":"2024-05-01T01:27:12","date_gmt":"2024-05-01T01:27:12","guid":{"rendered":"https:\/\/www.cars-in-china.com\/?page_id=86"},"modified":"2026-02-05T13:07:38","modified_gmt":"2026-02-05T05:07:38","slug":"contact-us","status":"publish","type":"page","link":"https:\/\/www.cars-in-china.com\/vi\/contact-us\/","title":{"rendered":"Li\u00ean h\u1ec7 v\u1edbi ch\u00fang t\u00f4i"},"content":{"rendered":"","protected":false},"excerpt":{"rendered":"<p>Nhanh ch\u00f3ng xem x\u00e9t nhu c\u1ea7u c\u1ee7a b\u1ea1n v\u00e0 cung c\u1ea5p hi\u1ec7u qu\u1ea3 c\u00e1c gi\u1ea3i ph\u00e1p mua xe \u0111i\u1ec7n Trung Qu\u1ed1c chuy\u00ean nghi\u1ec7p! Ch\u00fang t\u00f4i l\u1eafng nghe v\u00e0 quan t\u00e2m \u0111\u1ebfn nhu c\u1ea7u c\u1ee7a b\u1ea1n, v\u00e0 nh\u00e2n vi\u00ean c\u1ee7a ch\u00fang t\u00f4i s\u1ebd li\u00ean h\u1ec7 v\u1edbi b\u1ea1n trong v\u00f2ng 4 gi\u1edd qua email v\u00e0 \u0111i\u1ec7n tho\u1ea1i.<\/p>","protected":false},"author":1,"featured_media":0,"parent":0,"menu_order":0,"comment_status":"closed","ping_status":"closed","template":"","meta":{"_acf_changed":false,"footnotes":""},"class_list":["post-86","page","type-page","status-publish","hentry"],"acf":[],"_links":{"self":[{"href":"https:\/\/www.cars-in-china.com\/vi\/wp-json\/wp\/v2\/pages\/86","targetHints":{"allow":["GET"]}}],"collection":[{"href":"https:\/\/www.cars-in-china.com\/vi\/wp-json\/wp\/v2\/pages"}],"about":[{"href":"https:\/\/www.cars-in-china.com\/vi\/wp-json\/wp\/v2\/types\/page"}],"author":[{"embeddable":true,"href":"https:\/\/www.cars-in-china.com\/vi\/wp-json\/wp\/v2\/users\/1"}],"replies":[{"embeddable":true,"href":"https:\/\/www.cars-in-china.com\/vi\/wp-json\/wp\/v2\/comments?post=86"}],"version-history":[{"count":12,"href":"https:\/\/www.cars-in-china.com\/vi\/wp-json\/wp\/v2\/pages\/86\/revisions"}],"predecessor-version":[{"id":14464,"href":"https:\/\/www.cars-in-china.com\/vi\/wp-json\/wp\/v2\/pages\/86\/revisions\/14464"}],"wp:attachment":[{"href":"https:\/\/www.cars-in-china.com\/vi\/wp-json\/wp\/v2\/media?parent=86"}],"curies":[{"name":"wp","href":"https:\/\/api.w.org\/{rel}","templated":true}]}}