{"id":82,"date":"2024-05-01T01:25:39","date_gmt":"2024-05-01T01:25:39","guid":{"rendered":"https:\/\/www.cars-in-china.com\/?page_id=82"},"modified":"2024-09-24T01:50:19","modified_gmt":"2024-09-24T01:50:19","slug":"electric-car-for-sale","status":"publish","type":"page","link":"https:\/\/www.cars-in-china.com\/vi\/","title":{"rendered":"Xe \u0111i\u1ec7n \u0111\u1ec3 b\u00e1n"},"content":{"rendered":"","protected":false},"excerpt":{"rendered":"<p>DUDU NEV l\u00e0 nh\u00e0 xu\u1ea5t kh\u1ea9u xe \u0111i\u1ec7n h\u00e0ng \u0111\u1ea7u Trung Qu\u1ed1c v\u00e0 l\u00e0 m\u1ed9t trong nh\u1eefng doanh nghi\u1ec7p ch\u1ea5t l\u01b0\u1ee3ng cao \u0111\u1ea7u ti\u00ean \u0111\u1ea1t \u0111\u01b0\u1ee3c ch\u1ee9ng nh\u1eadn xu\u1ea5t kh\u1ea9u xe \u0111i\u1ec7n t\u1eeb B\u1ed9 Th\u01b0\u01a1ng m\u1ea1i Trung Qu\u1ed1c. DUDU NEV \u0111\u00e3 thi\u1ebft l\u1eadp quan h\u1ec7 \u0111\u1ed1i t\u00e1c m\u1edf r\u1ed9ng ra n\u01b0\u1edbc ngo\u00e0i v\u1edbi h\u01a1n 20 nh\u00e0 s\u1ea3n xu\u1ea5t xe \u0111i\u1ec7n nh\u01b0 BMW, Mercedes-Benz, Geely v\u00e0 BYD, v\u00e0 lu\u00f4n cung c\u1ea5p c\u00e1c gi\u1ea3i ph\u00e1p v\u00e0 d\u1ecbch v\u1ee5 mua xe \u0111i\u1ec7n Trung Qu\u1ed1c ch\u1ea5t l\u01b0\u1ee3ng cao nh\u1ea5t cho kh\u00e1ch h\u00e0ng to\u00e0n c\u1ea7u.<\/p>","protected":false},"author":1,"featured_media":0,"parent":0,"menu_order":0,"comment_status":"closed","ping_status":"closed","template":"","meta":{"_acf_changed":false,"footnotes":""},"class_list":["post-82","page","type-page","status-publish","hentry"],"acf":[],"_links":{"self":[{"href":"https:\/\/www.cars-in-china.com\/vi\/wp-json\/wp\/v2\/pages\/82","targetHints":{"allow":["GET"]}}],"collection":[{"href":"https:\/\/www.cars-in-china.com\/vi\/wp-json\/wp\/v2\/pages"}],"about":[{"href":"https:\/\/www.cars-in-china.com\/vi\/wp-json\/wp\/v2\/types\/page"}],"author":[{"embeddable":true,"href":"https:\/\/www.cars-in-china.com\/vi\/wp-json\/wp\/v2\/users\/1"}],"replies":[{"embeddable":true,"href":"https:\/\/www.cars-in-china.com\/vi\/wp-json\/wp\/v2\/comments?post=82"}],"version-history":[{"count":89,"href":"https:\/\/www.cars-in-china.com\/vi\/wp-json\/wp\/v2\/pages\/82\/revisions"}],"predecessor-version":[{"id":8959,"href":"https:\/\/www.cars-in-china.com\/vi\/wp-json\/wp\/v2\/pages\/82\/revisions\/8959"}],"wp:attachment":[{"href":"https:\/\/www.cars-in-china.com\/vi\/wp-json\/wp\/v2\/media?parent=82"}],"curies":[{"name":"wp","href":"https:\/\/api.w.org\/{rel}","templated":true}]}}