{"id":9079,"date":"2025-02-05T13:06:34","date_gmt":"2025-02-05T05:06:34","guid":{"rendered":"https:\/\/www.cars-in-china.com\/?post_type=product&#038;p=9079"},"modified":"2025-02-08T17:12:16","modified_gmt":"2025-02-08T09:12:16","slug":"2021-chang-an-eado-ev460-2","status":"publish","type":"product","link":"https:\/\/www.cars-in-china.com\/tr\/2021-chang-an-eado-ev460-2\/","title":{"rendered":"2021 Chang An Eado EV460"},"content":{"rendered":"<p><span style=\"vertical-align: inherit;\"><span style=\"vertical-align: inherit;\"><span style=\"vertical-align: inherit;\"><span style=\"vertical-align: inherit;\">2021 Changan Eado EV460, \u00c7inli bir elektrikli otomobil ihracat\u00e7\u0131s\u0131 olan DUDU NEV (Changan&#039;\u0131n resmi yetkili sat\u0131c\u0131s\u0131) taraf\u0131ndan sat\u0131lan bir sedand\u0131r. Araba iyi durumdad\u0131r ve yakla\u015f\u0131k 60.000-100.000 km&#039;lik \u00e7ok d\u00fc\u015f\u00fck bir kilometreye sahiptir. Kaza yok, muayene raporu var. Stokta 400 adet var ve 3 g\u00fcn i\u00e7inde g\u00f6nderilebilir. Araba, a\u00e7\u0131labilir elektrikli bir tavan penceresiyle donat\u0131lm\u0131\u015ft\u0131r. T\u00fcm d\u00fcnyada \u00e7ok sat\u0131lmaktad\u0131r.<\/span><\/span><\/span><\/span><\/p>\n<p>&nbsp;<\/p>","protected":false},"excerpt":{"rendered":"<p>2021 Changan Eado EV460, \u00c7inli bir elektrikli otomobil ihracat\u00e7\u0131s\u0131 olan DUDU NEV (Changan&#039;\u0131n resmi yetkili sat\u0131c\u0131s\u0131) taraf\u0131ndan sat\u0131lan bir sedand\u0131r. Ara\u00e7 iyi durumdad\u0131r ve yakla\u015f\u0131k 60.000-100.000 km gibi \u00e7ok d\u00fc\u015f\u00fck bir kilometreye sahiptir. Kazas\u0131 yoktur ve ekspertiz raporu mevcuttur. Stokta 400 adet bulunmaktad\u0131r ve 3 g\u00fcn i\u00e7inde kargoya verilebilir. [\u2026]<\/p>","protected":false},"featured_media":9080,"comment_status":"closed","ping_status":"closed","template":"","meta":{"_acf_changed":false},"product_brand":[],"product_cat":[21,47],"product_tag":[],"class_list":{"0":"post-9079","1":"product","2":"type-product","3":"status-publish","4":"has-post-thumbnail","6":"product_cat-used-car","7":"product_cat-used-changan","9":"first","10":"instock","11":"shipping-taxable","12":"purchasable","13":"product-type-simple"},"acf":[],"_links":{"self":[{"href":"https:\/\/www.cars-in-china.com\/tr\/wp-json\/wp\/v2\/product\/9079","targetHints":{"allow":["GET"]}}],"collection":[{"href":"https:\/\/www.cars-in-china.com\/tr\/wp-json\/wp\/v2\/product"}],"about":[{"href":"https:\/\/www.cars-in-china.com\/tr\/wp-json\/wp\/v2\/types\/product"}],"replies":[{"embeddable":true,"href":"https:\/\/www.cars-in-china.com\/tr\/wp-json\/wp\/v2\/comments?post=9079"}],"wp:featuredmedia":[{"embeddable":true,"href":"https:\/\/www.cars-in-china.com\/tr\/wp-json\/wp\/v2\/media\/9080"}],"wp:attachment":[{"href":"https:\/\/www.cars-in-china.com\/tr\/wp-json\/wp\/v2\/media?parent=9079"}],"wp:term":[{"taxonomy":"product_brand","embeddable":true,"href":"https:\/\/www.cars-in-china.com\/tr\/wp-json\/wp\/v2\/product_brand?post=9079"},{"taxonomy":"product_cat","embeddable":true,"href":"https:\/\/www.cars-in-china.com\/tr\/wp-json\/wp\/v2\/product_cat?post=9079"},{"taxonomy":"product_tag","embeddable":true,"href":"https:\/\/www.cars-in-china.com\/tr\/wp-json\/wp\/v2\/product_tag?post=9079"}],"curies":[{"name":"wp","href":"https:\/\/api.w.org\/{rel}","templated":true}]}}