{"id":7721,"date":"2024-08-07T09:10:40","date_gmt":"2024-08-07T09:10:40","guid":{"rendered":"https:\/\/www.cars-in-china.com\/?post_type=product&#038;p=7721"},"modified":"2024-08-08T07:09:02","modified_gmt":"2024-08-08T07:09:02","slug":"2023-mercedes-benz-eqe-suv","status":"publish","type":"product","link":"https:\/\/www.cars-in-china.com\/tr\/2023-mercedes-benz-eqe-suv\/","title":{"rendered":"2023 Mercedes-Benz EQE SUV"},"content":{"rendered":"<p>2023 Mercedes-Benz EQE SUV, \u00c7in elektrikli otomobil ihracat\u00e7\u0131s\u0131 DUDU NEV (Mercedes-Benz&#039;in resmi yetkili sat\u0131c\u0131s\u0131) taraf\u0131ndan sat\u0131lan bir SUV&#039;dur. DUDU NEV, profesyonel ihracat yeterliliklerine, eksiksiz yeterliliklere ve kolay ihracat prosed\u00fcrlerine sahiptir ve Ticaret Bakanl\u0131\u011f\u0131 taraf\u0131ndan onaylanm\u0131\u015f bir otomobil ihracat pilot birimidir. Ara\u00e7lar iyi durumdad\u0131r ve yakla\u015f\u0131k 10.000-60.000 km&#039;lik \u00e7ok d\u00fc\u015f\u00fck kilometreye sahiptir. Kazas\u0131zd\u0131r ve muayene raporu vard\u0131r. \u015eu anda stokta yakla\u015f\u0131k 100 adet ara\u00e7 bulunmaktad\u0131r ve 3 g\u00fcn i\u00e7inde sevkiyata haz\u0131rd\u0131r. T\u00fcm d\u00fcnyada s\u0131cak sat\u0131\u015ftad\u0131r.<\/p>","protected":false},"excerpt":{"rendered":"<p>2023 Mercedes-Benz EQE SUV, \u00c7in elektrikli otomobil ihracat\u00e7\u0131s\u0131 DUDU NEV (Mercedes-Benz&#039;in resmi yetkili sat\u0131c\u0131s\u0131) taraf\u0131ndan sat\u0131lan bir SUV&#039;dur. DUDU NEV, profesyonel ihracat yeterliliklerine, eksiksiz yeterliliklere ve kolay ihracat prosed\u00fcrlerine sahiptir ve Ticaret Bakanl\u0131\u011f\u0131 taraf\u0131ndan onaylanm\u0131\u015f bir otomobil ihracat pilot birimidir. Ara\u00e7lar iyi durumdad\u0131r ve yakla\u015f\u0131k 10.000-60.000 km&#039;de \u00e7ok d\u00fc\u015f\u00fck kilometreye sahiptir. [\u2026]<\/p>","protected":false},"featured_media":6807,"comment_status":"open","ping_status":"closed","template":"","meta":{"_acf_changed":false},"product_brand":[],"product_cat":[21,72],"product_tag":[],"class_list":{"0":"post-7721","1":"product","2":"type-product","3":"status-publish","4":"has-post-thumbnail","6":"product_cat-used-car","7":"product_cat-used-mercedes-benz","9":"first","10":"instock","11":"shipping-taxable","12":"purchasable","13":"product-type-simple"},"acf":[],"_links":{"self":[{"href":"https:\/\/www.cars-in-china.com\/tr\/wp-json\/wp\/v2\/product\/7721","targetHints":{"allow":["GET"]}}],"collection":[{"href":"https:\/\/www.cars-in-china.com\/tr\/wp-json\/wp\/v2\/product"}],"about":[{"href":"https:\/\/www.cars-in-china.com\/tr\/wp-json\/wp\/v2\/types\/product"}],"replies":[{"embeddable":true,"href":"https:\/\/www.cars-in-china.com\/tr\/wp-json\/wp\/v2\/comments?post=7721"}],"wp:featuredmedia":[{"embeddable":true,"href":"https:\/\/www.cars-in-china.com\/tr\/wp-json\/wp\/v2\/media\/6807"}],"wp:attachment":[{"href":"https:\/\/www.cars-in-china.com\/tr\/wp-json\/wp\/v2\/media?parent=7721"}],"wp:term":[{"taxonomy":"product_brand","embeddable":true,"href":"https:\/\/www.cars-in-china.com\/tr\/wp-json\/wp\/v2\/product_brand?post=7721"},{"taxonomy":"product_cat","embeddable":true,"href":"https:\/\/www.cars-in-china.com\/tr\/wp-json\/wp\/v2\/product_cat?post=7721"},{"taxonomy":"product_tag","embeddable":true,"href":"https:\/\/www.cars-in-china.com\/tr\/wp-json\/wp\/v2\/product_tag?post=7721"}],"curies":[{"name":"wp","href":"https:\/\/api.w.org\/{rel}","templated":true}]}}