{"id":7427,"date":"2024-08-06T01:50:30","date_gmt":"2024-08-06T01:50:30","guid":{"rendered":"https:\/\/www.cars-in-china.com\/?post_type=product&#038;p=7427"},"modified":"2024-08-07T09:08:43","modified_gmt":"2024-08-07T09:08:43","slug":"2022-mg4-ev","status":"publish","type":"product","link":"https:\/\/www.cars-in-china.com\/tr\/2022-mg4-ev\/","title":{"rendered":"2022 MG4EV"},"content":{"rendered":"<p>2022 MG4 EV, \u00c7in elektrikli otomobil ihracat\u00e7\u0131s\u0131 DUDU NEV (MG&#039;nin resmi yetkili sat\u0131c\u0131s\u0131) taraf\u0131ndan sat\u0131lan bir sedand\u0131r. DUDU NEV, profesyonel ihracat yeterliliklerine, eksiksiz yeterliliklere ve kolay ihracat prosed\u00fcrlerine sahiptir ve Ticaret Bakanl\u0131\u011f\u0131 taraf\u0131ndan onaylanm\u0131\u015f bir otomobil ihracat pilot birimidir. Arabalar, yakla\u015f\u0131k 20.000-80.000 km&#039;lik \u00e7ok d\u00fc\u015f\u00fck kilometreye sahip iyi durumdad\u0131r. Kazas\u0131zd\u0131r ve bir muayene raporu vard\u0131r. \u015eu anda stokta yakla\u015f\u0131k 100 adet araba bulunmaktad\u0131r ve 3 g\u00fcn i\u00e7inde sevkiyata haz\u0131rd\u0131r ve teslimat h\u0131z\u0131 h\u0131zl\u0131d\u0131r. Araba t\u00fcm d\u00fcnyada \u00e7ok sat\u0131lmaktad\u0131r.<\/p>","protected":false},"excerpt":{"rendered":"<p>2022 MG4 EV, \u00c7inli elektrikli otomobil ihracat\u00e7\u0131s\u0131 DUDU NEV (MG&#039;nin resmi yetkili bayisi) taraf\u0131ndan sat\u0131lan bir sedand\u0131r. DUDU NEV, profesyonel ihracat yeterliliklerine, eksiksiz yetkinliklere ve uygun ihracat prosed\u00fcrlerine sahip olup, Ticaret Bakanl\u0131\u011f\u0131 taraf\u0131ndan onaylanm\u0131\u015f bir otomobil ihracat pilot birimidir. Ara\u00e7, yakla\u015f\u0131k 20.000-80.000 km gibi \u00e7ok d\u00fc\u015f\u00fck bir kilometreye sahip olup iyi durumdad\u0131r. Kazas\u0131zd\u0131r ve [\u2026]<\/p>","protected":false},"featured_media":6754,"comment_status":"open","ping_status":"closed","template":"","meta":{"_acf_changed":false},"product_brand":[],"product_cat":[21,73],"product_tag":[],"class_list":{"0":"post-7427","1":"product","2":"type-product","3":"status-publish","4":"has-post-thumbnail","6":"product_cat-used-car","7":"product_cat-used-mg","9":"first","10":"instock","11":"shipping-taxable","12":"purchasable","13":"product-type-simple"},"acf":[],"_links":{"self":[{"href":"https:\/\/www.cars-in-china.com\/tr\/wp-json\/wp\/v2\/product\/7427","targetHints":{"allow":["GET"]}}],"collection":[{"href":"https:\/\/www.cars-in-china.com\/tr\/wp-json\/wp\/v2\/product"}],"about":[{"href":"https:\/\/www.cars-in-china.com\/tr\/wp-json\/wp\/v2\/types\/product"}],"replies":[{"embeddable":true,"href":"https:\/\/www.cars-in-china.com\/tr\/wp-json\/wp\/v2\/comments?post=7427"}],"wp:featuredmedia":[{"embeddable":true,"href":"https:\/\/www.cars-in-china.com\/tr\/wp-json\/wp\/v2\/media\/6754"}],"wp:attachment":[{"href":"https:\/\/www.cars-in-china.com\/tr\/wp-json\/wp\/v2\/media?parent=7427"}],"wp:term":[{"taxonomy":"product_brand","embeddable":true,"href":"https:\/\/www.cars-in-china.com\/tr\/wp-json\/wp\/v2\/product_brand?post=7427"},{"taxonomy":"product_cat","embeddable":true,"href":"https:\/\/www.cars-in-china.com\/tr\/wp-json\/wp\/v2\/product_cat?post=7427"},{"taxonomy":"product_tag","embeddable":true,"href":"https:\/\/www.cars-in-china.com\/tr\/wp-json\/wp\/v2\/product_tag?post=7427"}],"curies":[{"name":"wp","href":"https:\/\/api.w.org\/{rel}","templated":true}]}}