{"id":7347,"date":"2024-08-05T05:44:15","date_gmt":"2024-08-05T05:44:15","guid":{"rendered":"https:\/\/www.cars-in-china.com\/?post_type=product&#038;p=7347"},"modified":"2024-08-23T07:46:00","modified_gmt":"2024-08-23T07:46:00","slug":"2022-avatr-12","status":"publish","type":"product","link":"https:\/\/www.cars-in-china.com\/tr\/2022-avatr-12\/","title":{"rendered":"2022 AVATRAN 12"},"content":{"rendered":"<p>2022 AVATR 12, \u00c7in elektrikli otomobil ihracat\u00e7\u0131s\u0131 DUDU NEV (AVATR&#039;nin resmi yetkili sat\u0131c\u0131s\u0131) taraf\u0131ndan sat\u0131lmaktad\u0131r. DUDU NEV, profesyonel ihracat yeterliliklerine, eksiksiz yeterliliklere ve kolay ihracat prosed\u00fcrlerine sahiptir. Ticaret Bakanl\u0131\u011f\u0131 taraf\u0131ndan onaylanm\u0131\u015f bir otomobil ihracat pilot birimidir. Ara\u00e7lar iyi durumdad\u0131r ve yakla\u015f\u0131k 10.000-50.000 km gibi \u00e7ok d\u00fc\u015f\u00fck kilometreye sahiptir. Kazas\u0131zd\u0131r ve muayene raporu vard\u0131r. \u015eu anda stokta yakla\u015f\u0131k 100 adet ara\u00e7 bulunmaktad\u0131r ve 3 g\u00fcn i\u00e7inde sevkiyata haz\u0131rd\u0131r. T\u00fcm d\u00fcnyada s\u0131cak sat\u0131\u015ftad\u0131r.<\/p>","protected":false},"excerpt":{"rendered":"<p>2022 AVATR 12, \u00c7in elektrikli otomobil ihracat\u00e7\u0131s\u0131 DUDU NEV (AVATR&#039;nin resmi yetkili sat\u0131c\u0131s\u0131) taraf\u0131ndan sat\u0131lmaktad\u0131r. DUDU NEV, profesyonel ihracat yeterliliklerine, eksiksiz yeterliliklere ve kolay ihracat prosed\u00fcrlerine sahiptir. Ticaret Bakanl\u0131\u011f\u0131 taraf\u0131ndan onaylanm\u0131\u015f bir otomobil ihracat pilot birimidir. Ara\u00e7lar iyi durumdad\u0131r ve yakla\u015f\u0131k 10.000-50.000 km gibi \u00e7ok d\u00fc\u015f\u00fck kilometreye sahiptir. Kazas\u0131zd\u0131r ve [\u2026]<\/p>","protected":false},"featured_media":6630,"comment_status":"open","ping_status":"closed","template":"","meta":{"_acf_changed":false},"product_brand":[],"product_cat":[21,58],"product_tag":[],"class_list":{"0":"post-7347","1":"product","2":"type-product","3":"status-publish","4":"has-post-thumbnail","6":"product_cat-used-car","7":"product_cat-used-avatr","9":"first","10":"instock","11":"shipping-taxable","12":"purchasable","13":"product-type-simple"},"acf":[],"_links":{"self":[{"href":"https:\/\/www.cars-in-china.com\/tr\/wp-json\/wp\/v2\/product\/7347","targetHints":{"allow":["GET"]}}],"collection":[{"href":"https:\/\/www.cars-in-china.com\/tr\/wp-json\/wp\/v2\/product"}],"about":[{"href":"https:\/\/www.cars-in-china.com\/tr\/wp-json\/wp\/v2\/types\/product"}],"replies":[{"embeddable":true,"href":"https:\/\/www.cars-in-china.com\/tr\/wp-json\/wp\/v2\/comments?post=7347"}],"wp:featuredmedia":[{"embeddable":true,"href":"https:\/\/www.cars-in-china.com\/tr\/wp-json\/wp\/v2\/media\/6630"}],"wp:attachment":[{"href":"https:\/\/www.cars-in-china.com\/tr\/wp-json\/wp\/v2\/media?parent=7347"}],"wp:term":[{"taxonomy":"product_brand","embeddable":true,"href":"https:\/\/www.cars-in-china.com\/tr\/wp-json\/wp\/v2\/product_brand?post=7347"},{"taxonomy":"product_cat","embeddable":true,"href":"https:\/\/www.cars-in-china.com\/tr\/wp-json\/wp\/v2\/product_cat?post=7347"},{"taxonomy":"product_tag","embeddable":true,"href":"https:\/\/www.cars-in-china.com\/tr\/wp-json\/wp\/v2\/product_tag?post=7347"}],"curies":[{"name":"wp","href":"https:\/\/api.w.org\/{rel}","templated":true}]}}