{"id":7320,"date":"2024-08-01T08:21:27","date_gmt":"2024-08-01T08:21:27","guid":{"rendered":"https:\/\/www.cars-in-china.com\/?post_type=product&#038;p=7320"},"modified":"2024-08-13T06:04:05","modified_gmt":"2024-08-13T06:04:05","slug":"2022-nissan-teana","status":"publish","type":"product","link":"https:\/\/www.cars-in-china.com\/tr\/2022-nissan-teana\/","title":{"rendered":"2022 Nissan Teana"},"content":{"rendered":"<p>2022 Nissan Teana, \u00c7in elektrikli otomobil ihracat\u00e7\u0131s\u0131 DUDU NEV (Nissan&#039;\u0131n resmi yetkili sat\u0131c\u0131s\u0131) taraf\u0131ndan sat\u0131lan bir sedand\u0131r. DUDU NEV, profesyonel ihracat yeterliliklerine, eksiksiz yeterliliklere ve kolay ihracat prosed\u00fcrlerine sahiptir ve Ticaret Bakanl\u0131\u011f\u0131 taraf\u0131ndan onaylanm\u0131\u015f bir otomobil ihracat pilot birimidir. Arabalar iyi durumdad\u0131r ve yakla\u015f\u0131k 20.000-100.000 km&#039;de \u00e7ok d\u00fc\u015f\u00fck kilometreye sahiptir. Kazas\u0131zd\u0131r ve muayene raporu vard\u0131r. \u015eu anda stokta yakla\u015f\u0131k 100 adet araba bulunmaktad\u0131r ve 3 g\u00fcn i\u00e7inde sevkiyata haz\u0131rd\u0131r. T\u00fcm d\u00fcnyada s\u0131cak sat\u0131\u015ftad\u0131r.<\/p>","protected":false},"excerpt":{"rendered":"<p>2022 Nissan Teana, \u00c7in elektrikli otomobil ihracat\u00e7\u0131s\u0131 DUDU NEV (Nissan&#039;\u0131n resmi yetkili sat\u0131c\u0131s\u0131) taraf\u0131ndan sat\u0131lan bir sedand\u0131r. DUDU NEV, profesyonel ihracat yeterliliklerine, eksiksiz kalifikasyonlara ve kolay ihracat prosed\u00fcrlerine sahiptir ve Ticaret Bakanl\u0131\u011f\u0131 taraf\u0131ndan onaylanm\u0131\u015f bir otomobil ihracat pilot birimidir. Ara\u00e7lar iyi durumdad\u0131r ve yakla\u015f\u0131k 20.000-100.000 km gibi \u00e7ok d\u00fc\u015f\u00fck kilometreye sahiptir. [\u2026]<\/p>","protected":false},"featured_media":7044,"comment_status":"open","ping_status":"closed","template":"","meta":{"_acf_changed":false},"product_brand":[],"product_cat":[21,48],"product_tag":[],"class_list":{"0":"post-7320","1":"product","2":"type-product","3":"status-publish","4":"has-post-thumbnail","6":"product_cat-used-car","7":"product_cat-used-nissan","9":"first","10":"instock","11":"shipping-taxable","12":"purchasable","13":"product-type-simple"},"acf":[],"_links":{"self":[{"href":"https:\/\/www.cars-in-china.com\/tr\/wp-json\/wp\/v2\/product\/7320","targetHints":{"allow":["GET"]}}],"collection":[{"href":"https:\/\/www.cars-in-china.com\/tr\/wp-json\/wp\/v2\/product"}],"about":[{"href":"https:\/\/www.cars-in-china.com\/tr\/wp-json\/wp\/v2\/types\/product"}],"replies":[{"embeddable":true,"href":"https:\/\/www.cars-in-china.com\/tr\/wp-json\/wp\/v2\/comments?post=7320"}],"wp:featuredmedia":[{"embeddable":true,"href":"https:\/\/www.cars-in-china.com\/tr\/wp-json\/wp\/v2\/media\/7044"}],"wp:attachment":[{"href":"https:\/\/www.cars-in-china.com\/tr\/wp-json\/wp\/v2\/media?parent=7320"}],"wp:term":[{"taxonomy":"product_brand","embeddable":true,"href":"https:\/\/www.cars-in-china.com\/tr\/wp-json\/wp\/v2\/product_brand?post=7320"},{"taxonomy":"product_cat","embeddable":true,"href":"https:\/\/www.cars-in-china.com\/tr\/wp-json\/wp\/v2\/product_cat?post=7320"},{"taxonomy":"product_tag","embeddable":true,"href":"https:\/\/www.cars-in-china.com\/tr\/wp-json\/wp\/v2\/product_tag?post=7320"}],"curies":[{"name":"wp","href":"https:\/\/api.w.org\/{rel}","templated":true}]}}