{"id":6851,"date":"2024-07-31T07:25:31","date_gmt":"2024-07-31T07:25:31","guid":{"rendered":"https:\/\/www.cars-in-china.com\/?post_type=product&#038;p=6851"},"modified":"2024-08-13T03:58:47","modified_gmt":"2024-08-13T03:58:47","slug":"2022-mazda-cx-5","status":"publish","type":"product","link":"https:\/\/www.cars-in-china.com\/tr\/2022-mazda-cx-5\/","title":{"rendered":"2022 MAZDA CX-5"},"content":{"rendered":"<p>2022 MAZDA CX-5, \u00c7in elektrikli otomobil ihracat\u00e7\u0131s\u0131 DUDU NEV (CHANGAN&#039;\u0131n resmi yetkili sat\u0131c\u0131s\u0131) taraf\u0131ndan sat\u0131lan bir SUV&#039;dur. DUDU NEV, profesyonel ihracat niteliklerine, eksiksiz niteliklere ve kolay ihracat prosed\u00fcrlerine sahiptir ve Ticaret Bakanl\u0131\u011f\u0131 taraf\u0131ndan onaylanm\u0131\u015f bir otomobil ihracat pilot birimidir. Arabalar, yakla\u015f\u0131k 50.000-120.000 km gibi \u00e7ok d\u00fc\u015f\u00fck kilometreye sahip iyi durumdad\u0131r. Kazas\u0131zd\u0131r ve muayene raporu vard\u0131r. \u015eu anda stokta yakla\u015f\u0131k 100 adet ara\u00e7 bulunmaktad\u0131r ve 3 g\u00fcn i\u00e7inde sevkiyata haz\u0131rd\u0131r ve teslimat h\u0131z\u0131 h\u0131zl\u0131d\u0131r. Araba t\u00fcm d\u00fcnyada \u00e7ok sat\u0131lmaktad\u0131r.<\/p>","protected":false},"excerpt":{"rendered":"<p>2022 MAZDA CX-5, \u00c7in elektrikli otomobil ihracat\u00e7\u0131s\u0131 DUDU NEV (CHANGAN&#039;\u0131n resmi yetkili sat\u0131c\u0131s\u0131) taraf\u0131ndan sat\u0131lan bir SUV&#039;dur. DUDU NEV, profesyonel ihracat yeterliliklerine, eksiksiz yeterliliklere ve uygun ihracat prosed\u00fcrlerine sahiptir ve Ticaret Bakanl\u0131\u011f\u0131 taraf\u0131ndan onaylanm\u0131\u015f bir otomobil ihracat pilot birimidir. Ara\u00e7lar iyi durumdad\u0131r ve yakla\u015f\u0131k 50.000-120.000 km gibi \u00e7ok d\u00fc\u015f\u00fck kilometreye sahiptir. [\u2026]<\/p>","protected":false},"featured_media":6639,"comment_status":"open","ping_status":"closed","template":"","meta":{"_acf_changed":false},"product_brand":[],"product_cat":[21,71],"product_tag":[],"class_list":{"0":"post-6851","1":"product","2":"type-product","3":"status-publish","4":"has-post-thumbnail","6":"product_cat-used-car","7":"product_cat-used-mazda","9":"first","10":"instock","11":"shipping-taxable","12":"purchasable","13":"product-type-simple"},"acf":[],"_links":{"self":[{"href":"https:\/\/www.cars-in-china.com\/tr\/wp-json\/wp\/v2\/product\/6851","targetHints":{"allow":["GET"]}}],"collection":[{"href":"https:\/\/www.cars-in-china.com\/tr\/wp-json\/wp\/v2\/product"}],"about":[{"href":"https:\/\/www.cars-in-china.com\/tr\/wp-json\/wp\/v2\/types\/product"}],"replies":[{"embeddable":true,"href":"https:\/\/www.cars-in-china.com\/tr\/wp-json\/wp\/v2\/comments?post=6851"}],"wp:featuredmedia":[{"embeddable":true,"href":"https:\/\/www.cars-in-china.com\/tr\/wp-json\/wp\/v2\/media\/6639"}],"wp:attachment":[{"href":"https:\/\/www.cars-in-china.com\/tr\/wp-json\/wp\/v2\/media?parent=6851"}],"wp:term":[{"taxonomy":"product_brand","embeddable":true,"href":"https:\/\/www.cars-in-china.com\/tr\/wp-json\/wp\/v2\/product_brand?post=6851"},{"taxonomy":"product_cat","embeddable":true,"href":"https:\/\/www.cars-in-china.com\/tr\/wp-json\/wp\/v2\/product_cat?post=6851"},{"taxonomy":"product_tag","embeddable":true,"href":"https:\/\/www.cars-in-china.com\/tr\/wp-json\/wp\/v2\/product_tag?post=6851"}],"curies":[{"name":"wp","href":"https:\/\/api.w.org\/{rel}","templated":true}]}}