{"id":6569,"date":"2024-07-31T04:20:35","date_gmt":"2024-07-31T04:20:35","guid":{"rendered":"https:\/\/www.cars-in-china.com\/?post_type=product&#038;p=6569"},"modified":"2024-08-13T03:15:43","modified_gmt":"2024-08-13T03:15:43","slug":"2023-buick-gl8","status":"publish","type":"product","link":"https:\/\/www.cars-in-china.com\/tr\/2023-buick-gl8\/","title":{"rendered":"2023 BUICK GL8"},"content":{"rendered":"<p>2023 BUICK E5 e-tron, \u00c7in elektrikli otomobil ihracat\u00e7\u0131s\u0131 DUDU NEV (BUICK&#039;in resmi yetkili sat\u0131c\u0131s\u0131) taraf\u0131ndan sat\u0131lan bir SUV&#039;dur. Ara\u00e7lar iyi durumdad\u0131r ve yakla\u015f\u0131k 10.000-50.000 km&#039;de \u00e7ok d\u00fc\u015f\u00fck kilometreye sahiptir. Kazas\u0131 yoktur ve muayene raporu vard\u0131r. \u015eu anda stokta yakla\u015f\u0131k 100 adet ara\u00e7 bulunmaktad\u0131r ve 3 g\u00fcn i\u00e7inde sevkiyata haz\u0131rd\u0131r. T\u00fcm d\u00fcnyada s\u0131cak sat\u0131\u015ftad\u0131r.<\/p>","protected":false},"excerpt":{"rendered":"<p>2023 BUICK E5 e-tron, \u00c7inli elektrikli otomobil ihracat\u00e7\u0131s\u0131 DUDU NEV (BUICK&#039;in resmi yetkili bayisi) taraf\u0131ndan sat\u0131lan bir SUV&#039;dur. Ara\u00e7lar \u00e7ok d\u00fc\u015f\u00fck kilometreli (yakla\u015f\u0131k 10.000-50.000 km) olup iyi durumdad\u0131r. Kazas\u0131zd\u0131r ve muayene raporu mevcuttur. \u015eu anda stokta 100 adet ara\u00e7 bulunmaktad\u0131r ve 3 g\u00fcn i\u00e7inde teslimata haz\u0131rd\u0131r. \u00c7ok satan bir ara\u00e7t\u0131r [\u2026]<\/p>","protected":false},"featured_media":6482,"comment_status":"open","ping_status":"closed","template":"","meta":{"_acf_changed":false},"product_brand":[],"product_cat":[21,61],"product_tag":[],"class_list":{"0":"post-6569","1":"product","2":"type-product","3":"status-publish","4":"has-post-thumbnail","6":"product_cat-used-car","7":"product_cat-used-buick","9":"first","10":"instock","11":"shipping-taxable","12":"purchasable","13":"product-type-simple"},"acf":[],"_links":{"self":[{"href":"https:\/\/www.cars-in-china.com\/tr\/wp-json\/wp\/v2\/product\/6569","targetHints":{"allow":["GET"]}}],"collection":[{"href":"https:\/\/www.cars-in-china.com\/tr\/wp-json\/wp\/v2\/product"}],"about":[{"href":"https:\/\/www.cars-in-china.com\/tr\/wp-json\/wp\/v2\/types\/product"}],"replies":[{"embeddable":true,"href":"https:\/\/www.cars-in-china.com\/tr\/wp-json\/wp\/v2\/comments?post=6569"}],"wp:featuredmedia":[{"embeddable":true,"href":"https:\/\/www.cars-in-china.com\/tr\/wp-json\/wp\/v2\/media\/6482"}],"wp:attachment":[{"href":"https:\/\/www.cars-in-china.com\/tr\/wp-json\/wp\/v2\/media?parent=6569"}],"wp:term":[{"taxonomy":"product_brand","embeddable":true,"href":"https:\/\/www.cars-in-china.com\/tr\/wp-json\/wp\/v2\/product_brand?post=6569"},{"taxonomy":"product_cat","embeddable":true,"href":"https:\/\/www.cars-in-china.com\/tr\/wp-json\/wp\/v2\/product_cat?post=6569"},{"taxonomy":"product_tag","embeddable":true,"href":"https:\/\/www.cars-in-china.com\/tr\/wp-json\/wp\/v2\/product_tag?post=6569"}],"curies":[{"name":"wp","href":"https:\/\/api.w.org\/{rel}","templated":true}]}}