{"id":4771,"date":"2024-07-05T09:49:13","date_gmt":"2024-07-05T09:49:13","guid":{"rendered":"https:\/\/www.cars-in-china.com\/?post_type=product&#038;p=4771"},"modified":"2024-09-10T07:41:01","modified_gmt":"2024-09-10T07:41:01","slug":"2023-kia-k3","status":"publish","type":"product","link":"https:\/\/www.cars-in-china.com\/tr\/2023-kia-k3\/","title":{"rendered":"2023 Kia K3"},"content":{"rendered":"<p>2023 Kia K3, \u00c7in elektrikli otomobil ihracat\u00e7\u0131s\u0131 DUDU NEV (KIA&#039;n\u0131n resmi yetkili sat\u0131c\u0131s\u0131) taraf\u0131ndan sat\u0131lan bir sedand\u0131r. DUDU NEV, profesyonel ihracat yeterliliklerine, eksiksiz yeterliliklere ve kolay ihracat prosed\u00fcrlerine sahiptir ve Ticaret Bakanl\u0131\u011f\u0131 taraf\u0131ndan onaylanm\u0131\u015f bir otomobil ihracat pilot birimidir. \u015eu anda stokta yakla\u015f\u0131k 300 adet ara\u00e7 bulunmaktad\u0131r ve 3 g\u00fcn i\u00e7inde sevkiyata haz\u0131rd\u0131r ve teslimat h\u0131z\u0131 h\u0131zl\u0131d\u0131r. Ara\u00e7 t\u00fcm d\u00fcnyada s\u0131cak sat\u0131\u015ftad\u0131r.<\/p>","protected":false},"excerpt":{"rendered":"<p>2023 Kia K3, \u00c7inli elektrikli otomobil ihracat\u00e7\u0131s\u0131 DUDU NEV (KIA&#039;n\u0131n resmi yetkili bayisi) taraf\u0131ndan sat\u0131lan bir sedan modelidir. DUDU NEV, profesyonel ihracat yeterliliklerine, eksiksiz yetkinliklere ve uygun ihracat prosed\u00fcrlerine sahip olup, Ticaret Bakanl\u0131\u011f\u0131 taraf\u0131ndan onaylanm\u0131\u015f bir otomobil ihracat pilot birimidir. \u015eu anda stokta 300 adet ara\u00e7 bulunmakta ve 3 g\u00fcn i\u00e7inde sevkiyata haz\u0131r durumdad\u0131r [\u2026]<\/p>","protected":false},"featured_media":4258,"comment_status":"open","ping_status":"closed","template":"","meta":{"_acf_changed":false},"product_brand":[],"product_cat":[20,25],"product_tag":[],"class_list":{"0":"post-4771","1":"product","2":"type-product","3":"status-publish","4":"has-post-thumbnail","6":"product_cat-new-car","7":"product_cat-kn","9":"first","10":"instock","11":"shipping-taxable","12":"purchasable","13":"product-type-simple"},"acf":[],"_links":{"self":[{"href":"https:\/\/www.cars-in-china.com\/tr\/wp-json\/wp\/v2\/product\/4771","targetHints":{"allow":["GET"]}}],"collection":[{"href":"https:\/\/www.cars-in-china.com\/tr\/wp-json\/wp\/v2\/product"}],"about":[{"href":"https:\/\/www.cars-in-china.com\/tr\/wp-json\/wp\/v2\/types\/product"}],"replies":[{"embeddable":true,"href":"https:\/\/www.cars-in-china.com\/tr\/wp-json\/wp\/v2\/comments?post=4771"}],"wp:featuredmedia":[{"embeddable":true,"href":"https:\/\/www.cars-in-china.com\/tr\/wp-json\/wp\/v2\/media\/4258"}],"wp:attachment":[{"href":"https:\/\/www.cars-in-china.com\/tr\/wp-json\/wp\/v2\/media?parent=4771"}],"wp:term":[{"taxonomy":"product_brand","embeddable":true,"href":"https:\/\/www.cars-in-china.com\/tr\/wp-json\/wp\/v2\/product_brand?post=4771"},{"taxonomy":"product_cat","embeddable":true,"href":"https:\/\/www.cars-in-china.com\/tr\/wp-json\/wp\/v2\/product_cat?post=4771"},{"taxonomy":"product_tag","embeddable":true,"href":"https:\/\/www.cars-in-china.com\/tr\/wp-json\/wp\/v2\/product_tag?post=4771"}],"curies":[{"name":"wp","href":"https:\/\/api.w.org\/{rel}","templated":true}]}}