{"id":3581,"date":"2024-06-25T09:01:36","date_gmt":"2024-06-25T09:01:36","guid":{"rendered":"https:\/\/www.cars-in-china.com\/?post_type=product&#038;p=3581"},"modified":"2024-09-04T14:31:45","modified_gmt":"2024-09-04T14:31:45","slug":"2024-bmw-ix3","status":"publish","type":"product","link":"https:\/\/www.cars-in-china.com\/tr\/2024-bmw-ix3\/","title":{"rendered":"2024 BMW IX3"},"content":{"rendered":"<p>2024 BMW IX3, \u00c7in elektrikli otomobil ihracat\u00e7\u0131s\u0131 DUDU NEV (BMW&#039;nin resmi yetkili sat\u0131c\u0131s\u0131) taraf\u0131ndan sat\u0131lmaktad\u0131r. DUDU NEV, profesyonel ihracat yeterliliklerine, eksiksiz yeterliliklere ve uygun ihracat prosed\u00fcrlerine sahiptir ve Ticaret Bakanl\u0131\u011f\u0131 taraf\u0131ndan onaylanm\u0131\u015f bir otomobil ihracat pilot birimidir. \u015eu anda stokta 300 adet ara\u00e7 bulunmaktad\u0131r ve 3 g\u00fcnde sevkiyat i\u00e7in mevcuttur ve teslimat h\u0131z\u0131 h\u0131zl\u0131d\u0131r. Ara\u00e7 t\u00fcm d\u00fcnyada s\u0131cak sat\u0131\u015ftad\u0131r.<\/p>","protected":false},"excerpt":{"rendered":"<p>2024 BMW IX3, \u00c7inli elektrikli otomobil ihracat\u00e7\u0131s\u0131 DUDU NEV (BMW&#039;nin resmi yetkili sat\u0131c\u0131s\u0131) taraf\u0131ndan sat\u0131l\u0131yor. DUDU NEV, profesyonel ihracat yeterliliklerine, eksiksiz yeterliliklere ve kolay ihracat prosed\u00fcrlerine sahip olup, Ticaret Bakanl\u0131\u011f\u0131 taraf\u0131ndan onaylanm\u0131\u015f bir otomobil ihracat pilot birimidir. \u015eu anda stokta yakla\u015f\u0131k 300 adet ara\u00e7 bulunmakta olup, 3 g\u00fcn i\u00e7inde sevkiyata haz\u0131rd\u0131r ve [\u2026]<\/p>","protected":false},"featured_media":3600,"comment_status":"open","ping_status":"closed","template":"","meta":{"_acf_changed":false},"product_brand":[],"product_cat":[20,34],"product_tag":[],"class_list":{"0":"post-3581","1":"product","2":"type-product","3":"status-publish","4":"has-post-thumbnail","6":"product_cat-new-car","7":"product_cat-bmw","9":"first","10":"instock","11":"shipping-taxable","12":"purchasable","13":"product-type-simple"},"acf":[],"_links":{"self":[{"href":"https:\/\/www.cars-in-china.com\/tr\/wp-json\/wp\/v2\/product\/3581","targetHints":{"allow":["GET"]}}],"collection":[{"href":"https:\/\/www.cars-in-china.com\/tr\/wp-json\/wp\/v2\/product"}],"about":[{"href":"https:\/\/www.cars-in-china.com\/tr\/wp-json\/wp\/v2\/types\/product"}],"replies":[{"embeddable":true,"href":"https:\/\/www.cars-in-china.com\/tr\/wp-json\/wp\/v2\/comments?post=3581"}],"wp:featuredmedia":[{"embeddable":true,"href":"https:\/\/www.cars-in-china.com\/tr\/wp-json\/wp\/v2\/media\/3600"}],"wp:attachment":[{"href":"https:\/\/www.cars-in-china.com\/tr\/wp-json\/wp\/v2\/media?parent=3581"}],"wp:term":[{"taxonomy":"product_brand","embeddable":true,"href":"https:\/\/www.cars-in-china.com\/tr\/wp-json\/wp\/v2\/product_brand?post=3581"},{"taxonomy":"product_cat","embeddable":true,"href":"https:\/\/www.cars-in-china.com\/tr\/wp-json\/wp\/v2\/product_cat?post=3581"},{"taxonomy":"product_tag","embeddable":true,"href":"https:\/\/www.cars-in-china.com\/tr\/wp-json\/wp\/v2\/product_tag?post=3581"}],"curies":[{"name":"wp","href":"https:\/\/api.w.org\/{rel}","templated":true}]}}