{"id":3251,"date":"2024-06-21T07:52:34","date_gmt":"2024-06-21T07:52:34","guid":{"rendered":"https:\/\/www.cars-in-china.com\/?post_type=product&#038;p=3251"},"modified":"2024-09-05T09:00:24","modified_gmt":"2024-09-05T09:00:24","slug":"2024-aion-s","status":"publish","type":"product","link":"https:\/\/www.cars-in-china.com\/tr\/2024-aion-s\/","title":{"rendered":"2024 AION S"},"content":{"rendered":"<p>2024 AION S, \u00c7in elektrikli otomobil ihracat\u00e7\u0131s\u0131 DUDU NEV (AION&#039;un resmi yetkili sat\u0131c\u0131s\u0131) taraf\u0131ndan sat\u0131lan bir sedand\u0131r. DUDU NEV, profesyonel ihracat yeterliliklerine, eksiksiz yeterliliklere ve uygun ihracat prosed\u00fcrlerine sahiptir. Ticaret Bakanl\u0131\u011f\u0131 taraf\u0131ndan onaylanm\u0131\u015f bir otomobil ihracat pilot birimidir. \u015eu anda stokta 300 adet ara\u00e7 bulunmaktad\u0131r ve 3 g\u00fcnde sevkiyata haz\u0131rd\u0131r ve teslimat h\u0131z\u0131 h\u0131zl\u0131d\u0131r. Ara\u00e7 t\u00fcm d\u00fcnyada s\u0131cak sat\u0131\u015ftad\u0131r.<\/p>\n<p>&nbsp;<\/p>","protected":false},"excerpt":{"rendered":"<p>2024 AION S, \u00c7inli elektrikli otomobil ihracat\u00e7\u0131s\u0131 DUDU NEV (AION&#039;un resmi yetkili sat\u0131c\u0131s\u0131) taraf\u0131ndan sat\u0131lan bir sedand\u0131r. DUDU NEV, profesyonel ihracat yeterliliklerine, eksiksiz yeterliliklere ve kolay ihracat prosed\u00fcrlerine sahiptir. Ticaret Bakanl\u0131\u011f\u0131 taraf\u0131ndan onaylanm\u0131\u015f bir otomobil ihracat pilot birimidir. \u015eu anda stokta yakla\u015f\u0131k 300 adet ara\u00e7 bulunmaktad\u0131r ve 3 [\u2026]<\/p>","protected":false},"featured_media":3066,"comment_status":"open","ping_status":"closed","template":"","meta":{"_acf_changed":false},"product_brand":[],"product_cat":[20,36],"product_tag":[],"class_list":{"0":"post-3251","1":"product","2":"type-product","3":"status-publish","4":"has-post-thumbnail","6":"product_cat-new-car","7":"product_cat-aion","9":"first","10":"instock","11":"shipping-taxable","12":"purchasable","13":"product-type-simple"},"acf":[],"_links":{"self":[{"href":"https:\/\/www.cars-in-china.com\/tr\/wp-json\/wp\/v2\/product\/3251","targetHints":{"allow":["GET"]}}],"collection":[{"href":"https:\/\/www.cars-in-china.com\/tr\/wp-json\/wp\/v2\/product"}],"about":[{"href":"https:\/\/www.cars-in-china.com\/tr\/wp-json\/wp\/v2\/types\/product"}],"replies":[{"embeddable":true,"href":"https:\/\/www.cars-in-china.com\/tr\/wp-json\/wp\/v2\/comments?post=3251"}],"wp:featuredmedia":[{"embeddable":true,"href":"https:\/\/www.cars-in-china.com\/tr\/wp-json\/wp\/v2\/media\/3066"}],"wp:attachment":[{"href":"https:\/\/www.cars-in-china.com\/tr\/wp-json\/wp\/v2\/media?parent=3251"}],"wp:term":[{"taxonomy":"product_brand","embeddable":true,"href":"https:\/\/www.cars-in-china.com\/tr\/wp-json\/wp\/v2\/product_brand?post=3251"},{"taxonomy":"product_cat","embeddable":true,"href":"https:\/\/www.cars-in-china.com\/tr\/wp-json\/wp\/v2\/product_cat?post=3251"},{"taxonomy":"product_tag","embeddable":true,"href":"https:\/\/www.cars-in-china.com\/tr\/wp-json\/wp\/v2\/product_tag?post=3251"}],"curies":[{"name":"wp","href":"https:\/\/api.w.org\/{rel}","templated":true}]}}