{"id":2941,"date":"2024-06-19T07:21:32","date_gmt":"2024-06-19T07:21:32","guid":{"rendered":"https:\/\/www.cars-in-china.com\/?post_type=product&#038;p=2941"},"modified":"2024-09-02T06:38:53","modified_gmt":"2024-09-02T06:38:53","slug":"2022-id-6x-pure","status":"publish","type":"product","link":"https:\/\/www.cars-in-china.com\/tr\/2022-id-6x-pure\/","title":{"rendered":"2022 ID.6X SAF+"},"content":{"rendered":"<p>2022 ID.6X PURE+, \u00c7in elektrikli otomobil ihracat\u00e7\u0131s\u0131 DUDU NEV (Volkswagen&#039;in resmi yetkili sat\u0131c\u0131s\u0131) taraf\u0131ndan sat\u0131lan bir SUV&#039;dur. Arabalar iyi durumdad\u0131r ve yakla\u015f\u0131k 20.000-50.000 km gibi \u00e7ok d\u00fc\u015f\u00fck bir kilometreye sahiptir. Kazas\u0131 yoktur ve muayene raporu vard\u0131r. \u015eu anda stokta 3 g\u00fcn i\u00e7inde sevkiyat i\u00e7in mevcut olan yakla\u015f\u0131k 400 adet ara\u00e7 bulunmaktad\u0131r. Araba 360 derecelik panoramik g\u00f6r\u00fcnt\u00fclerle donat\u0131lm\u0131\u015ft\u0131r. T\u00fcm d\u00fcnyada \u00e7ok sat\u0131lmaktad\u0131r.<\/p>","protected":false},"excerpt":{"rendered":"<p>2022 ID.6X PURE+, \u00c7inli elektrikli otomobil ihracat\u00e7\u0131s\u0131 DUDU NEV (Volkswagen&#039;in resmi yetkili bayisi) taraf\u0131ndan sat\u0131lan bir SUV&#039;dur. Ara\u00e7lar iyi durumda olup, yakla\u015f\u0131k 20.000-50.000 km gibi \u00e7ok d\u00fc\u015f\u00fck bir kilometreye sahiptir. Kazas\u0131zd\u0131r ve muayene raporu mevcuttur. \u015eu anda stokta 400 adet ara\u00e7 bulunmaktad\u0131r ve 3 g\u00fcn i\u00e7inde sevkiyata haz\u0131rd\u0131r. Ara\u00e7 360 derece g\u00f6r\u00fc\u015f a\u00e7\u0131s\u0131na sahiptir [\u2026]<\/p>","protected":false},"featured_media":2848,"comment_status":"open","ping_status":"closed","template":"","meta":{"_acf_changed":false},"product_brand":[],"product_cat":[21,44],"product_tag":[],"class_list":{"0":"post-2941","1":"product","2":"type-product","3":"status-publish","4":"has-post-thumbnail","6":"product_cat-used-car","7":"product_cat-used-volkswagen","9":"first","10":"instock","11":"shipping-taxable","12":"purchasable","13":"product-type-simple"},"acf":[],"_links":{"self":[{"href":"https:\/\/www.cars-in-china.com\/tr\/wp-json\/wp\/v2\/product\/2941","targetHints":{"allow":["GET"]}}],"collection":[{"href":"https:\/\/www.cars-in-china.com\/tr\/wp-json\/wp\/v2\/product"}],"about":[{"href":"https:\/\/www.cars-in-china.com\/tr\/wp-json\/wp\/v2\/types\/product"}],"replies":[{"embeddable":true,"href":"https:\/\/www.cars-in-china.com\/tr\/wp-json\/wp\/v2\/comments?post=2941"}],"wp:featuredmedia":[{"embeddable":true,"href":"https:\/\/www.cars-in-china.com\/tr\/wp-json\/wp\/v2\/media\/2848"}],"wp:attachment":[{"href":"https:\/\/www.cars-in-china.com\/tr\/wp-json\/wp\/v2\/media?parent=2941"}],"wp:term":[{"taxonomy":"product_brand","embeddable":true,"href":"https:\/\/www.cars-in-china.com\/tr\/wp-json\/wp\/v2\/product_brand?post=2941"},{"taxonomy":"product_cat","embeddable":true,"href":"https:\/\/www.cars-in-china.com\/tr\/wp-json\/wp\/v2\/product_cat?post=2941"},{"taxonomy":"product_tag","embeddable":true,"href":"https:\/\/www.cars-in-china.com\/tr\/wp-json\/wp\/v2\/product_tag?post=2941"}],"curies":[{"name":"wp","href":"https:\/\/api.w.org\/{rel}","templated":true}]}}