{"id":2939,"date":"2024-06-19T06:34:42","date_gmt":"2024-06-19T06:34:42","guid":{"rendered":"https:\/\/www.cars-in-china.com\/?post_type=product&#038;p=2939"},"modified":"2024-08-09T05:54:35","modified_gmt":"2024-08-09T05:54:35","slug":"2022-id-6x-pro","status":"publish","type":"product","link":"https:\/\/www.cars-in-china.com\/tr\/2022-id-6x-pro\/","title":{"rendered":"2022 ID.6X PRO"},"content":{"rendered":"<p>2022 ID.6X PRO, \u00c7in elektrikli otomobil ihracat\u00e7\u0131s\u0131 DUDU NEV (Volkswagen&#039;in resmi yetkili sat\u0131c\u0131s\u0131) taraf\u0131ndan sat\u0131lan bir SUV&#039;dur. Arabalar iyi durumdad\u0131r ve yakla\u015f\u0131k 10.000-50.000 km&#039;lik \u00e7ok d\u00fc\u015f\u00fck kilometreye sahiptir. Kazas\u0131 yoktur ve muayene raporu vard\u0131r. \u015eu anda stokta 3 g\u00fcn i\u00e7inde sevkiyat i\u00e7in mevcut olan yakla\u015f\u0131k 400 adet ara\u00e7 bulunmaktad\u0131r. Araba 360 derecelik panoramik g\u00f6r\u00fcnt\u00fclerle donat\u0131lm\u0131\u015ft\u0131r. T\u00fcm d\u00fcnyada \u00e7ok sat\u0131lmaktad\u0131r.<\/p>","protected":false},"excerpt":{"rendered":"<p>2022 ID.6X PRO, \u00c7inli elektrikli otomobil ihracat\u00e7\u0131s\u0131 DUDU NEV (Volkswagen&#039;in resmi yetkili sat\u0131c\u0131s\u0131) taraf\u0131ndan sat\u0131lan bir SUV&#039;dur. Ara\u00e7, 10.000-50.000 km gibi \u00e7ok d\u00fc\u015f\u00fck kilometre de\u011ferlerine sahip, iyi durumdad\u0131r. Kazas\u0131 yoktur ve ekspertiz raporu mevcuttur. \u015eu anda stokta 3 g\u00fcn i\u00e7inde sevkiyata haz\u0131r yakla\u015f\u0131k 400 adet ara\u00e7 bulunmaktad\u0131r. Ara\u00e7, [\u2026]<\/p>","protected":false},"featured_media":2786,"comment_status":"open","ping_status":"closed","template":"","meta":{"_acf_changed":false},"product_brand":[],"product_cat":[21,44],"product_tag":[],"class_list":{"0":"post-2939","1":"product","2":"type-product","3":"status-publish","4":"has-post-thumbnail","6":"product_cat-used-car","7":"product_cat-used-volkswagen","9":"first","10":"instock","11":"shipping-taxable","12":"purchasable","13":"product-type-simple"},"acf":[],"_links":{"self":[{"href":"https:\/\/www.cars-in-china.com\/tr\/wp-json\/wp\/v2\/product\/2939","targetHints":{"allow":["GET"]}}],"collection":[{"href":"https:\/\/www.cars-in-china.com\/tr\/wp-json\/wp\/v2\/product"}],"about":[{"href":"https:\/\/www.cars-in-china.com\/tr\/wp-json\/wp\/v2\/types\/product"}],"replies":[{"embeddable":true,"href":"https:\/\/www.cars-in-china.com\/tr\/wp-json\/wp\/v2\/comments?post=2939"}],"wp:featuredmedia":[{"embeddable":true,"href":"https:\/\/www.cars-in-china.com\/tr\/wp-json\/wp\/v2\/media\/2786"}],"wp:attachment":[{"href":"https:\/\/www.cars-in-china.com\/tr\/wp-json\/wp\/v2\/media?parent=2939"}],"wp:term":[{"taxonomy":"product_brand","embeddable":true,"href":"https:\/\/www.cars-in-china.com\/tr\/wp-json\/wp\/v2\/product_brand?post=2939"},{"taxonomy":"product_cat","embeddable":true,"href":"https:\/\/www.cars-in-china.com\/tr\/wp-json\/wp\/v2\/product_cat?post=2939"},{"taxonomy":"product_tag","embeddable":true,"href":"https:\/\/www.cars-in-china.com\/tr\/wp-json\/wp\/v2\/product_tag?post=2939"}],"curies":[{"name":"wp","href":"https:\/\/api.w.org\/{rel}","templated":true}]}}