{"id":2089,"date":"2024-06-12T08:38:12","date_gmt":"2024-06-12T08:38:12","guid":{"rendered":"https:\/\/www.cars-in-china.com\/?post_type=product&#038;p=2089"},"modified":"2024-09-10T09:12:23","modified_gmt":"2024-09-10T09:12:23","slug":"2022-baic-eu5","status":"publish","type":"product","link":"https:\/\/www.cars-in-china.com\/tr\/2022-baic-eu5\/","title":{"rendered":"2022 BAIC EU5"},"content":{"rendered":"<p>2022 BAIC EU5, \u00c7in elektrikli otomobil ihracat\u00e7\u0131s\u0131 DUDU NEV (BAIC&#039;in resmi yetkili sat\u0131c\u0131s\u0131) taraf\u0131ndan sat\u0131lan bir sedand\u0131r. Arabalar iyi durumdad\u0131r ve yakla\u015f\u0131k 80.000-200.000 km&#039;lik \u00e7ok d\u00fc\u015f\u00fck kilometreye sahiptir. Kazas\u0131zd\u0131r ve muayene raporu vard\u0131r. Araba 360 derecelik panoramik g\u00f6r\u00fcnt\u00fc ile donat\u0131lm\u0131\u015ft\u0131r. \u015eu anda stokta yakla\u015f\u0131k 100 adet bulunmaktad\u0131r ve 3 g\u00fcn i\u00e7inde sevkiyata haz\u0131rd\u0131r. T\u00fcm d\u00fcnyada s\u0131cak sat\u0131\u015ftad\u0131r.<\/p>","protected":false},"excerpt":{"rendered":"<p>2022 BAIC EU5, \u00c7in elektrikli otomobil ihracat\u00e7\u0131s\u0131 DUDU NEV (BAIC&#039;in resmi yetkili sat\u0131c\u0131s\u0131) taraf\u0131ndan sat\u0131lan bir sedand\u0131r. Ara\u00e7lar iyi durumdad\u0131r ve kilometresi \u00e7ok d\u00fc\u015f\u00fckt\u00fcr (yakla\u015f\u0131k 80.000-200.000 km). Kazas\u0131 yoktur ve muayene raporu vard\u0131r. Ara\u00e7 360 derecelik panoramik g\u00f6r\u00fcnt\u00fcye sahiptir. \u015eu anda stokta yakla\u015f\u0131k 100 adet ara\u00e7 bulunmaktad\u0131r. [\u2026]<\/p>","protected":false},"featured_media":2075,"comment_status":"open","ping_status":"closed","template":"","meta":{"_acf_changed":false},"product_brand":[],"product_cat":[21,59],"product_tag":[],"class_list":{"0":"post-2089","1":"product","2":"type-product","3":"status-publish","4":"has-post-thumbnail","6":"product_cat-used-car","7":"product_cat-used-baic","9":"first","10":"instock","11":"shipping-taxable","12":"purchasable","13":"product-type-simple"},"acf":[],"_links":{"self":[{"href":"https:\/\/www.cars-in-china.com\/tr\/wp-json\/wp\/v2\/product\/2089","targetHints":{"allow":["GET"]}}],"collection":[{"href":"https:\/\/www.cars-in-china.com\/tr\/wp-json\/wp\/v2\/product"}],"about":[{"href":"https:\/\/www.cars-in-china.com\/tr\/wp-json\/wp\/v2\/types\/product"}],"replies":[{"embeddable":true,"href":"https:\/\/www.cars-in-china.com\/tr\/wp-json\/wp\/v2\/comments?post=2089"}],"wp:featuredmedia":[{"embeddable":true,"href":"https:\/\/www.cars-in-china.com\/tr\/wp-json\/wp\/v2\/media\/2075"}],"wp:attachment":[{"href":"https:\/\/www.cars-in-china.com\/tr\/wp-json\/wp\/v2\/media?parent=2089"}],"wp:term":[{"taxonomy":"product_brand","embeddable":true,"href":"https:\/\/www.cars-in-china.com\/tr\/wp-json\/wp\/v2\/product_brand?post=2089"},{"taxonomy":"product_cat","embeddable":true,"href":"https:\/\/www.cars-in-china.com\/tr\/wp-json\/wp\/v2\/product_cat?post=2089"},{"taxonomy":"product_tag","embeddable":true,"href":"https:\/\/www.cars-in-china.com\/tr\/wp-json\/wp\/v2\/product_tag?post=2089"}],"curies":[{"name":"wp","href":"https:\/\/api.w.org\/{rel}","templated":true}]}}