{"id":2036,"date":"2024-06-12T06:55:21","date_gmt":"2024-06-12T06:55:21","guid":{"rendered":"https:\/\/www.cars-in-china.com\/?post_type=product&#038;p=2036"},"modified":"2025-02-05T14:14:37","modified_gmt":"2025-02-05T06:14:37","slug":"2021-chang-an-eado-ev460","status":"publish","type":"product","link":"https:\/\/www.cars-in-china.com\/tr\/2021-chang-an-eado-ev460\/","title":{"rendered":"2021 Chang An Eado EV460"},"content":{"rendered":"<p>2021 Chang An Eado EV460, \u00c7in elektrikli otomobil ihracat\u00e7\u0131s\u0131 DUDU NEV (Changan&#039;\u0131n resmi yetkili sat\u0131c\u0131s\u0131) taraf\u0131ndan sat\u0131lan bir sedand\u0131r. Arabalar iyi durumdad\u0131r ve yakla\u015f\u0131k 60.000-100.000 km gibi \u00e7ok d\u00fc\u015f\u00fck bir kilometreye sahiptir. Kazas\u0131 yoktur ve muayene raporu vard\u0131r. \u015eu anda stokta 3 g\u00fcn i\u00e7inde sevkiyat i\u00e7in mevcut olan yakla\u015f\u0131k 400 adet ara\u00e7 bulunmaktad\u0131r. Araba, a\u00e7\u0131labilir elektrikli bir tavan penceresi ile donat\u0131lm\u0131\u015ft\u0131r. T\u00fcm d\u00fcnyada \u00e7ok sat\u0131lmaktad\u0131r.<\/p>\n<p>&nbsp;<\/p>","protected":false},"excerpt":{"rendered":"<p>2021 Chang An Eado EV460, \u00c7inli elektrikli otomobil ihracat\u00e7\u0131s\u0131 DUDU NEV (Changan&#039;\u0131n resmi yetkili sat\u0131c\u0131s\u0131) taraf\u0131ndan sat\u0131lan bir sedand\u0131r. Ara\u00e7lar iyi durumdad\u0131r ve kilometreleri \u00e7ok d\u00fc\u015f\u00fckt\u00fcr (yakla\u015f\u0131k 60.000-100.000 km). Kazas\u0131 yoktur ve muayene raporu mevcuttur. \u015eu anda stokta 3 g\u00fcn i\u00e7inde sevkiyata haz\u0131r yakla\u015f\u0131k 400 adet ara\u00e7 bulunmaktad\u0131r. [\u2026]<\/p>","protected":false},"featured_media":9104,"comment_status":"closed","ping_status":"closed","template":"","meta":{"_acf_changed":false},"product_brand":[],"product_cat":[21,47],"product_tag":[],"class_list":{"0":"post-2036","1":"product","2":"type-product","3":"status-publish","4":"has-post-thumbnail","6":"product_cat-used-car","7":"product_cat-used-changan","9":"first","10":"instock","11":"shipping-taxable","12":"purchasable","13":"product-type-simple"},"acf":[],"_links":{"self":[{"href":"https:\/\/www.cars-in-china.com\/tr\/wp-json\/wp\/v2\/product\/2036","targetHints":{"allow":["GET"]}}],"collection":[{"href":"https:\/\/www.cars-in-china.com\/tr\/wp-json\/wp\/v2\/product"}],"about":[{"href":"https:\/\/www.cars-in-china.com\/tr\/wp-json\/wp\/v2\/types\/product"}],"replies":[{"embeddable":true,"href":"https:\/\/www.cars-in-china.com\/tr\/wp-json\/wp\/v2\/comments?post=2036"}],"wp:featuredmedia":[{"embeddable":true,"href":"https:\/\/www.cars-in-china.com\/tr\/wp-json\/wp\/v2\/media\/9104"}],"wp:attachment":[{"href":"https:\/\/www.cars-in-china.com\/tr\/wp-json\/wp\/v2\/media?parent=2036"}],"wp:term":[{"taxonomy":"product_brand","embeddable":true,"href":"https:\/\/www.cars-in-china.com\/tr\/wp-json\/wp\/v2\/product_brand?post=2036"},{"taxonomy":"product_cat","embeddable":true,"href":"https:\/\/www.cars-in-china.com\/tr\/wp-json\/wp\/v2\/product_cat?post=2036"},{"taxonomy":"product_tag","embeddable":true,"href":"https:\/\/www.cars-in-china.com\/tr\/wp-json\/wp\/v2\/product_tag?post=2036"}],"curies":[{"name":"wp","href":"https:\/\/api.w.org\/{rel}","templated":true}]}}