{"id":1979,"date":"2024-06-04T09:07:49","date_gmt":"2024-06-04T09:07:49","guid":{"rendered":"https:\/\/www.cars-in-china.com\/?post_type=product&#038;p=1979"},"modified":"2024-08-22T07:51:05","modified_gmt":"2024-08-22T07:51:05","slug":"2023-neta-x-500-lite","status":"publish","type":"product","link":"https:\/\/www.cars-in-china.com\/tr\/2023-neta-x-500-lite\/","title":{"rendered":"2023 NETA X 500 lite"},"content":{"rendered":"<p>2023 NETA X, \u00c7in elektrikli otomobil ihracat\u00e7\u0131s\u0131 DUDU NEV (HONSON&#039;un resmi yetkili sat\u0131c\u0131s\u0131) taraf\u0131ndan sat\u0131lan bir SUV&#039;dur. Arabalar iyi durumdad\u0131r ve yakla\u015f\u0131k 80.000-200.000 km&#039;de \u00e7ok d\u00fc\u015f\u00fck kilometreye sahiptir. Kazas\u0131 yoktur ve muayene raporu vard\u0131r. \u015eu anda stokta yakla\u015f\u0131k 100 adet bulunmaktad\u0131r ve 3 g\u00fcn i\u00e7inde sevkiyata haz\u0131rd\u0131r. T\u00fcm d\u00fcnyada s\u0131cak sat\u0131\u015ftad\u0131r.<\/p>","protected":false},"excerpt":{"rendered":"<p>2023 NETA X, \u00c7in elektrikli otomobil ihracat\u00e7\u0131s\u0131 DUDU NEV (HONSON&#039;un resmi yetkili sat\u0131c\u0131s\u0131) taraf\u0131ndan sat\u0131lan bir SUV&#039;dur. Ara\u00e7lar iyi durumdad\u0131r ve kilometresi \u00e7ok d\u00fc\u015f\u00fckt\u00fcr (yakla\u015f\u0131k 80.000-200.000 km). Kazas\u0131 yoktur ve muayene raporu vard\u0131r. \u015eu anda stokta 3 g\u00fcn i\u00e7inde sevkiyata haz\u0131r yakla\u015f\u0131k 100 adet ara\u00e7 bulunmaktad\u0131r. \u00c7ok sat\u0131l\u0131yor [\u2026]<\/p>","protected":false},"featured_media":1988,"comment_status":"open","ping_status":"closed","template":"","meta":{"_acf_changed":false},"product_brand":[],"product_cat":[21,56],"product_tag":[],"class_list":{"0":"post-1979","1":"product","2":"type-product","3":"status-publish","4":"has-post-thumbnail","6":"product_cat-used-car","7":"product_cat-used-neta","9":"first","10":"instock","11":"shipping-taxable","12":"purchasable","13":"product-type-simple"},"acf":[],"_links":{"self":[{"href":"https:\/\/www.cars-in-china.com\/tr\/wp-json\/wp\/v2\/product\/1979","targetHints":{"allow":["GET"]}}],"collection":[{"href":"https:\/\/www.cars-in-china.com\/tr\/wp-json\/wp\/v2\/product"}],"about":[{"href":"https:\/\/www.cars-in-china.com\/tr\/wp-json\/wp\/v2\/types\/product"}],"replies":[{"embeddable":true,"href":"https:\/\/www.cars-in-china.com\/tr\/wp-json\/wp\/v2\/comments?post=1979"}],"wp:featuredmedia":[{"embeddable":true,"href":"https:\/\/www.cars-in-china.com\/tr\/wp-json\/wp\/v2\/media\/1988"}],"wp:attachment":[{"href":"https:\/\/www.cars-in-china.com\/tr\/wp-json\/wp\/v2\/media?parent=1979"}],"wp:term":[{"taxonomy":"product_brand","embeddable":true,"href":"https:\/\/www.cars-in-china.com\/tr\/wp-json\/wp\/v2\/product_brand?post=1979"},{"taxonomy":"product_cat","embeddable":true,"href":"https:\/\/www.cars-in-china.com\/tr\/wp-json\/wp\/v2\/product_cat?post=1979"},{"taxonomy":"product_tag","embeddable":true,"href":"https:\/\/www.cars-in-china.com\/tr\/wp-json\/wp\/v2\/product_tag?post=1979"}],"curies":[{"name":"wp","href":"https:\/\/api.w.org\/{rel}","templated":true}]}}