{"id":1920,"date":"2024-06-04T07:18:44","date_gmt":"2024-06-04T07:18:44","guid":{"rendered":"https:\/\/www.cars-in-china.com\/?post_type=product&#038;p=1920"},"modified":"2025-02-05T11:00:23","modified_gmt":"2025-02-05T03:00:23","slug":"2022-neta-u","status":"publish","type":"product","link":"https:\/\/www.cars-in-china.com\/tr\/2022-neta-u\/","title":{"rendered":"2022 NETA U pro400"},"content":{"rendered":"<p>2022 NETA U pro 400, \u00c7in elektrikli otomobil ihracat\u00e7\u0131s\u0131 DUDU NEV (Hozon&#039;un resmi yetkili sat\u0131c\u0131s\u0131) taraf\u0131ndan sat\u0131lan kompakt bir SUV&#039;dur. Arabalar iyi durumdad\u0131r ve yakla\u015f\u0131k 60.000-100.000 km&#039;lik \u00e7ok d\u00fc\u015f\u00fck kilometreye sahiptir. Kazas\u0131 yoktur ve muayene raporu vard\u0131r. \u015eu anda stokta 3 g\u00fcn i\u00e7inde sevkiyat i\u00e7in mevcut olan yakla\u015f\u0131k 100 adet ara\u00e7 bulunmaktad\u0131r. Ara\u00e7ta geri g\u00f6r\u00fc\u015f kameras\u0131 bulunmaktad\u0131r. T\u00fcm d\u00fcnyada \u00e7ok sat\u0131lmaktad\u0131r.<\/p>","protected":false},"excerpt":{"rendered":"<p>2022 NETA U pro 400, \u00c7in elektrikli otomobil ihracat\u00e7\u0131s\u0131 DUDU NEV (Hozon&#039;un resmi yetkili sat\u0131c\u0131s\u0131) taraf\u0131ndan sat\u0131lan kompakt bir SUV&#039;dur. Ara\u00e7lar iyi durumdad\u0131r ve kilometreleri olduk\u00e7a d\u00fc\u015f\u00fckt\u00fcr (yakla\u015f\u0131k 60.000-100.000 km). Kaza kayd\u0131 yoktur ve ekspertiz raporu mevcuttur. \u015eu anda stokta 100 adet bulunmaktad\u0131r ve 3 [\u2026]<\/p>","protected":false},"featured_media":1935,"comment_status":"closed","ping_status":"closed","template":"","meta":{"_acf_changed":false},"product_brand":[],"product_cat":[21,56],"product_tag":[],"class_list":{"0":"post-1920","1":"product","2":"type-product","3":"status-publish","4":"has-post-thumbnail","6":"product_cat-used-car","7":"product_cat-used-neta","9":"first","10":"instock","11":"shipping-taxable","12":"purchasable","13":"product-type-simple"},"acf":[],"_links":{"self":[{"href":"https:\/\/www.cars-in-china.com\/tr\/wp-json\/wp\/v2\/product\/1920","targetHints":{"allow":["GET"]}}],"collection":[{"href":"https:\/\/www.cars-in-china.com\/tr\/wp-json\/wp\/v2\/product"}],"about":[{"href":"https:\/\/www.cars-in-china.com\/tr\/wp-json\/wp\/v2\/types\/product"}],"replies":[{"embeddable":true,"href":"https:\/\/www.cars-in-china.com\/tr\/wp-json\/wp\/v2\/comments?post=1920"}],"wp:featuredmedia":[{"embeddable":true,"href":"https:\/\/www.cars-in-china.com\/tr\/wp-json\/wp\/v2\/media\/1935"}],"wp:attachment":[{"href":"https:\/\/www.cars-in-china.com\/tr\/wp-json\/wp\/v2\/media?parent=1920"}],"wp:term":[{"taxonomy":"product_brand","embeddable":true,"href":"https:\/\/www.cars-in-china.com\/tr\/wp-json\/wp\/v2\/product_brand?post=1920"},{"taxonomy":"product_cat","embeddable":true,"href":"https:\/\/www.cars-in-china.com\/tr\/wp-json\/wp\/v2\/product_cat?post=1920"},{"taxonomy":"product_tag","embeddable":true,"href":"https:\/\/www.cars-in-china.com\/tr\/wp-json\/wp\/v2\/product_tag?post=1920"}],"curies":[{"name":"wp","href":"https:\/\/api.w.org\/{rel}","templated":true}]}}