{"id":1910,"date":"2024-05-30T08:43:05","date_gmt":"2024-05-30T08:43:05","guid":{"rendered":"https:\/\/www.cars-in-china.com\/?post_type=product&#038;p=1910"},"modified":"2024-08-09T07:04:48","modified_gmt":"2024-08-09T07:04:48","slug":"2022-hongqi-e-hs9","status":"publish","type":"product","link":"https:\/\/www.cars-in-china.com\/tr\/2022-hongqi-e-hs9\/","title":{"rendered":"2022 Hongqi E-Hs9"},"content":{"rendered":"<p>2022 Hongqi Ehs9, \u00c7in elektrikli otomobil ihracat\u00e7\u0131s\u0131 DUDU NEV (Hongqi&#039;nin resmi yetkili sat\u0131c\u0131s\u0131) taraf\u0131ndan sat\u0131lan bir SUV otomobildir. Arabalar iyi durumdad\u0131r ve yakla\u015f\u0131k 60.000-100.000 km gibi \u00e7ok d\u00fc\u015f\u00fck bir kilometreye sahiptir. Kazas\u0131 yoktur ve muayene raporu vard\u0131r. \u015eu anda stokta 3 g\u00fcn i\u00e7inde sevkiyat i\u00e7in mevcut olan yakla\u015f\u0131k 200 adet ara\u00e7 bulunmaktad\u0131r. Araba, a\u00e7\u0131labilir elektrikli tavan penceresi ile donat\u0131lm\u0131\u015ft\u0131r. T\u00fcm d\u00fcnyada \u00e7ok sat\u0131lmaktad\u0131r.<\/p>","protected":false},"excerpt":{"rendered":"<p>2022 Hongqi Ehs9, \u00c7in elektrikli otomobil ihracat\u00e7\u0131s\u0131 DUDU NEV (Hongqi&#039;nin resmi yetkili sat\u0131c\u0131s\u0131) taraf\u0131ndan sat\u0131lan bir SUV otomobildir. Arabalar iyi durumdad\u0131r ve \u00e7ok d\u00fc\u015f\u00fck kilometreye sahiptir (yakla\u015f\u0131k 60.000-100.000 km). Kazas\u0131 yoktur ve muayene raporu vard\u0131r. \u015eu anda stokta 3 g\u00fcn i\u00e7inde sevkiyat i\u00e7in haz\u0131r olan yakla\u015f\u0131k 200 adet ara\u00e7 bulunmaktad\u0131r. Araba [\u2026]<\/p>","protected":false},"featured_media":1861,"comment_status":"open","ping_status":"closed","template":"","meta":{"_acf_changed":false},"product_brand":[],"product_cat":[21,55],"product_tag":[],"class_list":{"0":"post-1910","1":"product","2":"type-product","3":"status-publish","4":"has-post-thumbnail","6":"product_cat-used-car","7":"product_cat-used-hongqi","9":"first","10":"instock","11":"shipping-taxable","12":"purchasable","13":"product-type-simple"},"acf":[],"_links":{"self":[{"href":"https:\/\/www.cars-in-china.com\/tr\/wp-json\/wp\/v2\/product\/1910","targetHints":{"allow":["GET"]}}],"collection":[{"href":"https:\/\/www.cars-in-china.com\/tr\/wp-json\/wp\/v2\/product"}],"about":[{"href":"https:\/\/www.cars-in-china.com\/tr\/wp-json\/wp\/v2\/types\/product"}],"replies":[{"embeddable":true,"href":"https:\/\/www.cars-in-china.com\/tr\/wp-json\/wp\/v2\/comments?post=1910"}],"wp:featuredmedia":[{"embeddable":true,"href":"https:\/\/www.cars-in-china.com\/tr\/wp-json\/wp\/v2\/media\/1861"}],"wp:attachment":[{"href":"https:\/\/www.cars-in-china.com\/tr\/wp-json\/wp\/v2\/media?parent=1910"}],"wp:term":[{"taxonomy":"product_brand","embeddable":true,"href":"https:\/\/www.cars-in-china.com\/tr\/wp-json\/wp\/v2\/product_brand?post=1910"},{"taxonomy":"product_cat","embeddable":true,"href":"https:\/\/www.cars-in-china.com\/tr\/wp-json\/wp\/v2\/product_cat?post=1910"},{"taxonomy":"product_tag","embeddable":true,"href":"https:\/\/www.cars-in-china.com\/tr\/wp-json\/wp\/v2\/product_tag?post=1910"}],"curies":[{"name":"wp","href":"https:\/\/api.w.org\/{rel}","templated":true}]}}