{"id":1902,"date":"2024-05-30T07:13:33","date_gmt":"2024-05-30T07:13:33","guid":{"rendered":"https:\/\/www.cars-in-china.com\/?post_type=product&#038;p=1902"},"modified":"2024-08-09T07:07:22","modified_gmt":"2024-08-09T07:07:22","slug":"2019-volkswagen-e-bora","status":"publish","type":"product","link":"https:\/\/www.cars-in-china.com\/tr\/2019-volkswagen-e-bora\/","title":{"rendered":"2019 Volkswagen e-BORA"},"content":{"rendered":"<p>2019 Volkswagen e-Bora, \u00c7in elektrikli otomobil ihracat\u00e7\u0131s\u0131 DUDU NEV (Volkswagen&#039;in resmi yetkili sat\u0131c\u0131s\u0131) taraf\u0131ndan sat\u0131lan kompakt bir otomobildir. Bu otomobil iyi durumdad\u0131r ve yakla\u015f\u0131k 50.000-100.000 km&#039;lik \u00e7ok d\u00fc\u015f\u00fck kilometreye sahiptir. Kazas\u0131 yoktur ve muayene raporu vard\u0131r. \u015eu anda stokta 300 adet bulunmaktad\u0131r ve 3 g\u00fcn i\u00e7inde sevkiyata haz\u0131rd\u0131r. Otomobil, a\u00e7\u0131labilir bir tavan penceresi ve yak\u0131t tasarrufu ile donat\u0131lm\u0131\u015ft\u0131r. T\u00fcm d\u00fcnyada \u00e7ok sat\u0131lmaktad\u0131r.<\/p>","protected":false},"excerpt":{"rendered":"<p>2019 Volkswagen e-Bora, \u00c7inli elektrikli otomobil ihracat\u00e7\u0131s\u0131 DUDU NEV (Volkswagen&#039;in resmi yetkili sat\u0131c\u0131s\u0131) taraf\u0131ndan sat\u0131lan kompakt bir otomobildir. Bu ara\u00e7 iyi durumdad\u0131r ve kilometresi olduk\u00e7a d\u00fc\u015f\u00fckt\u00fcr (yakla\u015f\u0131k 50.000-100.000 km). Kazas\u0131 yoktur ve ekspertiz raporu mevcuttur. \u015eu anda stokta yakla\u015f\u0131k 300 adet bulunmaktad\u0131r ve 3 g\u00fcn i\u00e7inde sevkiyata haz\u0131rd\u0131r. Ara\u00e7 [\u2026]<\/p>","protected":false},"featured_media":1791,"comment_status":"open","ping_status":"closed","template":"","meta":{"_acf_changed":false},"product_brand":[],"product_cat":[21,44],"product_tag":[],"class_list":{"0":"post-1902","1":"product","2":"type-product","3":"status-publish","4":"has-post-thumbnail","6":"product_cat-used-car","7":"product_cat-used-volkswagen","9":"first","10":"instock","11":"shipping-taxable","12":"purchasable","13":"product-type-simple"},"acf":[],"_links":{"self":[{"href":"https:\/\/www.cars-in-china.com\/tr\/wp-json\/wp\/v2\/product\/1902","targetHints":{"allow":["GET"]}}],"collection":[{"href":"https:\/\/www.cars-in-china.com\/tr\/wp-json\/wp\/v2\/product"}],"about":[{"href":"https:\/\/www.cars-in-china.com\/tr\/wp-json\/wp\/v2\/types\/product"}],"replies":[{"embeddable":true,"href":"https:\/\/www.cars-in-china.com\/tr\/wp-json\/wp\/v2\/comments?post=1902"}],"wp:featuredmedia":[{"embeddable":true,"href":"https:\/\/www.cars-in-china.com\/tr\/wp-json\/wp\/v2\/media\/1791"}],"wp:attachment":[{"href":"https:\/\/www.cars-in-china.com\/tr\/wp-json\/wp\/v2\/media?parent=1902"}],"wp:term":[{"taxonomy":"product_brand","embeddable":true,"href":"https:\/\/www.cars-in-china.com\/tr\/wp-json\/wp\/v2\/product_brand?post=1902"},{"taxonomy":"product_cat","embeddable":true,"href":"https:\/\/www.cars-in-china.com\/tr\/wp-json\/wp\/v2\/product_cat?post=1902"},{"taxonomy":"product_tag","embeddable":true,"href":"https:\/\/www.cars-in-china.com\/tr\/wp-json\/wp\/v2\/product_tag?post=1902"}],"curies":[{"name":"wp","href":"https:\/\/api.w.org\/{rel}","templated":true}]}}