{"id":15433,"date":"2026-04-03T15:26:36","date_gmt":"2026-04-03T07:26:36","guid":{"rendered":"https:\/\/www.cars-in-china.com\/?post_type=product&#038;p=15433"},"modified":"2026-04-07T15:32:44","modified_gmt":"2026-04-07T07:32:44","slug":"2025-byd-tang-l-dm","status":"publish","type":"product","link":"https:\/\/www.cars-in-china.com\/tr\/2025-byd-tang-l-dm\/","title":{"rendered":"2025 BYD TANG L DM"},"content":{"rendered":"<p>2025 BYD TANG L DM, \u00c7in&#039;de &quot;Sealion 05 DM-i&quot; olarak da sat\u0131lan orta boy bir SUV&#039;dur (\u015farj edilebilir hibrit aile SUV&#039;u). \u00c7inli elektrikli otomobil ihracat\u00e7\u0131s\u0131 DUDU NEV (BYD&#039;nin resmi yetkili bayisi) taraf\u0131ndan sat\u0131lmaktad\u0131r. DUDU NEV, profesyonel ihracat yeterliliklerine, eksiksiz yetkinliklere ve kolay ihracat prosed\u00fcrlerine sahip olup, Ticaret Bakanl\u0131\u011f\u0131 taraf\u0131ndan onaylanm\u0131\u015f bir otomobil ihracat pilot birimidir. \u015eu anda stokta 50 adet ara\u00e7 bulunmaktad\u0131r ve 10 g\u00fcn i\u00e7inde sevkiyata haz\u0131rd\u0131r; teslimat h\u0131z\u0131 h\u0131zl\u0131d\u0131r. Ara\u00e7, t\u00fcm d\u00fcnyada \u00e7ok ra\u011fbet g\u00f6rmektedir.<\/p>","protected":false},"excerpt":{"rendered":"<p>2025 BYD TANG L DM, \u00c7in&#039;de &quot;Sealion 05 DM-i&quot; olarak da sat\u0131lan orta boy bir SUV&#039;dur (\u015farj edilebilir hibrit aile SUV&#039;u). \u00c7inli elektrikli otomobil ihracat\u00e7\u0131s\u0131 DUDU NEV (BYD&#039;nin resmi yetkili bayisi) taraf\u0131ndan sat\u0131lmaktad\u0131r. DUDU NEV, profesyonel ihracat yeterliliklerine, eksiksiz yetkinliklere ve uygun ihracat prosed\u00fcrlerine sahiptir ve Ula\u015ft\u0131rma Bakanl\u0131\u011f\u0131 taraf\u0131ndan onaylanm\u0131\u015f bir otomobil ihracat pilot birimidir. [\u2026]<\/p>","protected":false},"featured_media":15212,"comment_status":"open","ping_status":"closed","template":"","meta":{"_acf_changed":false},"product_brand":[],"product_cat":[20,22],"product_tag":[],"class_list":{"0":"post-15433","1":"product","2":"type-product","3":"status-publish","4":"has-post-thumbnail","6":"product_cat-new-car","7":"product_cat-byd","9":"first","10":"instock","11":"shipping-taxable","12":"purchasable","13":"product-type-simple"},"acf":[],"_links":{"self":[{"href":"https:\/\/www.cars-in-china.com\/tr\/wp-json\/wp\/v2\/product\/15433","targetHints":{"allow":["GET"]}}],"collection":[{"href":"https:\/\/www.cars-in-china.com\/tr\/wp-json\/wp\/v2\/product"}],"about":[{"href":"https:\/\/www.cars-in-china.com\/tr\/wp-json\/wp\/v2\/types\/product"}],"replies":[{"embeddable":true,"href":"https:\/\/www.cars-in-china.com\/tr\/wp-json\/wp\/v2\/comments?post=15433"}],"wp:featuredmedia":[{"embeddable":true,"href":"https:\/\/www.cars-in-china.com\/tr\/wp-json\/wp\/v2\/media\/15212"}],"wp:attachment":[{"href":"https:\/\/www.cars-in-china.com\/tr\/wp-json\/wp\/v2\/media?parent=15433"}],"wp:term":[{"taxonomy":"product_brand","embeddable":true,"href":"https:\/\/www.cars-in-china.com\/tr\/wp-json\/wp\/v2\/product_brand?post=15433"},{"taxonomy":"product_cat","embeddable":true,"href":"https:\/\/www.cars-in-china.com\/tr\/wp-json\/wp\/v2\/product_cat?post=15433"},{"taxonomy":"product_tag","embeddable":true,"href":"https:\/\/www.cars-in-china.com\/tr\/wp-json\/wp\/v2\/product_tag?post=15433"}],"curies":[{"name":"wp","href":"https:\/\/api.w.org\/{rel}","templated":true}]}}