{"id":15430,"date":"2026-04-03T13:29:45","date_gmt":"2026-04-03T05:29:45","guid":{"rendered":"https:\/\/www.cars-in-china.com\/?post_type=product&#038;p=15430"},"modified":"2026-04-03T13:56:52","modified_gmt":"2026-04-03T05:56:52","slug":"2025-byd-sea-lion-05-ev","status":"publish","type":"product","link":"https:\/\/www.cars-in-china.com\/tr\/2025-byd-sea-lion-05-ev\/","title":{"rendered":"2025 BYD SEA LION 05 EV"},"content":{"rendered":"<p>2025 BYD SEA LION 05 EV, \u00c7inli elektrikli otomobil ihracat\u00e7\u0131s\u0131 DUDU NEV (BYD&#039;nin resmi yetkili bayisi) taraf\u0131ndan sat\u0131lan orta boy bir SUV&#039;dur (\u015farj edilebilir hibrit aile SUV&#039;u, \u00c7in&#039;de &quot;Sealion 05 EV&quot; olarak da sat\u0131lmaktad\u0131r). DUDU NEV, profesyonel ihracat yeterliliklerine, eksiksiz yetkinliklere ve uygun ihracat prosed\u00fcrlerine sahip olup, Ticaret Bakanl\u0131\u011f\u0131 taraf\u0131ndan onaylanm\u0131\u015f bir otomobil ihracat pilot birimidir. \u015eu anda stokta 50 adet ara\u00e7 bulunmaktad\u0131r ve 10 g\u00fcn i\u00e7inde sevkiyata haz\u0131rd\u0131r; teslimat h\u0131z\u0131 h\u0131zl\u0131d\u0131r. Ara\u00e7, t\u00fcm d\u00fcnyada \u00e7ok ra\u011fbet g\u00f6rmektedir.<\/p>","protected":false},"excerpt":{"rendered":"<p>2025 BYD SEA LION 05 EV, \u00c7inli elektrikli otomobil ihracat\u00e7\u0131s\u0131 DUDU NEV (BYD&#039;nin resmi yetkili bayisi) taraf\u0131ndan sat\u0131lan orta boy bir SUV&#039;dur (\u015farj edilebilir hibrit aile SUV&#039;u, \u00c7in&#039;de &quot;Sealion 05 EV&quot; olarak da sat\u0131lmaktad\u0131r). DUDU NEV, profesyonel ihracat yeterliliklerine, eksiksiz yetkinliklere ve uygun ihracat prosed\u00fcrlerine sahiptir ve Ula\u015ft\u0131rma Bakanl\u0131\u011f\u0131 taraf\u0131ndan onaylanm\u0131\u015f bir otomobil ihracat pilot birimidir. [\u2026]<\/p>","protected":false},"featured_media":15287,"comment_status":"open","ping_status":"closed","template":"","meta":{"_acf_changed":false},"product_brand":[],"product_cat":[20,22],"product_tag":[],"class_list":{"0":"post-15430","1":"product","2":"type-product","3":"status-publish","4":"has-post-thumbnail","6":"product_cat-new-car","7":"product_cat-byd","9":"first","10":"instock","11":"shipping-taxable","12":"purchasable","13":"product-type-simple"},"acf":[],"_links":{"self":[{"href":"https:\/\/www.cars-in-china.com\/tr\/wp-json\/wp\/v2\/product\/15430","targetHints":{"allow":["GET"]}}],"collection":[{"href":"https:\/\/www.cars-in-china.com\/tr\/wp-json\/wp\/v2\/product"}],"about":[{"href":"https:\/\/www.cars-in-china.com\/tr\/wp-json\/wp\/v2\/types\/product"}],"replies":[{"embeddable":true,"href":"https:\/\/www.cars-in-china.com\/tr\/wp-json\/wp\/v2\/comments?post=15430"}],"wp:featuredmedia":[{"embeddable":true,"href":"https:\/\/www.cars-in-china.com\/tr\/wp-json\/wp\/v2\/media\/15287"}],"wp:attachment":[{"href":"https:\/\/www.cars-in-china.com\/tr\/wp-json\/wp\/v2\/media?parent=15430"}],"wp:term":[{"taxonomy":"product_brand","embeddable":true,"href":"https:\/\/www.cars-in-china.com\/tr\/wp-json\/wp\/v2\/product_brand?post=15430"},{"taxonomy":"product_cat","embeddable":true,"href":"https:\/\/www.cars-in-china.com\/tr\/wp-json\/wp\/v2\/product_cat?post=15430"},{"taxonomy":"product_tag","embeddable":true,"href":"https:\/\/www.cars-in-china.com\/tr\/wp-json\/wp\/v2\/product_tag?post=15430"}],"curies":[{"name":"wp","href":"https:\/\/api.w.org\/{rel}","templated":true}]}}