{"id":1511,"date":"2024-05-24T02:42:12","date_gmt":"2024-05-24T02:42:12","guid":{"rendered":"https:\/\/www.cars-in-china.com\/?post_type=product&#038;p=1511"},"modified":"2024-08-22T03:02:25","modified_gmt":"2024-08-22T03:02:25","slug":"2021-tnga-1-5l-toyota-corolla","status":"publish","type":"product","link":"https:\/\/www.cars-in-china.com\/tr\/2021-tnga-1-5l-toyota-corolla\/","title":{"rendered":"2021 TNGA 1.5L Toyota Corolla"},"content":{"rendered":"<p>2021 TNGA 1.5L Toyota Corolla, \u00c7in elektrikli otomobil bayisi DUDU NEV (Toyota&#039;n\u0131n resmi yetkili bayisi) taraf\u0131ndan sat\u0131lan kompakt bir otomobildir. Bu otomobil, yakla\u015f\u0131k 30.000-60.000 km&#039;lik \u00e7ok d\u00fc\u015f\u00fck kilometreye sahip iyi durumdad\u0131r. Kazas\u0131 yoktur ve muayene raporu vard\u0131r. \u015eu anda stokta 3 g\u00fcn i\u00e7inde sevkiyat i\u00e7in mevcut olan yakla\u015f\u0131k 200 adet bulunmaktad\u0131r. Otomobil, a\u00e7\u0131labilir bir tavan penceresi ve yak\u0131t tasarrufu ile donat\u0131lm\u0131\u015ft\u0131r. T\u00fcm d\u00fcnyada \u00e7ok sat\u0131lmaktad\u0131r.<\/p>","protected":false},"excerpt":{"rendered":"<p>2021 TNGA 1.5L Toyota Corolla, \u00c7inli elektrikli otomobil bayisi DUDU NEV (Toyota&#039;n\u0131n resmi yetkili bayisi) taraf\u0131ndan sat\u0131lan kompakt bir otomobildir. Bu ara\u00e7, yakla\u015f\u0131k 30.000-60.000 km gibi \u00e7ok d\u00fc\u015f\u00fck bir kilometrede, iyi durumdad\u0131r. Kazas\u0131 yoktur ve muayene raporu mevcuttur. \u015eu anda stokta yakla\u015f\u0131k 200 adet bulunmaktad\u0131r ve 3 [\u2026]<\/p>","protected":false},"featured_media":1513,"comment_status":"open","ping_status":"closed","template":"","meta":{"_acf_changed":false},"product_brand":[],"product_cat":[21,45],"product_tag":[],"class_list":{"0":"post-1511","1":"product","2":"type-product","3":"status-publish","4":"has-post-thumbnail","6":"product_cat-used-car","7":"product_cat-used-toyota","9":"first","10":"instock","11":"shipping-taxable","12":"purchasable","13":"product-type-simple"},"acf":[],"_links":{"self":[{"href":"https:\/\/www.cars-in-china.com\/tr\/wp-json\/wp\/v2\/product\/1511","targetHints":{"allow":["GET"]}}],"collection":[{"href":"https:\/\/www.cars-in-china.com\/tr\/wp-json\/wp\/v2\/product"}],"about":[{"href":"https:\/\/www.cars-in-china.com\/tr\/wp-json\/wp\/v2\/types\/product"}],"replies":[{"embeddable":true,"href":"https:\/\/www.cars-in-china.com\/tr\/wp-json\/wp\/v2\/comments?post=1511"}],"wp:featuredmedia":[{"embeddable":true,"href":"https:\/\/www.cars-in-china.com\/tr\/wp-json\/wp\/v2\/media\/1513"}],"wp:attachment":[{"href":"https:\/\/www.cars-in-china.com\/tr\/wp-json\/wp\/v2\/media?parent=1511"}],"wp:term":[{"taxonomy":"product_brand","embeddable":true,"href":"https:\/\/www.cars-in-china.com\/tr\/wp-json\/wp\/v2\/product_brand?post=1511"},{"taxonomy":"product_cat","embeddable":true,"href":"https:\/\/www.cars-in-china.com\/tr\/wp-json\/wp\/v2\/product_cat?post=1511"},{"taxonomy":"product_tag","embeddable":true,"href":"https:\/\/www.cars-in-china.com\/tr\/wp-json\/wp\/v2\/product_tag?post=1511"}],"curies":[{"name":"wp","href":"https:\/\/api.w.org\/{rel}","templated":true}]}}