{"id":14935,"date":"2026-03-26T15:24:51","date_gmt":"2026-03-26T07:24:51","guid":{"rendered":"https:\/\/www.cars-in-china.com\/?post_type=product&#038;p=14935"},"modified":"2026-03-26T15:42:45","modified_gmt":"2026-03-26T07:42:45","slug":"2025-byd-sea-lion-07-ev","status":"publish","type":"product","link":"https:\/\/www.cars-in-china.com\/tr\/2025-byd-sea-lion-07-ev\/","title":{"rendered":"2025 BYD SEA LION 07 EV"},"content":{"rendered":"<p>2025 BYD SEA LION 07 EV, \u00c7inli elektrikli otomobil ihracat\u00e7\u0131s\u0131 DUDU NEV (BYD&#039;nin resmi yetkili bayisi) taraf\u0131ndan sat\u0131lan bir SUV&#039;dur. DUDU NEV, profesyonel ihracat yeterliliklerine, eksiksiz yetkinliklere ve kolay ihracat prosed\u00fcrlerine sahip olup, Ticaret Bakanl\u0131\u011f\u0131 taraf\u0131ndan onaylanm\u0131\u015f bir otomobil ihracat pilot birimidir. \u015eu anda stokta 300 adet ara\u00e7 bulunmakta olup, 3 g\u00fcn i\u00e7inde sevkiyata haz\u0131rd\u0131r ve teslimat h\u0131z\u0131 h\u0131zl\u0131d\u0131r. Ara\u00e7, t\u00fcm d\u00fcnyada \u00e7ok ra\u011fbet g\u00f6rmektedir.<\/p>","protected":false},"excerpt":{"rendered":"<p>2025 BYD SEA LION 07 EV, \u00c7inli elektrikli otomobil ihracat\u00e7\u0131s\u0131 DUDU NEV (BYD&#039;nin resmi yetkili bayisi) taraf\u0131ndan sat\u0131lan bir SUV&#039;dur. DUDU NEV, profesyonel ihracat yeterliliklerine, eksiksiz yetkinliklere ve kolay ihracat prosed\u00fcrlerine sahip olup, Ticaret Bakanl\u0131\u011f\u0131 taraf\u0131ndan onaylanm\u0131\u015f bir otomobil ihracat pilot birimidir. \u015eu anda ara\u00e7tan yakla\u015f\u0131k 300 adet stokta bulunmaktad\u0131r [\u2026]<\/p>","protected":false},"featured_media":14715,"comment_status":"open","ping_status":"closed","template":"","meta":{"_acf_changed":false},"product_brand":[],"product_cat":[20,22,28],"product_tag":[],"class_list":{"0":"post-14935","1":"product","2":"type-product","3":"status-publish","4":"has-post-thumbnail","6":"product_cat-new-car","7":"product_cat-byd","8":"product_cat-toyota","10":"first","11":"instock","12":"shipping-taxable","13":"purchasable","14":"product-type-simple"},"acf":[],"_links":{"self":[{"href":"https:\/\/www.cars-in-china.com\/tr\/wp-json\/wp\/v2\/product\/14935","targetHints":{"allow":["GET"]}}],"collection":[{"href":"https:\/\/www.cars-in-china.com\/tr\/wp-json\/wp\/v2\/product"}],"about":[{"href":"https:\/\/www.cars-in-china.com\/tr\/wp-json\/wp\/v2\/types\/product"}],"replies":[{"embeddable":true,"href":"https:\/\/www.cars-in-china.com\/tr\/wp-json\/wp\/v2\/comments?post=14935"}],"wp:featuredmedia":[{"embeddable":true,"href":"https:\/\/www.cars-in-china.com\/tr\/wp-json\/wp\/v2\/media\/14715"}],"wp:attachment":[{"href":"https:\/\/www.cars-in-china.com\/tr\/wp-json\/wp\/v2\/media?parent=14935"}],"wp:term":[{"taxonomy":"product_brand","embeddable":true,"href":"https:\/\/www.cars-in-china.com\/tr\/wp-json\/wp\/v2\/product_brand?post=14935"},{"taxonomy":"product_cat","embeddable":true,"href":"https:\/\/www.cars-in-china.com\/tr\/wp-json\/wp\/v2\/product_cat?post=14935"},{"taxonomy":"product_tag","embeddable":true,"href":"https:\/\/www.cars-in-china.com\/tr\/wp-json\/wp\/v2\/product_tag?post=14935"}],"curies":[{"name":"wp","href":"https:\/\/api.w.org\/{rel}","templated":true}]}}