{"id":14460,"date":"2026-02-02T18:09:04","date_gmt":"2026-02-02T10:09:04","guid":{"rendered":"https:\/\/www.cars-in-china.com\/?post_type=product&#038;p=14460"},"modified":"2026-02-05T13:48:06","modified_gmt":"2026-02-05T05:48:06","slug":"2026-corolla-cross","status":"publish","type":"product","link":"https:\/\/www.cars-in-china.com\/tr\/2026-corolla-cross\/","title":{"rendered":"2026 Corolla Cross"},"content":{"rendered":"<p>2026 Corolla Cross, \u00c7inli elektrikli otomobil ihracat\u00e7\u0131s\u0131 DUDU NEV (TOYOTA&#039;n\u0131n resmi yetkili bayisi) taraf\u0131ndan sat\u0131lan bir SUV&#039;dur. DUDU NEV, profesyonel ihracat yeterliliklerine, eksiksiz yetkinliklere ve kolay ihracat prosed\u00fcrlerine sahip olup, Ticaret Bakanl\u0131\u011f\u0131 taraf\u0131ndan onaylanm\u0131\u015f bir otomobil ihracat pilot birimidir. \u015eu anda stokta 300 adet ara\u00e7 bulunmakta ve 3 g\u00fcn i\u00e7inde sevkiyata haz\u0131r durumdad\u0131r; teslimat h\u0131z\u0131 h\u0131zl\u0131d\u0131r. Ara\u00e7, t\u00fcm d\u00fcnyada \u00e7ok ra\u011fbet g\u00f6rmektedir.<\/p>","protected":false},"excerpt":{"rendered":"<p>2026 Corolla Cross, \u00c7inli elektrikli otomobil ihracat\u00e7\u0131s\u0131 DUDU NEV (TOYOTA&#039;n\u0131n resmi yetkili bayisi) taraf\u0131ndan sat\u0131lan bir SUV&#039;dur. DUDU NEV, profesyonel ihracat yeterliliklerine, eksiksiz yetkinliklere ve kolay ihracat prosed\u00fcrlerine sahip olup, Ticaret Bakanl\u0131\u011f\u0131 taraf\u0131ndan onaylanm\u0131\u015f bir otomobil ihracat pilot birimidir. \u015eu anda sevkiyata haz\u0131r 300 adet ara\u00e7 stokta bulunmaktad\u0131r [\u2026]<\/p>","protected":false},"featured_media":14388,"comment_status":"open","ping_status":"closed","template":"","meta":{"_acf_changed":false},"product_brand":[],"product_cat":[20,28],"product_tag":[],"class_list":{"0":"post-14460","1":"product","2":"type-product","3":"status-publish","4":"has-post-thumbnail","6":"product_cat-new-car","7":"product_cat-toyota","9":"first","10":"instock","11":"shipping-taxable","12":"purchasable","13":"product-type-simple"},"acf":[],"_links":{"self":[{"href":"https:\/\/www.cars-in-china.com\/tr\/wp-json\/wp\/v2\/product\/14460","targetHints":{"allow":["GET"]}}],"collection":[{"href":"https:\/\/www.cars-in-china.com\/tr\/wp-json\/wp\/v2\/product"}],"about":[{"href":"https:\/\/www.cars-in-china.com\/tr\/wp-json\/wp\/v2\/types\/product"}],"replies":[{"embeddable":true,"href":"https:\/\/www.cars-in-china.com\/tr\/wp-json\/wp\/v2\/comments?post=14460"}],"wp:featuredmedia":[{"embeddable":true,"href":"https:\/\/www.cars-in-china.com\/tr\/wp-json\/wp\/v2\/media\/14388"}],"wp:attachment":[{"href":"https:\/\/www.cars-in-china.com\/tr\/wp-json\/wp\/v2\/media?parent=14460"}],"wp:term":[{"taxonomy":"product_brand","embeddable":true,"href":"https:\/\/www.cars-in-china.com\/tr\/wp-json\/wp\/v2\/product_brand?post=14460"},{"taxonomy":"product_cat","embeddable":true,"href":"https:\/\/www.cars-in-china.com\/tr\/wp-json\/wp\/v2\/product_cat?post=14460"},{"taxonomy":"product_tag","embeddable":true,"href":"https:\/\/www.cars-in-china.com\/tr\/wp-json\/wp\/v2\/product_tag?post=14460"}],"curies":[{"name":"wp","href":"https:\/\/api.w.org\/{rel}","templated":true}]}}