{"id":1420,"date":"2024-05-22T07:20:27","date_gmt":"2024-05-22T07:20:27","guid":{"rendered":"https:\/\/www.cars-in-china.com\/?post_type=product&#038;p=1420"},"modified":"2024-08-13T06:02:32","modified_gmt":"2024-08-13T06:02:32","slug":"2019-nissan-sylphy","status":"publish","type":"product","link":"https:\/\/www.cars-in-china.com\/tr\/2019-nissan-sylphy\/","title":{"rendered":"2019 Nissan Sylphy"},"content":{"rendered":"<p>2019 Nissan Sylphy, \u00c7in elektrikli otomobil ihracat\u00e7\u0131s\u0131 DUDU NEV (Nissan&#039;\u0131n resmi yetkili sat\u0131c\u0131s\u0131) taraf\u0131ndan sat\u0131lan kompakt bir otomobildir. Ayr\u0131ca &quot;Bluebird&quot; olarak da bilinir. Arabalar iyi durumdad\u0131r ve yakla\u015f\u0131k 30.000-100.000 km&#039;lik \u00e7ok d\u00fc\u015f\u00fck kilometreye sahiptir. Kazas\u0131 yoktur ve muayene raporu vard\u0131r. \u015eu anda stokta 300 adet bulunmaktad\u0131r ve 3 g\u00fcn i\u00e7inde sevkiyata haz\u0131rd\u0131r. Araba, a\u00e7\u0131labilir elektrikli tavan penceresi ve yak\u0131t tasarrufu ile donat\u0131lm\u0131\u015ft\u0131r. T\u00fcm d\u00fcnyada \u00e7ok sat\u0131lmaktad\u0131r.<\/p>","protected":false},"excerpt":{"rendered":"<p>2019 Nissan Sylphy, \u00c7inli elektrikli otomobil ihracat\u00e7\u0131s\u0131 DUDU NEV (Nissan&#039;\u0131n resmi yetkili sat\u0131c\u0131s\u0131) taraf\u0131ndan sat\u0131lan kompakt bir otomobildir. &quot;Mavi Ku\u015f&quot; olarak da bilinir. Ara\u00e7 iyi durumdad\u0131r ve kilometresi 30.000-100.000 km civar\u0131ndad\u0131r. Kazas\u0131 yoktur ve ekspertiz raporu mevcuttur. \u015eu anda stokta yakla\u015f\u0131k 300 adet bulunmaktad\u0131r [\u2026]<\/p>","protected":false},"featured_media":1358,"comment_status":"open","ping_status":"closed","template":"","meta":{"_acf_changed":false},"product_brand":[],"product_cat":[21,48],"product_tag":[],"class_list":{"0":"post-1420","1":"product","2":"type-product","3":"status-publish","4":"has-post-thumbnail","6":"product_cat-used-car","7":"product_cat-used-nissan","9":"first","10":"instock","11":"shipping-taxable","12":"purchasable","13":"product-type-simple"},"acf":[],"_links":{"self":[{"href":"https:\/\/www.cars-in-china.com\/tr\/wp-json\/wp\/v2\/product\/1420","targetHints":{"allow":["GET"]}}],"collection":[{"href":"https:\/\/www.cars-in-china.com\/tr\/wp-json\/wp\/v2\/product"}],"about":[{"href":"https:\/\/www.cars-in-china.com\/tr\/wp-json\/wp\/v2\/types\/product"}],"replies":[{"embeddable":true,"href":"https:\/\/www.cars-in-china.com\/tr\/wp-json\/wp\/v2\/comments?post=1420"}],"wp:featuredmedia":[{"embeddable":true,"href":"https:\/\/www.cars-in-china.com\/tr\/wp-json\/wp\/v2\/media\/1358"}],"wp:attachment":[{"href":"https:\/\/www.cars-in-china.com\/tr\/wp-json\/wp\/v2\/media?parent=1420"}],"wp:term":[{"taxonomy":"product_brand","embeddable":true,"href":"https:\/\/www.cars-in-china.com\/tr\/wp-json\/wp\/v2\/product_brand?post=1420"},{"taxonomy":"product_cat","embeddable":true,"href":"https:\/\/www.cars-in-china.com\/tr\/wp-json\/wp\/v2\/product_cat?post=1420"},{"taxonomy":"product_tag","embeddable":true,"href":"https:\/\/www.cars-in-china.com\/tr\/wp-json\/wp\/v2\/product_tag?post=1420"}],"curies":[{"name":"wp","href":"https:\/\/api.w.org\/{rel}","templated":true}]}}