{"id":13951,"date":"2026-01-09T17:56:45","date_gmt":"2026-01-09T09:56:45","guid":{"rendered":"https:\/\/www.cars-in-china.com\/?post_type=product&#038;p=13951"},"modified":"2026-01-09T17:56:48","modified_gmt":"2026-01-09T09:56:48","slug":"2026-rox-01-international-version","status":"publish","type":"product","link":"https:\/\/www.cars-in-china.com\/tr\/2026-rox-01-international-version\/","title":{"rendered":"2026 ROX 01 Uluslararas\u0131 Versiyon"},"content":{"rendered":"<p>2026 ROX 01 Uluslararas\u0131 Versiyon, \u00c7inli elektrikli otomobil ihracat\u00e7\u0131s\u0131 DUDU NEV (ROX&#039;un resmi yetkili bayisi) taraf\u0131ndan sat\u0131lan b\u00fcy\u00fck bir SUV&#039;dur. DUDU NEV, profesyonel ihracat yeterliliklerine, eksiksiz yetkinliklere ve kolay ihracat prosed\u00fcrlerine sahip olup, Ticaret Bakanl\u0131\u011f\u0131 taraf\u0131ndan onaylanm\u0131\u015f bir otomobil ihracat pilot birimidir. \u015eu anda stokta 300 adet ara\u00e7 bulunmakta olup, 3 g\u00fcn i\u00e7inde sevkiyata haz\u0131rd\u0131r ve teslimat h\u0131z\u0131 h\u0131zl\u0131d\u0131r. Ara\u00e7, t\u00fcm d\u00fcnyada \u00e7ok ra\u011fbet g\u00f6rmektedir.<\/p>","protected":false},"excerpt":{"rendered":"<p>&nbsp;<\/p>\n<p>&nbsp;<\/p>\n<p>&nbsp;<\/p>\n<p>&nbsp;<\/p>","protected":false},"featured_media":13940,"comment_status":"closed","ping_status":"closed","template":"","meta":{"_acf_changed":false},"product_brand":[],"product_cat":[20,90],"product_tag":[],"class_list":{"0":"post-13951","1":"product","2":"type-product","3":"status-publish","4":"has-post-thumbnail","6":"product_cat-new-car","7":"product_cat-rox","9":"first","10":"instock","11":"shipping-taxable","12":"purchasable","13":"product-type-simple"},"acf":[],"_links":{"self":[{"href":"https:\/\/www.cars-in-china.com\/tr\/wp-json\/wp\/v2\/product\/13951","targetHints":{"allow":["GET"]}}],"collection":[{"href":"https:\/\/www.cars-in-china.com\/tr\/wp-json\/wp\/v2\/product"}],"about":[{"href":"https:\/\/www.cars-in-china.com\/tr\/wp-json\/wp\/v2\/types\/product"}],"replies":[{"embeddable":true,"href":"https:\/\/www.cars-in-china.com\/tr\/wp-json\/wp\/v2\/comments?post=13951"}],"wp:featuredmedia":[{"embeddable":true,"href":"https:\/\/www.cars-in-china.com\/tr\/wp-json\/wp\/v2\/media\/13940"}],"wp:attachment":[{"href":"https:\/\/www.cars-in-china.com\/tr\/wp-json\/wp\/v2\/media?parent=13951"}],"wp:term":[{"taxonomy":"product_brand","embeddable":true,"href":"https:\/\/www.cars-in-china.com\/tr\/wp-json\/wp\/v2\/product_brand?post=13951"},{"taxonomy":"product_cat","embeddable":true,"href":"https:\/\/www.cars-in-china.com\/tr\/wp-json\/wp\/v2\/product_cat?post=13951"},{"taxonomy":"product_tag","embeddable":true,"href":"https:\/\/www.cars-in-china.com\/tr\/wp-json\/wp\/v2\/product_tag?post=13951"}],"curies":[{"name":"wp","href":"https:\/\/api.w.org\/{rel}","templated":true}]}}