{"id":13265,"date":"2025-09-12T14:59:58","date_gmt":"2025-09-12T06:59:58","guid":{"rendered":"https:\/\/www.cars-in-china.com\/?post_type=product&#038;p=13265"},"modified":"2025-09-16T16:49:21","modified_gmt":"2025-09-16T08:49:21","slug":"2026-jetour-dashing","status":"publish","type":"product","link":"https:\/\/www.cars-in-china.com\/tr\/2026-jetour-dashing\/","title":{"rendered":"2026 Jetour Dashing"},"content":{"rendered":"<p>2026 Jetour Dashing, \u00c7inli elektrikli otomobil ihracat\u00e7\u0131s\u0131 DUDU NEV (BYD&#039;nin resmi yetkili sat\u0131c\u0131s\u0131) taraf\u0131ndan sat\u0131lan orta boy bir sedand\u0131r. DUDU NEV, profesyonel ihracat yeterliliklerine, eksiksiz yeterliliklere ve kolay ihracat prosed\u00fcrlerine sahip olup, Ticaret Bakanl\u0131\u011f\u0131 taraf\u0131ndan onaylanm\u0131\u015f bir otomobil ihracat pilot birimidir. \u015eu anda stokta yakla\u015f\u0131k 300 adet ara\u00e7 bulunmaktad\u0131r ve 3 g\u00fcn i\u00e7inde sevkiyata haz\u0131rd\u0131r ve teslimat h\u0131z\u0131 y\u00fcksektir. Ara\u00e7 t\u00fcm d\u00fcnyada b\u00fcy\u00fck ilgi g\u00f6rmektedir.<\/p>","protected":false},"excerpt":{"rendered":"<p>&nbsp;<\/p>\n<p>&nbsp;<\/p>\n<p>&nbsp;<\/p>\n<p>&nbsp;<\/p>","protected":false},"featured_media":13178,"comment_status":"closed","ping_status":"closed","template":"","meta":{"_acf_changed":false},"product_brand":[],"product_cat":[20,80],"product_tag":[],"class_list":{"0":"post-13265","1":"product","2":"type-product","3":"status-publish","4":"has-post-thumbnail","6":"product_cat-new-car","7":"product_cat-chery","9":"first","10":"instock","11":"shipping-taxable","12":"purchasable","13":"product-type-simple"},"acf":[],"_links":{"self":[{"href":"https:\/\/www.cars-in-china.com\/tr\/wp-json\/wp\/v2\/product\/13265","targetHints":{"allow":["GET"]}}],"collection":[{"href":"https:\/\/www.cars-in-china.com\/tr\/wp-json\/wp\/v2\/product"}],"about":[{"href":"https:\/\/www.cars-in-china.com\/tr\/wp-json\/wp\/v2\/types\/product"}],"replies":[{"embeddable":true,"href":"https:\/\/www.cars-in-china.com\/tr\/wp-json\/wp\/v2\/comments?post=13265"}],"wp:featuredmedia":[{"embeddable":true,"href":"https:\/\/www.cars-in-china.com\/tr\/wp-json\/wp\/v2\/media\/13178"}],"wp:attachment":[{"href":"https:\/\/www.cars-in-china.com\/tr\/wp-json\/wp\/v2\/media?parent=13265"}],"wp:term":[{"taxonomy":"product_brand","embeddable":true,"href":"https:\/\/www.cars-in-china.com\/tr\/wp-json\/wp\/v2\/product_brand?post=13265"},{"taxonomy":"product_cat","embeddable":true,"href":"https:\/\/www.cars-in-china.com\/tr\/wp-json\/wp\/v2\/product_cat?post=13265"},{"taxonomy":"product_tag","embeddable":true,"href":"https:\/\/www.cars-in-china.com\/tr\/wp-json\/wp\/v2\/product_tag?post=13265"}],"curies":[{"name":"wp","href":"https:\/\/api.w.org\/{rel}","templated":true}]}}