{"id":12609,"date":"2025-04-08T15:36:28","date_gmt":"2025-04-08T07:36:28","guid":{"rendered":"https:\/\/www.cars-in-china.com\/?post_type=product&#038;p=12609"},"modified":"2025-04-08T15:38:10","modified_gmt":"2025-04-08T07:38:10","slug":"2025-geely-binyue","status":"publish","type":"product","link":"https:\/\/www.cars-in-china.com\/tr\/2025-geely-binyue\/","title":{"rendered":"2025 Geely Binyue"},"content":{"rendered":"<p>2025 Geely Binyue, \u00c7in elektrikli otomobil ihracat\u00e7\u0131s\u0131 DUDU NEV (Geely&#039;nin resmi yetkili sat\u0131c\u0131s\u0131) taraf\u0131ndan sat\u0131lan bir SUV&#039;dir. DUDU NEV, profesyonel ihracat yeterliliklerine, eksiksiz yeterliliklere ve uygun ihracat prosed\u00fcrlerine sahiptir ve Ticaret Bakanl\u0131\u011f\u0131 taraf\u0131ndan onaylanm\u0131\u015f bir otomobil ihracat pilot birimidir. \u015eu anda stokta 300 adet ara\u00e7 bulunmaktad\u0131r ve 3 g\u00fcnde sevkiyat i\u00e7in mevcuttur ve teslimat h\u0131z\u0131 h\u0131zl\u0131d\u0131r. Ara\u00e7 t\u00fcm d\u00fcnyada s\u0131cak sat\u0131\u015ftad\u0131r.<\/p>","protected":false},"excerpt":{"rendered":"<p>&nbsp;<\/p>\n<p>&nbsp;<\/p>\n<p>&nbsp;<\/p>\n<p>&nbsp;<\/p>","protected":false},"featured_media":11380,"comment_status":"closed","ping_status":"closed","template":"","meta":{"_acf_changed":false},"product_brand":[],"product_cat":[20,24],"product_tag":[],"class_list":{"0":"post-12609","1":"product","2":"type-product","3":"status-publish","4":"has-post-thumbnail","6":"product_cat-new-car","7":"product_cat-geely","9":"first","10":"instock","11":"shipping-taxable","12":"purchasable","13":"product-type-simple"},"acf":[],"_links":{"self":[{"href":"https:\/\/www.cars-in-china.com\/tr\/wp-json\/wp\/v2\/product\/12609","targetHints":{"allow":["GET"]}}],"collection":[{"href":"https:\/\/www.cars-in-china.com\/tr\/wp-json\/wp\/v2\/product"}],"about":[{"href":"https:\/\/www.cars-in-china.com\/tr\/wp-json\/wp\/v2\/types\/product"}],"replies":[{"embeddable":true,"href":"https:\/\/www.cars-in-china.com\/tr\/wp-json\/wp\/v2\/comments?post=12609"}],"wp:featuredmedia":[{"embeddable":true,"href":"https:\/\/www.cars-in-china.com\/tr\/wp-json\/wp\/v2\/media\/11380"}],"wp:attachment":[{"href":"https:\/\/www.cars-in-china.com\/tr\/wp-json\/wp\/v2\/media?parent=12609"}],"wp:term":[{"taxonomy":"product_brand","embeddable":true,"href":"https:\/\/www.cars-in-china.com\/tr\/wp-json\/wp\/v2\/product_brand?post=12609"},{"taxonomy":"product_cat","embeddable":true,"href":"https:\/\/www.cars-in-china.com\/tr\/wp-json\/wp\/v2\/product_cat?post=12609"},{"taxonomy":"product_tag","embeddable":true,"href":"https:\/\/www.cars-in-china.com\/tr\/wp-json\/wp\/v2\/product_tag?post=12609"}],"curies":[{"name":"wp","href":"https:\/\/api.w.org\/{rel}","templated":true}]}}