{"id":12501,"date":"2025-04-07T15:45:24","date_gmt":"2025-04-07T07:45:24","guid":{"rendered":"https:\/\/www.cars-in-china.com\/?post_type=product&#038;p=12501"},"modified":"2025-04-14T11:26:54","modified_gmt":"2025-04-14T03:26:54","slug":"2025-byd-seal-06-dm-i","status":"publish","type":"product","link":"https:\/\/www.cars-in-china.com\/tr\/2025-byd-seal-06-dm-i\/","title":{"rendered":"2025 BYD m\u00fchr\u00fc 06 DM-i"},"content":{"rendered":"<p>2025 BYD seal 06 DM-i, \u00c7in elektrikli otomobil ihracat\u00e7\u0131s\u0131 DUDU NEV (BYD&#039;nin resmi yetkili sat\u0131c\u0131s\u0131) taraf\u0131ndan sat\u0131lan bir sedand\u0131r. DUDU NEV, profesyonel ihracat yeterliliklerine, tam yeterliliklere ve uygun ihracat prosed\u00fcrlerine sahiptir ve Ticaret Bakanl\u0131\u011f\u0131 taraf\u0131ndan onaylanm\u0131\u015f bir otomobil ihracat pilot birimidir. \u015eu anda stokta 300 adet ara\u00e7 bulunmaktad\u0131r ve 3 g\u00fcnde sevkiyat i\u00e7in mevcuttur ve teslimat h\u0131z\u0131 h\u0131zl\u0131d\u0131r. Ara\u00e7 t\u00fcm d\u00fcnyada s\u0131cak sat\u0131\u015ftad\u0131r.<\/p>","protected":false},"excerpt":{"rendered":"<p>&nbsp;<\/p>\n<p>&nbsp;<\/p>\n<p>&nbsp;<\/p>\n<p>&nbsp;<\/p>","protected":false},"featured_media":11859,"comment_status":"closed","ping_status":"closed","template":"","meta":{"_acf_changed":false},"product_brand":[],"product_cat":[20,22],"product_tag":[],"class_list":{"0":"post-12501","1":"product","2":"type-product","3":"status-publish","4":"has-post-thumbnail","6":"product_cat-new-car","7":"product_cat-byd","9":"first","10":"instock","11":"shipping-taxable","12":"purchasable","13":"product-type-simple"},"acf":[],"_links":{"self":[{"href":"https:\/\/www.cars-in-china.com\/tr\/wp-json\/wp\/v2\/product\/12501","targetHints":{"allow":["GET"]}}],"collection":[{"href":"https:\/\/www.cars-in-china.com\/tr\/wp-json\/wp\/v2\/product"}],"about":[{"href":"https:\/\/www.cars-in-china.com\/tr\/wp-json\/wp\/v2\/types\/product"}],"replies":[{"embeddable":true,"href":"https:\/\/www.cars-in-china.com\/tr\/wp-json\/wp\/v2\/comments?post=12501"}],"wp:featuredmedia":[{"embeddable":true,"href":"https:\/\/www.cars-in-china.com\/tr\/wp-json\/wp\/v2\/media\/11859"}],"wp:attachment":[{"href":"https:\/\/www.cars-in-china.com\/tr\/wp-json\/wp\/v2\/media?parent=12501"}],"wp:term":[{"taxonomy":"product_brand","embeddable":true,"href":"https:\/\/www.cars-in-china.com\/tr\/wp-json\/wp\/v2\/product_brand?post=12501"},{"taxonomy":"product_cat","embeddable":true,"href":"https:\/\/www.cars-in-china.com\/tr\/wp-json\/wp\/v2\/product_cat?post=12501"},{"taxonomy":"product_tag","embeddable":true,"href":"https:\/\/www.cars-in-china.com\/tr\/wp-json\/wp\/v2\/product_tag?post=12501"}],"curies":[{"name":"wp","href":"https:\/\/api.w.org\/{rel}","templated":true}]}}