{"id":84,"date":"2024-05-01T01:26:55","date_gmt":"2024-05-01T01:26:55","guid":{"rendered":"https:\/\/www.cars-in-china.com\/?page_id=84"},"modified":"2024-09-20T02:45:54","modified_gmt":"2024-09-20T02:45:54","slug":"about-us","status":"publish","type":"page","link":"https:\/\/www.cars-in-china.com\/tr\/about-us\/","title":{"rendered":"Hakk\u0131m\u0131zda"},"content":{"rendered":"","protected":false},"excerpt":{"rendered":"<p>DUDU NEV, \u00f6nde gelen bir \u00c7in elektrikli otomobil ihracat\u00e7\u0131s\u0131 ve \u00c7in Ticaret Bakanl\u0131\u011f\u0131&#039;ndan elektrikli ara\u00e7 ihracat yeterliliklerini alan ilk y\u00fcksek kaliteli i\u015fletmelerden biridir. DUDU NEV, BMW, Mercedes-Benz, Geely ve BYD gibi 20&#039;den fazla elektrikli ara\u00e7 \u00fcreticisiyle yurtd\u0131\u015f\u0131 geni\u015fleme ortakl\u0131klar\u0131 kurmu\u015f ve k\u00fcresel m\u00fc\u015fterilere s\u00fcrekli olarak en y\u00fcksek kalitede \u00c7in elektrikli ara\u00e7 sat\u0131n alma \u00e7\u00f6z\u00fcmleri ve hizmetleri sa\u011flam\u0131\u015ft\u0131r.<\/p>","protected":false},"author":1,"featured_media":0,"parent":0,"menu_order":0,"comment_status":"closed","ping_status":"closed","template":"","meta":{"_acf_changed":false,"footnotes":""},"class_list":["post-84","page","type-page","status-publish","hentry"],"acf":[],"_links":{"self":[{"href":"https:\/\/www.cars-in-china.com\/tr\/wp-json\/wp\/v2\/pages\/84","targetHints":{"allow":["GET"]}}],"collection":[{"href":"https:\/\/www.cars-in-china.com\/tr\/wp-json\/wp\/v2\/pages"}],"about":[{"href":"https:\/\/www.cars-in-china.com\/tr\/wp-json\/wp\/v2\/types\/page"}],"author":[{"embeddable":true,"href":"https:\/\/www.cars-in-china.com\/tr\/wp-json\/wp\/v2\/users\/1"}],"replies":[{"embeddable":true,"href":"https:\/\/www.cars-in-china.com\/tr\/wp-json\/wp\/v2\/comments?post=84"}],"version-history":[{"count":100,"href":"https:\/\/www.cars-in-china.com\/tr\/wp-json\/wp\/v2\/pages\/84\/revisions"}],"predecessor-version":[{"id":8873,"href":"https:\/\/www.cars-in-china.com\/tr\/wp-json\/wp\/v2\/pages\/84\/revisions\/8873"}],"wp:attachment":[{"href":"https:\/\/www.cars-in-china.com\/tr\/wp-json\/wp\/v2\/media?parent=84"}],"curies":[{"name":"wp","href":"https:\/\/api.w.org\/{rel}","templated":true}]}}