{"id":7427,"date":"2024-08-06T01:50:30","date_gmt":"2024-08-06T01:50:30","guid":{"rendered":"https:\/\/www.cars-in-china.com\/?post_type=product&#038;p=7427"},"modified":"2024-08-07T09:08:43","modified_gmt":"2024-08-07T09:08:43","slug":"2022-mg4-ev","status":"publish","type":"product","link":"https:\/\/www.cars-in-china.com\/pt\/2022-mg4-ev\/","title":{"rendered":"MG4 EV 2022"},"content":{"rendered":"<p>O MG4 EV 2022 \u00e9 um sed\u00e3 vendido pela exportadora chinesa de carros el\u00e9tricos DUDU NEV (revendedora oficial autorizada da MG). A DUDU NEV possui qualifica\u00e7\u00f5es profissionais de exporta\u00e7\u00e3o, qualifica\u00e7\u00f5es completas e procedimentos de exporta\u00e7\u00e3o convenientes, al\u00e9m de ser uma unidade piloto de exporta\u00e7\u00e3o de autom\u00f3veis aprovada pelo Minist\u00e9rio do Com\u00e9rcio. O carro est\u00e1 em boas condi\u00e7\u00f5es, com quilometragem muito baixa, cerca de 20.000 a 80.000 km. N\u00e3o \u00e9 acidentado e tem um relat\u00f3rio de inspe\u00e7\u00e3o. Agora, h\u00e1 100 unidades do carro em estoque, dispon\u00edveis para envio em 3 dias, e a velocidade de entrega \u00e9 r\u00e1pida. O carro \u00e9 um sucesso de vendas em todo o mundo.<\/p>","protected":false},"excerpt":{"rendered":"<p>O MG4 EV 2022 \u00e9 um sedan vendido pela exportadora chinesa de carros el\u00e9tricos DUDU NEV (concession\u00e1ria autorizada da MG). A DUDU NEV possui qualifica\u00e7\u00f5es profissionais para exporta\u00e7\u00e3o, incluindo documenta\u00e7\u00e3o completa e procedimentos simplificados, sendo uma unidade piloto de exporta\u00e7\u00e3o de autom\u00f3veis aprovada pelo Minist\u00e9rio do Com\u00e9rcio. Os carros est\u00e3o em bom estado, com baixa quilometragem, entre 20.000 e 80.000 km. N\u00e3o possuem hist\u00f3rico de acidentes e est\u00e3o em excelente estado de conserva\u00e7\u00e3o.<\/p>","protected":false},"featured_media":6754,"comment_status":"open","ping_status":"closed","template":"","meta":{"_acf_changed":false},"product_brand":[],"product_cat":[21,73],"product_tag":[],"class_list":{"0":"post-7427","1":"product","2":"type-product","3":"status-publish","4":"has-post-thumbnail","6":"product_cat-used-car","7":"product_cat-used-mg","9":"first","10":"instock","11":"shipping-taxable","12":"purchasable","13":"product-type-simple"},"acf":[],"_links":{"self":[{"href":"https:\/\/www.cars-in-china.com\/pt\/wp-json\/wp\/v2\/product\/7427","targetHints":{"allow":["GET"]}}],"collection":[{"href":"https:\/\/www.cars-in-china.com\/pt\/wp-json\/wp\/v2\/product"}],"about":[{"href":"https:\/\/www.cars-in-china.com\/pt\/wp-json\/wp\/v2\/types\/product"}],"replies":[{"embeddable":true,"href":"https:\/\/www.cars-in-china.com\/pt\/wp-json\/wp\/v2\/comments?post=7427"}],"wp:featuredmedia":[{"embeddable":true,"href":"https:\/\/www.cars-in-china.com\/pt\/wp-json\/wp\/v2\/media\/6754"}],"wp:attachment":[{"href":"https:\/\/www.cars-in-china.com\/pt\/wp-json\/wp\/v2\/media?parent=7427"}],"wp:term":[{"taxonomy":"product_brand","embeddable":true,"href":"https:\/\/www.cars-in-china.com\/pt\/wp-json\/wp\/v2\/product_brand?post=7427"},{"taxonomy":"product_cat","embeddable":true,"href":"https:\/\/www.cars-in-china.com\/pt\/wp-json\/wp\/v2\/product_cat?post=7427"},{"taxonomy":"product_tag","embeddable":true,"href":"https:\/\/www.cars-in-china.com\/pt\/wp-json\/wp\/v2\/product_tag?post=7427"}],"curies":[{"name":"wp","href":"https:\/\/api.w.org\/{rel}","templated":true}]}}