{"id":7319,"date":"2024-08-01T07:59:17","date_gmt":"2024-08-01T07:59:17","guid":{"rendered":"https:\/\/www.cars-in-china.com\/?post_type=product&#038;p=7319"},"modified":"2024-08-07T09:10:40","modified_gmt":"2024-08-07T09:10:40","slug":"2022-tesla-model-3","status":"publish","type":"product","link":"https:\/\/www.cars-in-china.com\/pt\/2022-tesla-model-3\/","title":{"rendered":"Tesla MODELO 3 2022"},"content":{"rendered":"<p>O Tesla MODEL 3 2022 \u00e9 um SUV vendido pela exportadora chinesa de carros el\u00e9tricos DUDU NEV (revendedora oficial autorizada da Tesla). A DUDU NEV possui qualifica\u00e7\u00f5es profissionais de exporta\u00e7\u00e3o, qualifica\u00e7\u00f5es completas e procedimentos de exporta\u00e7\u00e3o convenientes, al\u00e9m de ser uma unidade piloto de exporta\u00e7\u00e3o de autom\u00f3veis aprovada pelo Minist\u00e9rio do Com\u00e9rcio. O carro est\u00e1 em boas condi\u00e7\u00f5es, com quilometragem muito baixa, cerca de 20.000 a 100.000 km. N\u00e3o \u00e9 acidentado e tem um relat\u00f3rio de inspe\u00e7\u00e3o. Agora, h\u00e1 100 unidades do carro em estoque, dispon\u00edveis para envio em 3 dias. \u00c9 uma venda quente em todo o mundo.<\/p>","protected":false},"excerpt":{"rendered":"<p>O Tesla Model 3 2022 \u00e9 um SUV vendido pela exportadora chinesa de carros el\u00e9tricos DUDU NEV (concession\u00e1ria autorizada da Tesla). A DUDU NEV possui qualifica\u00e7\u00f5es profissionais para exporta\u00e7\u00e3o, incluindo documenta\u00e7\u00e3o completa e procedimentos simplificados, sendo uma unidade piloto de exporta\u00e7\u00e3o de autom\u00f3veis aprovada pelo Minist\u00e9rio do Com\u00e9rcio. Os carros est\u00e3o em bom estado, com baixa quilometragem, entre 20.000 e 100.000 km.<\/p>","protected":false},"featured_media":7022,"comment_status":"open","ping_status":"closed","template":"","meta":{"_acf_changed":false},"product_brand":[],"product_cat":[21,75],"product_tag":[],"class_list":{"0":"post-7319","1":"product","2":"type-product","3":"status-publish","4":"has-post-thumbnail","6":"product_cat-used-car","7":"product_cat-used-tesla","9":"first","10":"instock","11":"shipping-taxable","12":"purchasable","13":"product-type-simple"},"acf":[],"_links":{"self":[{"href":"https:\/\/www.cars-in-china.com\/pt\/wp-json\/wp\/v2\/product\/7319","targetHints":{"allow":["GET"]}}],"collection":[{"href":"https:\/\/www.cars-in-china.com\/pt\/wp-json\/wp\/v2\/product"}],"about":[{"href":"https:\/\/www.cars-in-china.com\/pt\/wp-json\/wp\/v2\/types\/product"}],"replies":[{"embeddable":true,"href":"https:\/\/www.cars-in-china.com\/pt\/wp-json\/wp\/v2\/comments?post=7319"}],"wp:featuredmedia":[{"embeddable":true,"href":"https:\/\/www.cars-in-china.com\/pt\/wp-json\/wp\/v2\/media\/7022"}],"wp:attachment":[{"href":"https:\/\/www.cars-in-china.com\/pt\/wp-json\/wp\/v2\/media?parent=7319"}],"wp:term":[{"taxonomy":"product_brand","embeddable":true,"href":"https:\/\/www.cars-in-china.com\/pt\/wp-json\/wp\/v2\/product_brand?post=7319"},{"taxonomy":"product_cat","embeddable":true,"href":"https:\/\/www.cars-in-china.com\/pt\/wp-json\/wp\/v2\/product_cat?post=7319"},{"taxonomy":"product_tag","embeddable":true,"href":"https:\/\/www.cars-in-china.com\/pt\/wp-json\/wp\/v2\/product_tag?post=7319"}],"curies":[{"name":"wp","href":"https:\/\/api.w.org\/{rel}","templated":true}]}}