{"id":7317,"date":"2024-08-01T07:00:47","date_gmt":"2024-08-01T07:00:47","guid":{"rendered":"https:\/\/www.cars-in-china.com\/?post_type=product&#038;p=7317"},"modified":"2024-08-07T09:11:32","modified_gmt":"2024-08-07T09:11:32","slug":"2022-tesla-model-y","status":"publish","type":"product","link":"https:\/\/www.cars-in-china.com\/pt\/2022-tesla-model-y\/","title":{"rendered":"Tesla MODELO Y 2022"},"content":{"rendered":"<p>O Tesla MODEL Y 2022 \u00e9 um SUV vendido pela exportadora chinesa de carros el\u00e9tricos DUDU NEV (revendedora oficial autorizada da Tesla). A DUDU NEV possui qualifica\u00e7\u00f5es profissionais de exporta\u00e7\u00e3o, qualifica\u00e7\u00f5es completas e procedimentos de exporta\u00e7\u00e3o convenientes, al\u00e9m de ser uma unidade piloto de exporta\u00e7\u00e3o de autom\u00f3veis aprovada pelo Minist\u00e9rio do Com\u00e9rcio. O carro est\u00e1 em boas condi\u00e7\u00f5es, com quilometragem muito baixa, cerca de 20.000 a 100.000 km. N\u00e3o \u00e9 acidentado e tem um relat\u00f3rio de inspe\u00e7\u00e3o. Agora, h\u00e1 100 unidades do carro em estoque, dispon\u00edveis para envio em 3 dias. \u00c9 uma venda quente em todo o mundo.<\/p>","protected":false},"excerpt":{"rendered":"<p>O Tesla MODEL Y 2022 \u00e9 um SUV vendido pela exportadora chinesa de carros el\u00e9tricos DUDU NEV (revendedora oficial autorizada da Tesla). A DUDU NEV possui qualifica\u00e7\u00f5es profissionais de exporta\u00e7\u00e3o, qualifica\u00e7\u00f5es completas e procedimentos de exporta\u00e7\u00e3o convenientes, sendo uma unidade piloto de exporta\u00e7\u00e3o de autom\u00f3veis aprovada pelo Minist\u00e9rio do Com\u00e9rcio. O carro est\u00e1 em boas condi\u00e7\u00f5es, com quilometragem muito baixa, cerca de 20.000 a 100.000 km. N\u00e3o \u00e9 sujeito a acidentes [\u2026]<\/p>","protected":false},"featured_media":7001,"comment_status":"open","ping_status":"closed","template":"","meta":{"_acf_changed":false},"product_brand":[],"product_cat":[21,75],"product_tag":[],"class_list":{"0":"post-7317","1":"product","2":"type-product","3":"status-publish","4":"has-post-thumbnail","6":"product_cat-used-car","7":"product_cat-used-tesla","9":"first","10":"instock","11":"shipping-taxable","12":"purchasable","13":"product-type-simple"},"acf":[],"_links":{"self":[{"href":"https:\/\/www.cars-in-china.com\/pt\/wp-json\/wp\/v2\/product\/7317","targetHints":{"allow":["GET"]}}],"collection":[{"href":"https:\/\/www.cars-in-china.com\/pt\/wp-json\/wp\/v2\/product"}],"about":[{"href":"https:\/\/www.cars-in-china.com\/pt\/wp-json\/wp\/v2\/types\/product"}],"replies":[{"embeddable":true,"href":"https:\/\/www.cars-in-china.com\/pt\/wp-json\/wp\/v2\/comments?post=7317"}],"wp:featuredmedia":[{"embeddable":true,"href":"https:\/\/www.cars-in-china.com\/pt\/wp-json\/wp\/v2\/media\/7001"}],"wp:attachment":[{"href":"https:\/\/www.cars-in-china.com\/pt\/wp-json\/wp\/v2\/media?parent=7317"}],"wp:term":[{"taxonomy":"product_brand","embeddable":true,"href":"https:\/\/www.cars-in-china.com\/pt\/wp-json\/wp\/v2\/product_brand?post=7317"},{"taxonomy":"product_cat","embeddable":true,"href":"https:\/\/www.cars-in-china.com\/pt\/wp-json\/wp\/v2\/product_cat?post=7317"},{"taxonomy":"product_tag","embeddable":true,"href":"https:\/\/www.cars-in-china.com\/pt\/wp-json\/wp\/v2\/product_tag?post=7317"}],"curies":[{"name":"wp","href":"https:\/\/api.w.org\/{rel}","templated":true}]}}