{"id":6841,"date":"2024-07-31T07:18:40","date_gmt":"2024-07-31T07:18:40","guid":{"rendered":"https:\/\/www.cars-in-china.com\/?post_type=product&#038;p=6841"},"modified":"2024-09-10T08:58:27","modified_gmt":"2024-09-10T08:58:27","slug":"2022-avatr-11","status":"publish","type":"product","link":"https:\/\/www.cars-in-china.com\/pt\/2022-avatr-11\/","title":{"rendered":"AVATR 11 2022"},"content":{"rendered":"<p>O AVATR 11 2022 \u00e9 um SUV vendido pela exportadora chinesa de carros el\u00e9tricos DUDU NEV (revendedora oficial autorizada da AVATR). O carro est\u00e1 em boas condi\u00e7\u00f5es, com quilometragem muito baixa, cerca de 60.000 a 100.000 km. N\u00e3o \u00e9 acidentado e tem um relat\u00f3rio de inspe\u00e7\u00e3o. Agora, h\u00e1 100 unidades em estoque do carro dispon\u00edveis para envio em 3 dias. O carro \u00e9 equipado com uma imagem panor\u00e2mica de 360 graus. \u00c9 um produto muito vendido em todo o mundo.<\/p>","protected":false},"excerpt":{"rendered":"<p>O AVATR 11 2022 \u00e9 um SUV vendido pela exportadora chinesa de carros el\u00e9tricos DUDU NEV (concession\u00e1ria oficial autorizada da AVATR). O carro est\u00e1 em boas condi\u00e7\u00f5es, com quilometragem muito baixa, cerca de 60.000 a 100.000 km. N\u00e3o \u00e9 acidentado e tem um relat\u00f3rio de inspe\u00e7\u00e3o. Atualmente, h\u00e1 100 unidades do carro em estoque, dispon\u00edveis para envio em 3 dias. O carro est\u00e1 equipado [\u2026]<\/p>","protected":false},"featured_media":2217,"comment_status":"open","ping_status":"closed","template":"","meta":{"_acf_changed":false},"product_brand":[],"product_cat":[58,21],"product_tag":[],"class_list":{"0":"post-6841","1":"product","2":"type-product","3":"status-publish","4":"has-post-thumbnail","6":"product_cat-used-avatr","7":"product_cat-used-car","9":"first","10":"instock","11":"shipping-taxable","12":"purchasable","13":"product-type-simple"},"acf":[],"_links":{"self":[{"href":"https:\/\/www.cars-in-china.com\/pt\/wp-json\/wp\/v2\/product\/6841","targetHints":{"allow":["GET"]}}],"collection":[{"href":"https:\/\/www.cars-in-china.com\/pt\/wp-json\/wp\/v2\/product"}],"about":[{"href":"https:\/\/www.cars-in-china.com\/pt\/wp-json\/wp\/v2\/types\/product"}],"replies":[{"embeddable":true,"href":"https:\/\/www.cars-in-china.com\/pt\/wp-json\/wp\/v2\/comments?post=6841"}],"wp:featuredmedia":[{"embeddable":true,"href":"https:\/\/www.cars-in-china.com\/pt\/wp-json\/wp\/v2\/media\/2217"}],"wp:attachment":[{"href":"https:\/\/www.cars-in-china.com\/pt\/wp-json\/wp\/v2\/media?parent=6841"}],"wp:term":[{"taxonomy":"product_brand","embeddable":true,"href":"https:\/\/www.cars-in-china.com\/pt\/wp-json\/wp\/v2\/product_brand?post=6841"},{"taxonomy":"product_cat","embeddable":true,"href":"https:\/\/www.cars-in-china.com\/pt\/wp-json\/wp\/v2\/product_cat?post=6841"},{"taxonomy":"product_tag","embeddable":true,"href":"https:\/\/www.cars-in-china.com\/pt\/wp-json\/wp\/v2\/product_tag?post=6841"}],"curies":[{"name":"wp","href":"https:\/\/api.w.org\/{rel}","templated":true}]}}