{"id":6150,"date":"2024-07-19T05:43:12","date_gmt":"2024-07-19T05:43:12","guid":{"rendered":"https:\/\/www.cars-in-china.com\/?post_type=product&#038;p=6150"},"modified":"2024-09-03T06:19:07","modified_gmt":"2024-09-03T06:19:07","slug":"2024-toyota-levin","status":"publish","type":"product","link":"https:\/\/www.cars-in-china.com\/pt\/2024-toyota-levin\/","title":{"rendered":"TOYOTA LEVIN 2024"},"content":{"rendered":"<p>O TOYOTA LEVIN 2024 \u00e9 um SUV vendido pela exportadora chinesa de carros el\u00e9tricos DUDU NEV (revendedora oficial autorizada da TOYOTA). A DUDU NEV possui qualifica\u00e7\u00f5es profissionais de exporta\u00e7\u00e3o, qualifica\u00e7\u00f5es completas e procedimentos de exporta\u00e7\u00e3o convenientes, al\u00e9m de ser uma unidade piloto de exporta\u00e7\u00e3o de autom\u00f3veis aprovada pelo Minist\u00e9rio do Com\u00e9rcio. Atualmente, h\u00e1 30 unidades do carro em estoque dispon\u00edveis para envio em 3 dias e a velocidade de entrega \u00e9 r\u00e1pida. O carro \u00e9 um sucesso de vendas em todo o mundo.<\/p>","protected":false},"excerpt":{"rendered":"<p>O Toyota Levin 2024 \u00e9 um SUV vendido pela exportadora chinesa de carros el\u00e9tricos DUDU NEV (concession\u00e1ria autorizada da Toyota). A DUDU NEV possui qualifica\u00e7\u00f5es profissionais para exporta\u00e7\u00e3o, incluindo documenta\u00e7\u00e3o completa e procedimentos simplificados, sendo uma unidade piloto de exporta\u00e7\u00e3o de autom\u00f3veis aprovada pelo Minist\u00e9rio do Com\u00e9rcio. Atualmente, h\u00e1 cerca de 30 unidades em estoque, dispon\u00edveis para envio em 3 dias, com prazo de entrega de [\u2026]<\/p>","protected":false},"featured_media":4974,"comment_status":"open","ping_status":"closed","template":"","meta":{"_acf_changed":false},"product_brand":[],"product_cat":[20,28],"product_tag":[],"class_list":{"0":"post-6150","1":"product","2":"type-product","3":"status-publish","4":"has-post-thumbnail","6":"product_cat-new-car","7":"product_cat-toyota","9":"first","10":"instock","11":"shipping-taxable","12":"purchasable","13":"product-type-simple"},"acf":[],"_links":{"self":[{"href":"https:\/\/www.cars-in-china.com\/pt\/wp-json\/wp\/v2\/product\/6150","targetHints":{"allow":["GET"]}}],"collection":[{"href":"https:\/\/www.cars-in-china.com\/pt\/wp-json\/wp\/v2\/product"}],"about":[{"href":"https:\/\/www.cars-in-china.com\/pt\/wp-json\/wp\/v2\/types\/product"}],"replies":[{"embeddable":true,"href":"https:\/\/www.cars-in-china.com\/pt\/wp-json\/wp\/v2\/comments?post=6150"}],"wp:featuredmedia":[{"embeddable":true,"href":"https:\/\/www.cars-in-china.com\/pt\/wp-json\/wp\/v2\/media\/4974"}],"wp:attachment":[{"href":"https:\/\/www.cars-in-china.com\/pt\/wp-json\/wp\/v2\/media?parent=6150"}],"wp:term":[{"taxonomy":"product_brand","embeddable":true,"href":"https:\/\/www.cars-in-china.com\/pt\/wp-json\/wp\/v2\/product_brand?post=6150"},{"taxonomy":"product_cat","embeddable":true,"href":"https:\/\/www.cars-in-china.com\/pt\/wp-json\/wp\/v2\/product_cat?post=6150"},{"taxonomy":"product_tag","embeddable":true,"href":"https:\/\/www.cars-in-china.com\/pt\/wp-json\/wp\/v2\/product_tag?post=6150"}],"curies":[{"name":"wp","href":"https:\/\/api.w.org\/{rel}","templated":true}]}}