{"id":4766,"date":"2024-07-05T05:55:16","date_gmt":"2024-07-05T05:55:16","guid":{"rendered":"https:\/\/www.cars-in-china.com\/?post_type=product&#038;p=4766"},"modified":"2024-09-06T09:29:36","modified_gmt":"2024-09-06T09:29:36","slug":"2023-hyundai-elantra","status":"publish","type":"product","link":"https:\/\/www.cars-in-china.com\/pt\/2023-hyundai-elantra\/","title":{"rendered":"Hyundai Elantra 2023"},"content":{"rendered":"<p>O Hyundai Elantra 2023 \u00e9 um carro de n\u00edvel m\u00e9dio vendido pela exportadora chinesa de carros el\u00e9tricos DUDU NEV (revendedora oficial autorizada da Hongqi). A DUDU NEV tem qualifica\u00e7\u00f5es profissionais de exporta\u00e7\u00e3o, qualifica\u00e7\u00f5es completas e procedimentos de exporta\u00e7\u00e3o convenientes e \u00e9 uma unidade piloto de exporta\u00e7\u00e3o de autom\u00f3veis aprovada pelo Minist\u00e9rio do Com\u00e9rcio. Atualmente, h\u00e1 300 unidades do carro em estoque dispon\u00edveis para envio em 3 dias e a velocidade de entrega \u00e9 r\u00e1pida. O carro \u00e9 um sucesso de vendas em todo o mundo.<\/p>","protected":false},"excerpt":{"rendered":"<p>O Hyundai Elantra 2023 \u00e9 um carro de n\u00edvel m\u00e9dio vendido pela exportadora chinesa de carros el\u00e9tricos DUDU NEV (concession\u00e1ria oficial autorizada da Hongqi). A DUDU NEV tem qualifica\u00e7\u00f5es profissionais de exporta\u00e7\u00e3o, qualifica\u00e7\u00f5es completas e procedimentos de exporta\u00e7\u00e3o convenientes e \u00e9 uma unidade piloto de exporta\u00e7\u00e3o de autom\u00f3veis aprovada pelo Minist\u00e9rio do Com\u00e9rcio. Atualmente, h\u00e1 300 unidades do carro em estoque dispon\u00edveis para envio em 3 [\u2026]<\/p>","protected":false},"featured_media":4106,"comment_status":"open","ping_status":"closed","template":"","meta":{"_acf_changed":false},"product_brand":[],"product_cat":[20,40],"product_tag":[],"class_list":{"0":"post-4766","1":"product","2":"type-product","3":"status-publish","4":"has-post-thumbnail","6":"product_cat-new-car","7":"product_cat-hyundai","9":"first","10":"instock","11":"shipping-taxable","12":"purchasable","13":"product-type-simple"},"acf":[],"_links":{"self":[{"href":"https:\/\/www.cars-in-china.com\/pt\/wp-json\/wp\/v2\/product\/4766","targetHints":{"allow":["GET"]}}],"collection":[{"href":"https:\/\/www.cars-in-china.com\/pt\/wp-json\/wp\/v2\/product"}],"about":[{"href":"https:\/\/www.cars-in-china.com\/pt\/wp-json\/wp\/v2\/types\/product"}],"replies":[{"embeddable":true,"href":"https:\/\/www.cars-in-china.com\/pt\/wp-json\/wp\/v2\/comments?post=4766"}],"wp:featuredmedia":[{"embeddable":true,"href":"https:\/\/www.cars-in-china.com\/pt\/wp-json\/wp\/v2\/media\/4106"}],"wp:attachment":[{"href":"https:\/\/www.cars-in-china.com\/pt\/wp-json\/wp\/v2\/media?parent=4766"}],"wp:term":[{"taxonomy":"product_brand","embeddable":true,"href":"https:\/\/www.cars-in-china.com\/pt\/wp-json\/wp\/v2\/product_brand?post=4766"},{"taxonomy":"product_cat","embeddable":true,"href":"https:\/\/www.cars-in-china.com\/pt\/wp-json\/wp\/v2\/product_cat?post=4766"},{"taxonomy":"product_tag","embeddable":true,"href":"https:\/\/www.cars-in-china.com\/pt\/wp-json\/wp\/v2\/product_tag?post=4766"}],"curies":[{"name":"wp","href":"https:\/\/api.w.org\/{rel}","templated":true}]}}