{"id":2879,"date":"2024-06-18T10:00:50","date_gmt":"2024-06-18T10:00:50","guid":{"rendered":"https:\/\/www.cars-in-china.com\/?post_type=product&#038;p=2879"},"modified":"2024-08-14T05:50:31","modified_gmt":"2024-08-14T05:50:31","slug":"2021-id-6x-pure","status":"publish","type":"product","link":"https:\/\/www.cars-in-china.com\/pt\/2021-id-6x-pure\/","title":{"rendered":"2021 ID.6X PURO+"},"content":{"rendered":"<p>2021 ID.6X PURE+ \u00e9 um SUV vendido pela exportadora de carros el\u00e9tricos da China DUDU NEV (revendedora autorizada oficial da Volkswagen). O carro est\u00e1 em boas condi\u00e7\u00f5es com quilometragem muito baixa, cerca de 30.000-100.000 km. N\u00e3o \u00e9 acidente e tem um relat\u00f3rio de inspe\u00e7\u00e3o. Agora h\u00e1 400 unidades em estoque sobre o carro dispon\u00edvel para envio em 3 dias. O carro \u00e9 equipado com imagens de r\u00e9. \u00c9 uma venda quente em todo o mundo.<\/p>","protected":false},"excerpt":{"rendered":"<p>O ID.6X PURE+ 2021 \u00e9 um SUV vendido pela exportadora chinesa de carros el\u00e9tricos DUDU NEV (concession\u00e1ria autorizada da Volkswagen). Os carros est\u00e3o em bom estado, com baixa quilometragem, entre 30.000 e 100.000 km. N\u00e3o sofreram acidentes e possuem laudo de inspe\u00e7\u00e3o. H\u00e1 cerca de 400 unidades em estoque, dispon\u00edveis para envio em 3 dias. O carro possui c\u00e2mera de r\u00e9. [\u2026]<\/p>","protected":false},"featured_media":2739,"comment_status":"open","ping_status":"closed","template":"","meta":{"_acf_changed":false},"product_brand":[],"product_cat":[21,44],"product_tag":[],"class_list":{"0":"post-2879","1":"product","2":"type-product","3":"status-publish","4":"has-post-thumbnail","6":"product_cat-used-car","7":"product_cat-used-volkswagen","9":"first","10":"instock","11":"shipping-taxable","12":"purchasable","13":"product-type-simple"},"acf":[],"_links":{"self":[{"href":"https:\/\/www.cars-in-china.com\/pt\/wp-json\/wp\/v2\/product\/2879","targetHints":{"allow":["GET"]}}],"collection":[{"href":"https:\/\/www.cars-in-china.com\/pt\/wp-json\/wp\/v2\/product"}],"about":[{"href":"https:\/\/www.cars-in-china.com\/pt\/wp-json\/wp\/v2\/types\/product"}],"replies":[{"embeddable":true,"href":"https:\/\/www.cars-in-china.com\/pt\/wp-json\/wp\/v2\/comments?post=2879"}],"wp:featuredmedia":[{"embeddable":true,"href":"https:\/\/www.cars-in-china.com\/pt\/wp-json\/wp\/v2\/media\/2739"}],"wp:attachment":[{"href":"https:\/\/www.cars-in-china.com\/pt\/wp-json\/wp\/v2\/media?parent=2879"}],"wp:term":[{"taxonomy":"product_brand","embeddable":true,"href":"https:\/\/www.cars-in-china.com\/pt\/wp-json\/wp\/v2\/product_brand?post=2879"},{"taxonomy":"product_cat","embeddable":true,"href":"https:\/\/www.cars-in-china.com\/pt\/wp-json\/wp\/v2\/product_cat?post=2879"},{"taxonomy":"product_tag","embeddable":true,"href":"https:\/\/www.cars-in-china.com\/pt\/wp-json\/wp\/v2\/product_tag?post=2879"}],"curies":[{"name":"wp","href":"https:\/\/api.w.org\/{rel}","templated":true}]}}