{"id":2611,"date":"2024-06-17T10:00:17","date_gmt":"2024-06-17T10:00:17","guid":{"rendered":"https:\/\/www.cars-in-china.com\/?post_type=product&#038;p=2611"},"modified":"2024-08-19T10:07:30","modified_gmt":"2024-08-19T10:07:30","slug":"2021-id-4x-pure","status":"publish","type":"product","link":"https:\/\/www.cars-in-china.com\/pt\/2021-id-4x-pure\/","title":{"rendered":"2021 ID.4X PURO+"},"content":{"rendered":"<p>2021 ID.4 X PURE+ \u00e9 um SUV vendido pela exportadora de carros el\u00e9tricos da China DUDU NEV (revendedora autorizada oficial da Volkswagen). O carro est\u00e1 em boas condi\u00e7\u00f5es com quilometragem muito baixa, cerca de 20.000-80.000 km. N\u00e3o \u00e9 acidente e tem um relat\u00f3rio de inspe\u00e7\u00e3o. Agora h\u00e1 400 unidades em estoque sobre o carro dispon\u00edvel para envio em 3 dias. O carro est\u00e1 equipado com uma imagem Astern. \u00c9 uma venda quente em todo o mundo.<\/p>","protected":false},"excerpt":{"rendered":"<p>O ID.4 X PURE+ 2021 \u00e9 um SUV vendido pela exportadora chinesa de carros el\u00e9tricos DUDU NEV (concession\u00e1ria oficial autorizada da Volkswagen). O carro est\u00e1 em boas condi\u00e7\u00f5es, com baix\u00edssima quilometragem, cerca de 20.000 a 80.000 km. N\u00e3o sofreu acidentes e possui laudo de inspe\u00e7\u00e3o. Atualmente, h\u00e1 400 unidades em estoque, dispon\u00edveis para envio em 3 dias. O carro est\u00e1 equipado com [\u2026]<\/p>","protected":false},"featured_media":2571,"comment_status":"open","ping_status":"closed","template":"","meta":{"_acf_changed":false},"product_brand":[],"product_cat":[21,44],"product_tag":[],"class_list":{"0":"post-2611","1":"product","2":"type-product","3":"status-publish","4":"has-post-thumbnail","6":"product_cat-used-car","7":"product_cat-used-volkswagen","9":"first","10":"instock","11":"shipping-taxable","12":"purchasable","13":"product-type-simple"},"acf":[],"_links":{"self":[{"href":"https:\/\/www.cars-in-china.com\/pt\/wp-json\/wp\/v2\/product\/2611","targetHints":{"allow":["GET"]}}],"collection":[{"href":"https:\/\/www.cars-in-china.com\/pt\/wp-json\/wp\/v2\/product"}],"about":[{"href":"https:\/\/www.cars-in-china.com\/pt\/wp-json\/wp\/v2\/types\/product"}],"replies":[{"embeddable":true,"href":"https:\/\/www.cars-in-china.com\/pt\/wp-json\/wp\/v2\/comments?post=2611"}],"wp:featuredmedia":[{"embeddable":true,"href":"https:\/\/www.cars-in-china.com\/pt\/wp-json\/wp\/v2\/media\/2571"}],"wp:attachment":[{"href":"https:\/\/www.cars-in-china.com\/pt\/wp-json\/wp\/v2\/media?parent=2611"}],"wp:term":[{"taxonomy":"product_brand","embeddable":true,"href":"https:\/\/www.cars-in-china.com\/pt\/wp-json\/wp\/v2\/product_brand?post=2611"},{"taxonomy":"product_cat","embeddable":true,"href":"https:\/\/www.cars-in-china.com\/pt\/wp-json\/wp\/v2\/product_cat?post=2611"},{"taxonomy":"product_tag","embeddable":true,"href":"https:\/\/www.cars-in-china.com\/pt\/wp-json\/wp\/v2\/product_tag?post=2611"}],"curies":[{"name":"wp","href":"https:\/\/api.w.org\/{rel}","templated":true}]}}