{"id":2117,"date":"2024-06-12T09:20:05","date_gmt":"2024-06-12T09:20:05","guid":{"rendered":"https:\/\/www.cars-in-china.com\/?post_type=product&#038;p=2117"},"modified":"2024-09-10T09:10:40","modified_gmt":"2024-09-10T09:10:40","slug":"2023-baic-eu5-plus","status":"publish","type":"product","link":"https:\/\/www.cars-in-china.com\/pt\/2023-baic-eu5-plus\/","title":{"rendered":"2023 Baic EU5 Plus"},"content":{"rendered":"<p>O BAIC EU5 PLUS 2023 \u00e9 um sed\u00e3 vendido pela exportadora chinesa de carros el\u00e9tricos DUDU NEV (revendedora oficial autorizada da BAIC). O carro est\u00e1 em boas condi\u00e7\u00f5es, com quilometragem muito baixa, cerca de 80.000-200.000 km. N\u00e3o \u00e9 acidentado e tem um relat\u00f3rio de inspe\u00e7\u00e3o. O carro \u00e9 equipado com uma imagem panor\u00e2mica de 360 graus. Agora, h\u00e1 100 unidades do carro em estoque, dispon\u00edveis para envio em 3 dias. \u00c9 uma venda quente em todo o mundo.<\/p>","protected":false},"excerpt":{"rendered":"<p>O BAIC EU5 PLUS 2023 \u00e9 um sed\u00e3 vendido pela exportadora chinesa de carros el\u00e9tricos DUDU NEV (concession\u00e1ria oficial autorizada da BAIC). O carro est\u00e1 em boas condi\u00e7\u00f5es, com quilometragem muito baixa, cerca de 80.000 a 200.000 km. N\u00e3o \u00e9 um acidente e tem um relat\u00f3rio de inspe\u00e7\u00e3o. O carro \u00e9 equipado com uma imagem panor\u00e2mica de 360 graus. Atualmente, h\u00e1 100 unidades do carro em estoque dispon\u00edveis para envio [\u2026]<\/p>","protected":false},"featured_media":2090,"comment_status":"open","ping_status":"closed","template":"","meta":{"_acf_changed":false},"product_brand":[],"product_cat":[21,59],"product_tag":[],"class_list":{"0":"post-2117","1":"product","2":"type-product","3":"status-publish","4":"has-post-thumbnail","6":"product_cat-used-car","7":"product_cat-used-baic","9":"first","10":"instock","11":"shipping-taxable","12":"purchasable","13":"product-type-simple"},"acf":[],"_links":{"self":[{"href":"https:\/\/www.cars-in-china.com\/pt\/wp-json\/wp\/v2\/product\/2117","targetHints":{"allow":["GET"]}}],"collection":[{"href":"https:\/\/www.cars-in-china.com\/pt\/wp-json\/wp\/v2\/product"}],"about":[{"href":"https:\/\/www.cars-in-china.com\/pt\/wp-json\/wp\/v2\/types\/product"}],"replies":[{"embeddable":true,"href":"https:\/\/www.cars-in-china.com\/pt\/wp-json\/wp\/v2\/comments?post=2117"}],"wp:featuredmedia":[{"embeddable":true,"href":"https:\/\/www.cars-in-china.com\/pt\/wp-json\/wp\/v2\/media\/2090"}],"wp:attachment":[{"href":"https:\/\/www.cars-in-china.com\/pt\/wp-json\/wp\/v2\/media?parent=2117"}],"wp:term":[{"taxonomy":"product_brand","embeddable":true,"href":"https:\/\/www.cars-in-china.com\/pt\/wp-json\/wp\/v2\/product_brand?post=2117"},{"taxonomy":"product_cat","embeddable":true,"href":"https:\/\/www.cars-in-china.com\/pt\/wp-json\/wp\/v2\/product_cat?post=2117"},{"taxonomy":"product_tag","embeddable":true,"href":"https:\/\/www.cars-in-china.com\/pt\/wp-json\/wp\/v2\/product_tag?post=2117"}],"curies":[{"name":"wp","href":"https:\/\/api.w.org\/{rel}","templated":true}]}}