{"id":2036,"date":"2024-06-12T06:55:21","date_gmt":"2024-06-12T06:55:21","guid":{"rendered":"https:\/\/www.cars-in-china.com\/?post_type=product&#038;p=2036"},"modified":"2025-02-05T14:14:37","modified_gmt":"2025-02-05T06:14:37","slug":"2021-chang-an-eado-ev460","status":"publish","type":"product","link":"https:\/\/www.cars-in-china.com\/pt\/2021-chang-an-eado-ev460\/","title":{"rendered":"2021 Chang An Eado EV460"},"content":{"rendered":"<p>2021 Chang An Eado EV460 \u00e9 um sedan vendido pela exportadora de carros el\u00e9tricos da China DUDU NEV (revendedora autorizada oficial de Changan). O carro est\u00e1 em boas condi\u00e7\u00f5es com quilometragem muito baixa, cerca de 60.000-100.000 km. N\u00e3o \u00e9 acidente e tem um relat\u00f3rio de inspe\u00e7\u00e3o. Agora h\u00e1 400 unidades em estoque sobre o carro dispon\u00edvel para envio em 3 dias. O carro \u00e9 equipado com um teto solar el\u00e9trico que pode ser aberto. \u00c9 uma venda quente em todo o mundo.<\/p>\n<p>&nbsp;<\/p>","protected":false},"excerpt":{"rendered":"<p>O Chang An Eado EV460 2021 \u00e9 um sed\u00e3 vendido pela exportadora chinesa de carros el\u00e9tricos DUDU NEV (concession\u00e1ria oficial autorizada de Changan). O carro est\u00e1 em boas condi\u00e7\u00f5es, com baix\u00edssima quilometragem, cerca de 60.000 a 100.000 km. N\u00e3o sofreu acidentes e possui laudo de inspe\u00e7\u00e3o. Atualmente, h\u00e1 400 unidades em estoque, dispon\u00edveis para envio em 3 dias. [\u2026]<\/p>","protected":false},"featured_media":9104,"comment_status":"closed","ping_status":"closed","template":"","meta":{"_acf_changed":false},"product_brand":[],"product_cat":[21,47],"product_tag":[],"class_list":{"0":"post-2036","1":"product","2":"type-product","3":"status-publish","4":"has-post-thumbnail","6":"product_cat-used-car","7":"product_cat-used-changan","9":"first","10":"instock","11":"shipping-taxable","12":"purchasable","13":"product-type-simple"},"acf":[],"_links":{"self":[{"href":"https:\/\/www.cars-in-china.com\/pt\/wp-json\/wp\/v2\/product\/2036","targetHints":{"allow":["GET"]}}],"collection":[{"href":"https:\/\/www.cars-in-china.com\/pt\/wp-json\/wp\/v2\/product"}],"about":[{"href":"https:\/\/www.cars-in-china.com\/pt\/wp-json\/wp\/v2\/types\/product"}],"replies":[{"embeddable":true,"href":"https:\/\/www.cars-in-china.com\/pt\/wp-json\/wp\/v2\/comments?post=2036"}],"wp:featuredmedia":[{"embeddable":true,"href":"https:\/\/www.cars-in-china.com\/pt\/wp-json\/wp\/v2\/media\/9104"}],"wp:attachment":[{"href":"https:\/\/www.cars-in-china.com\/pt\/wp-json\/wp\/v2\/media?parent=2036"}],"wp:term":[{"taxonomy":"product_brand","embeddable":true,"href":"https:\/\/www.cars-in-china.com\/pt\/wp-json\/wp\/v2\/product_brand?post=2036"},{"taxonomy":"product_cat","embeddable":true,"href":"https:\/\/www.cars-in-china.com\/pt\/wp-json\/wp\/v2\/product_cat?post=2036"},{"taxonomy":"product_tag","embeddable":true,"href":"https:\/\/www.cars-in-china.com\/pt\/wp-json\/wp\/v2\/product_tag?post=2036"}],"curies":[{"name":"wp","href":"https:\/\/api.w.org\/{rel}","templated":true}]}}